{"id":452,"date":"2025-01-20T21:20:42","date_gmt":"2025-01-20T21:20:42","guid":{"rendered":"https:\/\/slipest.ee\/?post_type=product&#038;p=452"},"modified":"2025-01-29T14:45:00","modified_gmt":"2025-01-29T14:45:00","slug":"silopalli-kile-silotite-750-x-1500-valge","status":"publish","type":"product","link":"https:\/\/slipest.ee\/fi\/tuote\/silopalli-kile-silotite-750-x-1500-valge\/","title":{"rendered":"K\u00e4\u00e4rit\u00e4kalvo SILOTITE Original"},"content":{"rendered":"","protected":false},"excerpt":{"rendered":"<p><strong>Silikotiinin valmistuksessa <\/strong><br \/>\n<strong>k\u00e4ytt\u00e4en uusinta puristuspuhallustekniikkaa, <\/strong><br \/>\n<strong>joka takaa poikkeuksellisen lujuuden, kest\u00e4vyyden ja elastisuuden, <\/strong><br \/>\n<strong>UV-stabiilisuus ja tarttuvuus. <\/strong><\/p>\n<p>Soveltuu k\u00e4ytett\u00e4v\u00e4ksi kaikentyyppisiss\u00e4 uuneissa ja yhdistelm\u00e4puristimissa,<br \/>\nsek\u00e4 nykyaikaisissa monimutkaisissa ja nopeissa koneissa.<br \/>\nKest\u00e4v\u00e4 luotettavuus ja h\u00e4iri\u00f6t\u00f6n toiminta.<br \/>\nKorkea pisto- ja repeytymiskest\u00e4vyys: hyv\u00e4 kest\u00e4vyys pitkitt\u00e4isvoimia vastaan.<br \/>\nrehukasvit.<br \/>\nLiian tehokas happisulku.<br \/>\nKorkea lujuus ja elastisuus takaavat, ett\u00e4 pakkaamisen j\u00e4lkeen siilopakkaukset ovat<br \/>\npysy\u00e4 kunnossa.<br \/>\nValmistetaan erilaisina UV-versioina sen varmistamiseksi, ett\u00e4 varastoitaessa<br \/>\nkest\u00e4v\u00e4 suoja siilopakkauksille kaikissa s\u00e4\u00e4olosuhteissa.<br \/>\nRuotsin tutkimuslaitos SP Technical on testannut ja sertifioinut.<br \/>\nRuotsin tutkimuslaitos: SP-todistus nro 14 23 01.<br \/>\nT\u00e4ysin kierr\u00e4tett\u00e4viss\u00e4.<\/p>\n<p><a href=\"https:\/\/slipest.ee\/wp-content\/uploads\/2025\/01\/5135_Silotite3rdA4_EE.pdf\">Lataa SILOTITE-esitys:_Silotite3rdA4_EE<\/a><\/p>\n<p>&nbsp;<\/p>","protected":false},"featured_media":468,"comment_status":"closed","ping_status":"closed","template":"","meta":[],"product_brand":[],"product_cat":[24],"product_tag":[],"class_list":{"0":"post-452","1":"product","2":"type-product","3":"status-publish","4":"has-post-thumbnail","6":"product_cat-silopalli-kile","8":"first","9":"instock","10":"shipping-taxable","11":"product-type-simple"},"acf":[],"yoast_head":"<!-- This site is optimized with the Yoast SEO plugin v27.3 - https:\/\/yoast.com\/product\/yoast-seo-wordpress\/ -->\n<title>Silopalli kile SILOTITE Original - Slipest O\u00dc<\/title>\n<meta name=\"robots\" content=\"index, follow, max-snippet:-1, max-image-preview:large, max-video-preview:-1\" \/>\n<link rel=\"canonical\" href=\"https:\/\/slipest.ee\/fi\/tuote\/silopalli-kile-silotite-750-x-1500-valge\/\" \/>\n<meta property=\"og:locale\" content=\"fi_FI\" \/>\n<meta property=\"og:type\" content=\"article\" \/>\n<meta property=\"og:title\" content=\"Silopalli kile SILOTITE Original - Slipest O\u00dc\" \/>\n<meta property=\"og:description\" content=\"Silotite\u2019i valmistamisel  kasutatakse uusimat ekstrusioonpuhumistehnoloogiat,  mis tagab erakordse tugevuse, torkekindluse, elastsuse,  UV-stabiilsuse ja nakkuvuse.   Sobib kasutamiseks igat t\u00fc\u00fcpi kiletajates ja kombipressides, samuti ka kaasaaegsetes keerukates ja kiiretes masinates. P\u00fcsiv t\u00f6\u00f6kindlus ja probleemideta kasutamine. Suur torke- ja rebenemiskindlus: talub h\u00e4sti pikavarrelisi s\u00f6\u00f6dakultuure. \u00dclit\u00f5hus hapnikut\u00f5ke. Suur tugevus ja elastsus tagavad p\u00e4rast pakkimist silopakkide vormi p\u00fcsimise. Valmistatakse erinevates UV versioonides, et tagada s\u00e4ilitamisel silopakkide p\u00fcsiv kaitse iga ilmaga. Katsetatud ja sertifitseeritud Rootsi teadusinstituudis SP Technical Research Institute of Sweden: SP sertifikaat nr 14 23 01. T\u00e4ielikult taaskasutatav.  Laadi alla SILOTITE tutvustus:_Silotite3rdA4_EE  &nbsp;\" \/>\n<meta property=\"og:url\" content=\"https:\/\/slipest.ee\/fi\/tuote\/silopalli-kile-silotite-750-x-1500-valge\/\" \/>\n<meta property=\"og:site_name\" content=\"Slipest O\u00dc\" \/>\n<meta property=\"article:modified_time\" content=\"2025-01-29T14:45:00+00:00\" \/>\n<meta property=\"og:image\" content=\"https:\/\/slipest.ee\/wp-content\/uploads\/2025\/01\/silotite-home.png\" \/>\n\t<meta property=\"og:image:width\" content=\"300\" \/>\n\t<meta property=\"og:image:height\" content=\"500\" \/>\n\t<meta property=\"og:image:type\" content=\"image\/png\" \/>\n<meta name=\"twitter:card\" content=\"summary_large_image\" \/>\n<meta name=\"twitter:label1\" content=\"Arvioitu lukuaika\" \/>\n\t<meta name=\"twitter:data1\" content=\"1 minuutti\" \/>\n<script type=\"application\/ld+json\" class=\"yoast-schema-graph\">{\"@context\":\"https:\\\/\\\/schema.org\",\"@graph\":[{\"@type\":\"WebPage\",\"@id\":\"https:\\\/\\\/slipest.ee\\\/toode\\\/silopalli-kile-silotite-750-x-1500-valge\\\/\",\"url\":\"https:\\\/\\\/slipest.ee\\\/toode\\\/silopalli-kile-silotite-750-x-1500-valge\\\/\",\"name\":\"Silopalli kile SILOTITE Original - Slipest O\u00dc\",\"isPartOf\":{\"@id\":\"https:\\\/\\\/slipest.ee\\\/#website\"},\"primaryImageOfPage\":{\"@id\":\"https:\\\/\\\/slipest.ee\\\/toode\\\/silopalli-kile-silotite-750-x-1500-valge\\\/#primaryimage\"},\"image\":{\"@id\":\"https:\\\/\\\/slipest.ee\\\/toode\\\/silopalli-kile-silotite-750-x-1500-valge\\\/#primaryimage\"},\"thumbnailUrl\":\"https:\\\/\\\/slipest.ee\\\/wp-content\\\/uploads\\\/2025\\\/01\\\/silotite-home.png\",\"datePublished\":\"2025-01-20T21:20:42+00:00\",\"dateModified\":\"2025-01-29T14:45:00+00:00\",\"breadcrumb\":{\"@id\":\"https:\\\/\\\/slipest.ee\\\/toode\\\/silopalli-kile-silotite-750-x-1500-valge\\\/#breadcrumb\"},\"inLanguage\":\"fi\",\"potentialAction\":[{\"@type\":\"ReadAction\",\"target\":[\"https:\\\/\\\/slipest.ee\\\/toode\\\/silopalli-kile-silotite-750-x-1500-valge\\\/\"]}]},{\"@type\":\"ImageObject\",\"inLanguage\":\"fi\",\"@id\":\"https:\\\/\\\/slipest.ee\\\/toode\\\/silopalli-kile-silotite-750-x-1500-valge\\\/#primaryimage\",\"url\":\"https:\\\/\\\/slipest.ee\\\/wp-content\\\/uploads\\\/2025\\\/01\\\/silotite-home.png\",\"contentUrl\":\"https:\\\/\\\/slipest.ee\\\/wp-content\\\/uploads\\\/2025\\\/01\\\/silotite-home.png\",\"width\":300,\"height\":500},{\"@type\":\"BreadcrumbList\",\"@id\":\"https:\\\/\\\/slipest.ee\\\/toode\\\/silopalli-kile-silotite-750-x-1500-valge\\\/#breadcrumb\",\"itemListElement\":[{\"@type\":\"ListItem\",\"position\":1,\"name\":\"Home\",\"item\":\"https:\\\/\\\/slipest.ee\\\/\"},{\"@type\":\"ListItem\",\"position\":2,\"name\":\"Silopalli kile SILOTITE Original\"}]},{\"@type\":\"WebSite\",\"@id\":\"https:\\\/\\\/slipest.ee\\\/#website\",\"url\":\"https:\\\/\\\/slipest.ee\\\/\",\"name\":\"Slipest O\u00dc\",\"description\":\"\",\"publisher\":{\"@id\":\"https:\\\/\\\/slipest.ee\\\/#organization\"},\"potentialAction\":[{\"@type\":\"SearchAction\",\"target\":{\"@type\":\"EntryPoint\",\"urlTemplate\":\"https:\\\/\\\/slipest.ee\\\/?s={search_term_string}\"},\"query-input\":{\"@type\":\"PropertyValueSpecification\",\"valueRequired\":true,\"valueName\":\"search_term_string\"}}],\"inLanguage\":\"fi\"},{\"@type\":\"Organization\",\"@id\":\"https:\\\/\\\/slipest.ee\\\/#organization\",\"name\":\"Slipest O\u00dc\",\"url\":\"https:\\\/\\\/slipest.ee\\\/\",\"logo\":{\"@type\":\"ImageObject\",\"inLanguage\":\"fi\",\"@id\":\"https:\\\/\\\/slipest.ee\\\/#\\\/schema\\\/logo\\\/image\\\/\",\"url\":\"https:\\\/\\\/slipest.ee\\\/wp-content\\\/uploads\\\/2024\\\/03\\\/cropped-c1bbbe_d14482f5eeae484aa0ebaa13ab308e28_mv2-2048x1051-1.png\",\"contentUrl\":\"https:\\\/\\\/slipest.ee\\\/wp-content\\\/uploads\\\/2024\\\/03\\\/cropped-c1bbbe_d14482f5eeae484aa0ebaa13ab308e28_mv2-2048x1051-1.png\",\"width\":133,\"height\":100,\"caption\":\"Slipest O\u00dc\"},\"image\":{\"@id\":\"https:\\\/\\\/slipest.ee\\\/#\\\/schema\\\/logo\\\/image\\\/\"}}]}<\/script>\n<!-- \/ Yoast SEO plugin. -->","yoast_head_json":{"title":"Silopalli kile SILOTITE Original - Slipest O\u00dc","robots":{"index":"index","follow":"follow","max-snippet":"max-snippet:-1","max-image-preview":"max-image-preview:large","max-video-preview":"max-video-preview:-1"},"canonical":"https:\/\/slipest.ee\/fi\/tuote\/silopalli-kile-silotite-750-x-1500-valge\/","og_locale":"fi_FI","og_type":"article","og_title":"Silopalli kile SILOTITE Original - Slipest O\u00dc","og_description":"Silotite\u2019i valmistamisel  kasutatakse uusimat ekstrusioonpuhumistehnoloogiat,  mis tagab erakordse tugevuse, torkekindluse, elastsuse,  UV-stabiilsuse ja nakkuvuse.   Sobib kasutamiseks igat t\u00fc\u00fcpi kiletajates ja kombipressides, samuti ka kaasaaegsetes keerukates ja kiiretes masinates. P\u00fcsiv t\u00f6\u00f6kindlus ja probleemideta kasutamine. Suur torke- ja rebenemiskindlus: talub h\u00e4sti pikavarrelisi s\u00f6\u00f6dakultuure. \u00dclit\u00f5hus hapnikut\u00f5ke. Suur tugevus ja elastsus tagavad p\u00e4rast pakkimist silopakkide vormi p\u00fcsimise. Valmistatakse erinevates UV versioonides, et tagada s\u00e4ilitamisel silopakkide p\u00fcsiv kaitse iga ilmaga. Katsetatud ja sertifitseeritud Rootsi teadusinstituudis SP Technical Research Institute of Sweden: SP sertifikaat nr 14 23 01. T\u00e4ielikult taaskasutatav.  Laadi alla SILOTITE tutvustus:_Silotite3rdA4_EE  &nbsp;","og_url":"https:\/\/slipest.ee\/fi\/tuote\/silopalli-kile-silotite-750-x-1500-valge\/","og_site_name":"Slipest O\u00dc","article_modified_time":"2025-01-29T14:45:00+00:00","og_image":[{"width":300,"height":500,"url":"https:\/\/slipest.ee\/wp-content\/uploads\/2025\/01\/silotite-home.png","type":"image\/png"}],"twitter_card":"summary_large_image","twitter_misc":{"Arvioitu lukuaika":"1 minuutti"},"schema":{"@context":"https:\/\/schema.org","@graph":[{"@type":"WebPage","@id":"https:\/\/slipest.ee\/toode\/silopalli-kile-silotite-750-x-1500-valge\/","url":"https:\/\/slipest.ee\/toode\/silopalli-kile-silotite-750-x-1500-valge\/","name":"Silopalli kile SILOTITE Original - Slipest O\u00dc","isPartOf":{"@id":"https:\/\/slipest.ee\/#website"},"primaryImageOfPage":{"@id":"https:\/\/slipest.ee\/toode\/silopalli-kile-silotite-750-x-1500-valge\/#primaryimage"},"image":{"@id":"https:\/\/slipest.ee\/toode\/silopalli-kile-silotite-750-x-1500-valge\/#primaryimage"},"thumbnailUrl":"https:\/\/slipest.ee\/wp-content\/uploads\/2025\/01\/silotite-home.png","datePublished":"2025-01-20T21:20:42+00:00","dateModified":"2025-01-29T14:45:00+00:00","breadcrumb":{"@id":"https:\/\/slipest.ee\/toode\/silopalli-kile-silotite-750-x-1500-valge\/#breadcrumb"},"inLanguage":"fi","potentialAction":[{"@type":"ReadAction","target":["https:\/\/slipest.ee\/toode\/silopalli-kile-silotite-750-x-1500-valge\/"]}]},{"@type":"ImageObject","inLanguage":"fi","@id":"https:\/\/slipest.ee\/toode\/silopalli-kile-silotite-750-x-1500-valge\/#primaryimage","url":"https:\/\/slipest.ee\/wp-content\/uploads\/2025\/01\/silotite-home.png","contentUrl":"https:\/\/slipest.ee\/wp-content\/uploads\/2025\/01\/silotite-home.png","width":300,"height":500},{"@type":"BreadcrumbList","@id":"https:\/\/slipest.ee\/toode\/silopalli-kile-silotite-750-x-1500-valge\/#breadcrumb","itemListElement":[{"@type":"ListItem","position":1,"name":"Home","item":"https:\/\/slipest.ee\/"},{"@type":"ListItem","position":2,"name":"Silopalli kile SILOTITE Original"}]},{"@type":"WebSite","@id":"https:\/\/slipest.ee\/#website","url":"https:\/\/slipest.ee\/","name":"Slipest O\u00dc","description":"","publisher":{"@id":"https:\/\/slipest.ee\/#organization"},"potentialAction":[{"@type":"SearchAction","target":{"@type":"EntryPoint","urlTemplate":"https:\/\/slipest.ee\/?s={search_term_string}"},"query-input":{"@type":"PropertyValueSpecification","valueRequired":true,"valueName":"search_term_string"}}],"inLanguage":"fi"},{"@type":"Organization","@id":"https:\/\/slipest.ee\/#organization","name":"Slipest O\u00dc","url":"https:\/\/slipest.ee\/","logo":{"@type":"ImageObject","inLanguage":"fi","@id":"https:\/\/slipest.ee\/#\/schema\/logo\/image\/","url":"https:\/\/slipest.ee\/wp-content\/uploads\/2024\/03\/cropped-c1bbbe_d14482f5eeae484aa0ebaa13ab308e28_mv2-2048x1051-1.png","contentUrl":"https:\/\/slipest.ee\/wp-content\/uploads\/2024\/03\/cropped-c1bbbe_d14482f5eeae484aa0ebaa13ab308e28_mv2-2048x1051-1.png","width":133,"height":100,"caption":"Slipest O\u00dc"},"image":{"@id":"https:\/\/slipest.ee\/#\/schema\/logo\/image\/"}}]}},"_links":{"self":[{"href":"https:\/\/slipest.ee\/fi\/wp-json\/wp\/v2\/product\/452","targetHints":{"allow":["GET"]}}],"collection":[{"href":"https:\/\/slipest.ee\/fi\/wp-json\/wp\/v2\/product"}],"about":[{"href":"https:\/\/slipest.ee\/fi\/wp-json\/wp\/v2\/types\/product"}],"replies":[{"embeddable":true,"href":"https:\/\/slipest.ee\/fi\/wp-json\/wp\/v2\/comments?post=452"}],"wp:featuredmedia":[{"embeddable":true,"href":"https:\/\/slipest.ee\/fi\/wp-json\/wp\/v2\/media\/468"}],"wp:attachment":[{"href":"https:\/\/slipest.ee\/fi\/wp-json\/wp\/v2\/media?parent=452"}],"wp:term":[{"taxonomy":"product_brand","embeddable":true,"href":"https:\/\/slipest.ee\/fi\/wp-json\/wp\/v2\/product_brand?post=452"},{"taxonomy":"product_cat","embeddable":true,"href":"https:\/\/slipest.ee\/fi\/wp-json\/wp\/v2\/product_cat?post=452"},{"taxonomy":"product_tag","embeddable":true,"href":"https:\/\/slipest.ee\/fi\/wp-json\/wp\/v2\/product_tag?post=452"}],"curies":[{"name":"wp","href":"https:\/\/api.w.org\/{rel}","templated":true}]}}