{"id":139,"date":"2023-03-31T09:49:36","date_gmt":"2023-03-31T09:49:36","guid":{"rendered":"https:\/\/slipest.ee\/?post_type=product&#038;p=139"},"modified":"2025-01-29T14:53:43","modified_gmt":"2025-01-29T14:53:43","slug":"silopalli-kile-aspla-supergrass","status":"publish","type":"product","link":"https:\/\/slipest.ee\/fi\/tuote\/silopalli-kile-aspla-supergrass\/","title":{"rendered":"K\u00e4\u00e4rint\u00e4kalvo Aspla SUPERGRASS"},"content":{"rendered":"","protected":false},"excerpt":{"rendered":"<p><strong>Nopeat paalik\u00e4\u00e4rintimet ovat t\u00e4ll\u00e4 hetkell\u00e4 yleisi\u00e4 markkinoilla.\nN\u00e4m\u00e4 koneet kohdistavat suuria j\u00e4nnityksi\u00e4 maatalouden venytyskalvoihin, joten kalvoon\non oltava riitt\u00e4v\u00e4n vahva kest\u00e4m\u00e4\u00e4n t\u00e4llaista aggressiota rikkoutumatta.\nK\u00e4\u00e4ritt\u00e4ess\u00e4 rehua, joka sis\u00e4lt\u00e4\u00e4 suuren osan kuiva-aineesta (kovaa\nvarret), erityisesti nelikulmaisissa paaleissa, joissa on ulkonevat kulmat\non tarpeen k\u00e4ytt\u00e4\u00e4 kalvoa, jolla on erityisominaisuudet kest\u00e4m\u00e4\u00e4n n\u00e4m\u00e4\nvihamieliset olosuhteet.\nSuperGrass\u00ae stretch-kalvo on kehitetty erityisesti k\u00e4ytett\u00e4v\u00e4ksi nopeissa paalik\u00e4\u00e4reiss\u00e4, neli\u00f6paaleissa ja kuivarehuissa (Haylage).\nSuperGrass\u00ae-extreme wrap -erikoisformulaatio tekee siit\u00e4 ihanteellisen t\u00e4m\u00e4n tyyppiseen eritt\u00e4in vaativaan maatalousk\u00e4\u00e4reeseen.<br \/>\nN\u00e4iss\u00e4 koneissa kalvoa venytett\u00e4ess\u00e4 k\u00e4ytet\u00e4\u00e4n eritt\u00e4in suurta j\u00e4nnityst\u00e4, joten kalvo on<br \/>\non oltava riitt\u00e4v\u00e4n vahva kest\u00e4m\u00e4\u00e4n t\u00e4llaisen voiman keskeytyksett\u00e4. Aspla SUPERGRASS voi. Kalvo soveltuu eritt\u00e4in hyvin my\u00f6s kaikentyyppisiin vanhempiin tuulilaseihin.\u00a0<\/strong><\/p>\n<p><strong>Aspla SUPERGRASS soveltuu erinomaisesti my\u00f6s sellaisten massojen p\u00e4\u00e4llyst\u00e4miseen, joiden kuiva-ainepitoisuus on korkea.<\/strong><\/p>\n<p><strong>Kalvossa on 7 kerrosta. Valmistettu Espanjassa<\/strong><\/p>\n<p>&nbsp;<\/p>\n<p><a href=\"https:\/\/slipest.ee\/wp-content\/uploads\/2025\/01\/SUPERGRASS-Brochure-EST.pdf\">Lataa SUPERGRASS EST -esite<\/a><\/p>","protected":false},"featured_media":336,"comment_status":"closed","ping_status":"closed","template":"","meta":[],"product_brand":[],"product_cat":[24],"product_tag":[],"class_list":{"0":"post-139","1":"product","2":"type-product","3":"status-publish","4":"has-post-thumbnail","6":"product_cat-silopalli-kile","8":"first","9":"instock","10":"shipping-taxable","11":"product-type-simple"},"acf":[],"yoast_head":"<!-- This site is optimized with the Yoast SEO plugin v27.3 - https:\/\/yoast.com\/product\/yoast-seo-wordpress\/ -->\n<title>Silopallikile Aspla SUPERGRASS - Slipest O\u00dc<\/title>\n<meta name=\"robots\" content=\"index, follow, max-snippet:-1, max-image-preview:large, max-video-preview:-1\" \/>\n<link rel=\"canonical\" href=\"https:\/\/slipest.ee\/fi\/tuote\/silopalli-kile-aspla-supergrass\/\" \/>\n<meta property=\"og:locale\" content=\"fi_FI\" \/>\n<meta property=\"og:type\" content=\"article\" \/>\n<meta property=\"og:title\" content=\"Silopallikile Aspla SUPERGRASS - Slipest O\u00dc\" \/>\n<meta property=\"og:description\" content=\"Kile on\u00a0 m\u00f5eldud kasutamiseks uutel kiiretel kiletajatel ja kombipressidel. Samuti nelikant kiletajatel. Kiired kiletajad on tulnud turule, et j\u00e4\u00e4da. See omakorda esitab v\u00e4ljakutse kile vastupidavusele kiirel kiletamisel. Need masinad rakendavad kile venitamisel v\u00e4ga suurt pinget, seega kile peab olema piisavalt tugev, et taluda sellist j\u00f5udu ilma katkemata. Aspla SUPERGRASS suudab seda. Kile sobib v\u00e4ga h\u00e4sti ka k\u00f5ikidele vanematele kiletajatele.\u00a0  Aspla SUPERGRASS sobib ideaalselt ka suure kuivaine sisaldusega massi kiletamiseks.  Kile on 7 kihiline. Valmistatud Hispaanias  &nbsp;  Laadi alla tutvustav infoleht SUPERGRASS EST\" \/>\n<meta property=\"og:url\" content=\"https:\/\/slipest.ee\/fi\/tuote\/silopalli-kile-aspla-supergrass\/\" \/>\n<meta property=\"og:site_name\" content=\"Slipest O\u00dc\" \/>\n<meta property=\"article:modified_time\" content=\"2025-01-29T14:53:43+00:00\" \/>\n<meta property=\"og:image\" content=\"https:\/\/slipest.ee\/wp-content\/uploads\/2023\/03\/Supergrass-white-scaled.jpg\" \/>\n\t<meta property=\"og:image:width\" content=\"1810\" \/>\n\t<meta property=\"og:image:height\" content=\"2560\" \/>\n\t<meta property=\"og:image:type\" content=\"image\/jpeg\" \/>\n<meta name=\"twitter:card\" content=\"summary_large_image\" \/>\n<meta name=\"twitter:label1\" content=\"Arvioitu lukuaika\" \/>\n\t<meta name=\"twitter:data1\" content=\"1 minuutti\" \/>\n<script type=\"application\/ld+json\" class=\"yoast-schema-graph\">{\"@context\":\"https:\\\/\\\/schema.org\",\"@graph\":[{\"@type\":\"WebPage\",\"@id\":\"https:\\\/\\\/slipest.ee\\\/toode\\\/silopalli-kile-aspla-supergrass\\\/\",\"url\":\"https:\\\/\\\/slipest.ee\\\/toode\\\/silopalli-kile-aspla-supergrass\\\/\",\"name\":\"Silopallikile Aspla SUPERGRASS - Slipest O\u00dc\",\"isPartOf\":{\"@id\":\"https:\\\/\\\/slipest.ee\\\/#website\"},\"primaryImageOfPage\":{\"@id\":\"https:\\\/\\\/slipest.ee\\\/toode\\\/silopalli-kile-aspla-supergrass\\\/#primaryimage\"},\"image\":{\"@id\":\"https:\\\/\\\/slipest.ee\\\/toode\\\/silopalli-kile-aspla-supergrass\\\/#primaryimage\"},\"thumbnailUrl\":\"https:\\\/\\\/slipest.ee\\\/wp-content\\\/uploads\\\/2023\\\/03\\\/Supergrass-white-scaled.jpg\",\"datePublished\":\"2023-03-31T09:49:36+00:00\",\"dateModified\":\"2025-01-29T14:53:43+00:00\",\"breadcrumb\":{\"@id\":\"https:\\\/\\\/slipest.ee\\\/toode\\\/silopalli-kile-aspla-supergrass\\\/#breadcrumb\"},\"inLanguage\":\"fi\",\"potentialAction\":[{\"@type\":\"ReadAction\",\"target\":[\"https:\\\/\\\/slipest.ee\\\/toode\\\/silopalli-kile-aspla-supergrass\\\/\"]}]},{\"@type\":\"ImageObject\",\"inLanguage\":\"fi\",\"@id\":\"https:\\\/\\\/slipest.ee\\\/toode\\\/silopalli-kile-aspla-supergrass\\\/#primaryimage\",\"url\":\"https:\\\/\\\/slipest.ee\\\/wp-content\\\/uploads\\\/2023\\\/03\\\/Supergrass-white-scaled.jpg\",\"contentUrl\":\"https:\\\/\\\/slipest.ee\\\/wp-content\\\/uploads\\\/2023\\\/03\\\/Supergrass-white-scaled.jpg\",\"width\":1810,\"height\":2560},{\"@type\":\"BreadcrumbList\",\"@id\":\"https:\\\/\\\/slipest.ee\\\/toode\\\/silopalli-kile-aspla-supergrass\\\/#breadcrumb\",\"itemListElement\":[{\"@type\":\"ListItem\",\"position\":1,\"name\":\"Home\",\"item\":\"https:\\\/\\\/slipest.ee\\\/\"},{\"@type\":\"ListItem\",\"position\":2,\"name\":\"Silopallikile Aspla SUPERGRASS\"}]},{\"@type\":\"WebSite\",\"@id\":\"https:\\\/\\\/slipest.ee\\\/#website\",\"url\":\"https:\\\/\\\/slipest.ee\\\/\",\"name\":\"Slipest O\u00dc\",\"description\":\"\",\"publisher\":{\"@id\":\"https:\\\/\\\/slipest.ee\\\/#organization\"},\"potentialAction\":[{\"@type\":\"SearchAction\",\"target\":{\"@type\":\"EntryPoint\",\"urlTemplate\":\"https:\\\/\\\/slipest.ee\\\/?s={search_term_string}\"},\"query-input\":{\"@type\":\"PropertyValueSpecification\",\"valueRequired\":true,\"valueName\":\"search_term_string\"}}],\"inLanguage\":\"fi\"},{\"@type\":\"Organization\",\"@id\":\"https:\\\/\\\/slipest.ee\\\/#organization\",\"name\":\"Slipest O\u00dc\",\"url\":\"https:\\\/\\\/slipest.ee\\\/\",\"logo\":{\"@type\":\"ImageObject\",\"inLanguage\":\"fi\",\"@id\":\"https:\\\/\\\/slipest.ee\\\/#\\\/schema\\\/logo\\\/image\\\/\",\"url\":\"https:\\\/\\\/slipest.ee\\\/wp-content\\\/uploads\\\/2024\\\/03\\\/cropped-c1bbbe_d14482f5eeae484aa0ebaa13ab308e28_mv2-2048x1051-1.png\",\"contentUrl\":\"https:\\\/\\\/slipest.ee\\\/wp-content\\\/uploads\\\/2024\\\/03\\\/cropped-c1bbbe_d14482f5eeae484aa0ebaa13ab308e28_mv2-2048x1051-1.png\",\"width\":133,\"height\":100,\"caption\":\"Slipest O\u00dc\"},\"image\":{\"@id\":\"https:\\\/\\\/slipest.ee\\\/#\\\/schema\\\/logo\\\/image\\\/\"}}]}<\/script>\n<!-- \/ Yoast SEO plugin. -->","yoast_head_json":{"title":"Silopallikile Aspla SUPERGRASS - Slipest O\u00dc","robots":{"index":"index","follow":"follow","max-snippet":"max-snippet:-1","max-image-preview":"max-image-preview:large","max-video-preview":"max-video-preview:-1"},"canonical":"https:\/\/slipest.ee\/fi\/tuote\/silopalli-kile-aspla-supergrass\/","og_locale":"fi_FI","og_type":"article","og_title":"Silopallikile Aspla SUPERGRASS - Slipest O\u00dc","og_description":"Kile on\u00a0 m\u00f5eldud kasutamiseks uutel kiiretel kiletajatel ja kombipressidel. Samuti nelikant kiletajatel. Kiired kiletajad on tulnud turule, et j\u00e4\u00e4da. See omakorda esitab v\u00e4ljakutse kile vastupidavusele kiirel kiletamisel. Need masinad rakendavad kile venitamisel v\u00e4ga suurt pinget, seega kile peab olema piisavalt tugev, et taluda sellist j\u00f5udu ilma katkemata. Aspla SUPERGRASS suudab seda. Kile sobib v\u00e4ga h\u00e4sti ka k\u00f5ikidele vanematele kiletajatele.\u00a0  Aspla SUPERGRASS sobib ideaalselt ka suure kuivaine sisaldusega massi kiletamiseks.  Kile on 7 kihiline. Valmistatud Hispaanias  &nbsp;  Laadi alla tutvustav infoleht SUPERGRASS EST","og_url":"https:\/\/slipest.ee\/fi\/tuote\/silopalli-kile-aspla-supergrass\/","og_site_name":"Slipest O\u00dc","article_modified_time":"2025-01-29T14:53:43+00:00","og_image":[{"width":1810,"height":2560,"url":"https:\/\/slipest.ee\/wp-content\/uploads\/2023\/03\/Supergrass-white-scaled.jpg","type":"image\/jpeg"}],"twitter_card":"summary_large_image","twitter_misc":{"Arvioitu lukuaika":"1 minuutti"},"schema":{"@context":"https:\/\/schema.org","@graph":[{"@type":"WebPage","@id":"https:\/\/slipest.ee\/toode\/silopalli-kile-aspla-supergrass\/","url":"https:\/\/slipest.ee\/toode\/silopalli-kile-aspla-supergrass\/","name":"Silopallikile Aspla SUPERGRASS - Slipest O\u00dc","isPartOf":{"@id":"https:\/\/slipest.ee\/#website"},"primaryImageOfPage":{"@id":"https:\/\/slipest.ee\/toode\/silopalli-kile-aspla-supergrass\/#primaryimage"},"image":{"@id":"https:\/\/slipest.ee\/toode\/silopalli-kile-aspla-supergrass\/#primaryimage"},"thumbnailUrl":"https:\/\/slipest.ee\/wp-content\/uploads\/2023\/03\/Supergrass-white-scaled.jpg","datePublished":"2023-03-31T09:49:36+00:00","dateModified":"2025-01-29T14:53:43+00:00","breadcrumb":{"@id":"https:\/\/slipest.ee\/toode\/silopalli-kile-aspla-supergrass\/#breadcrumb"},"inLanguage":"fi","potentialAction":[{"@type":"ReadAction","target":["https:\/\/slipest.ee\/toode\/silopalli-kile-aspla-supergrass\/"]}]},{"@type":"ImageObject","inLanguage":"fi","@id":"https:\/\/slipest.ee\/toode\/silopalli-kile-aspla-supergrass\/#primaryimage","url":"https:\/\/slipest.ee\/wp-content\/uploads\/2023\/03\/Supergrass-white-scaled.jpg","contentUrl":"https:\/\/slipest.ee\/wp-content\/uploads\/2023\/03\/Supergrass-white-scaled.jpg","width":1810,"height":2560},{"@type":"BreadcrumbList","@id":"https:\/\/slipest.ee\/toode\/silopalli-kile-aspla-supergrass\/#breadcrumb","itemListElement":[{"@type":"ListItem","position":1,"name":"Home","item":"https:\/\/slipest.ee\/"},{"@type":"ListItem","position":2,"name":"Silopallikile Aspla SUPERGRASS"}]},{"@type":"WebSite","@id":"https:\/\/slipest.ee\/#website","url":"https:\/\/slipest.ee\/","name":"Slipest O\u00dc","description":"","publisher":{"@id":"https:\/\/slipest.ee\/#organization"},"potentialAction":[{"@type":"SearchAction","target":{"@type":"EntryPoint","urlTemplate":"https:\/\/slipest.ee\/?s={search_term_string}"},"query-input":{"@type":"PropertyValueSpecification","valueRequired":true,"valueName":"search_term_string"}}],"inLanguage":"fi"},{"@type":"Organization","@id":"https:\/\/slipest.ee\/#organization","name":"Slipest O\u00dc","url":"https:\/\/slipest.ee\/","logo":{"@type":"ImageObject","inLanguage":"fi","@id":"https:\/\/slipest.ee\/#\/schema\/logo\/image\/","url":"https:\/\/slipest.ee\/wp-content\/uploads\/2024\/03\/cropped-c1bbbe_d14482f5eeae484aa0ebaa13ab308e28_mv2-2048x1051-1.png","contentUrl":"https:\/\/slipest.ee\/wp-content\/uploads\/2024\/03\/cropped-c1bbbe_d14482f5eeae484aa0ebaa13ab308e28_mv2-2048x1051-1.png","width":133,"height":100,"caption":"Slipest O\u00dc"},"image":{"@id":"https:\/\/slipest.ee\/#\/schema\/logo\/image\/"}}]}},"_links":{"self":[{"href":"https:\/\/slipest.ee\/fi\/wp-json\/wp\/v2\/product\/139","targetHints":{"allow":["GET"]}}],"collection":[{"href":"https:\/\/slipest.ee\/fi\/wp-json\/wp\/v2\/product"}],"about":[{"href":"https:\/\/slipest.ee\/fi\/wp-json\/wp\/v2\/types\/product"}],"replies":[{"embeddable":true,"href":"https:\/\/slipest.ee\/fi\/wp-json\/wp\/v2\/comments?post=139"}],"wp:featuredmedia":[{"embeddable":true,"href":"https:\/\/slipest.ee\/fi\/wp-json\/wp\/v2\/media\/336"}],"wp:attachment":[{"href":"https:\/\/slipest.ee\/fi\/wp-json\/wp\/v2\/media?parent=139"}],"wp:term":[{"taxonomy":"product_brand","embeddable":true,"href":"https:\/\/slipest.ee\/fi\/wp-json\/wp\/v2\/product_brand?post=139"},{"taxonomy":"product_cat","embeddable":true,"href":"https:\/\/slipest.ee\/fi\/wp-json\/wp\/v2\/product_cat?post=139"},{"taxonomy":"product_tag","embeddable":true,"href":"https:\/\/slipest.ee\/fi\/wp-json\/wp\/v2\/product_tag?post=139"}],"curies":[{"name":"wp","href":"https:\/\/api.w.org\/{rel}","templated":true}]}}