{"id":101,"date":"2023-03-31T09:49:29","date_gmt":"2023-03-31T09:49:29","guid":{"rendered":"https:\/\/slipest.ee\/?post_type=product&#038;p=101"},"modified":"2024-04-01T10:41:33","modified_gmt":"2024-04-01T10:41:33","slug":"kattevork-5-x-10-m-220g-m2-roheline","status":"publish","type":"product","link":"https:\/\/slipest.ee\/fi\/tuote\/kattevork-5-x-10-m-220g-m2-roheline\/","title":{"rendered":"Auma-ja siilopeite 5 X 10 m 220g\/m2 vihre\u00e4"},"content":{"rendered":"","protected":false},"excerpt":{"rendered":"<p style=\"text-align: center;\">Paksu peittokasvi suojaamaan s\u00e4il\u00f6rehunurmea ja ruohosuolahein\u00e4\u00e4 linnuilta ja villiel\u00e4imilt\u00e4.<\/p>\n<p style=\"text-align: center;\">K\u00e4ytt\u00f6ik\u00e4 7-10a<\/p>","protected":false},"featured_media":308,"comment_status":"closed","ping_status":"closed","template":"","meta":[],"product_brand":[],"product_cat":[20],"product_tag":[],"class_list":{"0":"post-101","1":"product","2":"type-product","3":"status-publish","4":"has-post-thumbnail","6":"product_cat-kattevork","8":"first","9":"instock","10":"shipping-taxable","11":"product-type-simple"},"acf":[],"yoast_head":"<!-- This site is optimized with the Yoast SEO plugin v27.3 - https:\/\/yoast.com\/product\/yoast-seo-wordpress\/ -->\n<title>Kattev\u00f5rk 5 X 10 m 220g\/m2 roheline - Slipest O\u00dc<\/title>\n<meta name=\"robots\" content=\"index, follow, max-snippet:-1, max-image-preview:large, max-video-preview:-1\" \/>\n<link rel=\"canonical\" href=\"https:\/\/slipest.ee\/fi\/tuote\/kattevork-5-x-10-m-220g-m2-roheline\/\" \/>\n<meta property=\"og:locale\" content=\"fi_FI\" \/>\n<meta property=\"og:type\" content=\"article\" \/>\n<meta property=\"og:title\" content=\"Kattev\u00f5rk 5 X 10 m 220g\/m2 roheline - Slipest O\u00dc\" \/>\n<meta property=\"og:description\" content=\"Paks kattev\u00f5rk silotranshee ja auna kaitsmiseks lindude ja metsloomade eest. Kasutusiga 7-10a\" \/>\n<meta property=\"og:url\" content=\"https:\/\/slipest.ee\/fi\/tuote\/kattevork-5-x-10-m-220g-m2-roheline\/\" \/>\n<meta property=\"og:site_name\" content=\"Slipest O\u00dc\" \/>\n<meta property=\"article:modified_time\" content=\"2024-04-01T10:41:33+00:00\" \/>\n<meta property=\"og:image\" content=\"https:\/\/slipest.ee\/wp-content\/uploads\/2023\/03\/zillnet-220.jpg\" \/>\n\t<meta property=\"og:image:width\" content=\"800\" \/>\n\t<meta property=\"og:image:height\" content=\"500\" \/>\n\t<meta property=\"og:image:type\" content=\"image\/jpeg\" \/>\n<meta name=\"twitter:card\" content=\"summary_large_image\" \/>\n<script type=\"application\/ld+json\" class=\"yoast-schema-graph\">{\"@context\":\"https:\\\/\\\/schema.org\",\"@graph\":[{\"@type\":\"WebPage\",\"@id\":\"https:\\\/\\\/slipest.ee\\\/toode\\\/kattevork-5-x-10-m-220g-m2-roheline\\\/\",\"url\":\"https:\\\/\\\/slipest.ee\\\/toode\\\/kattevork-5-x-10-m-220g-m2-roheline\\\/\",\"name\":\"Kattev\u00f5rk 5 X 10 m 220g\\\/m2 roheline - Slipest O\u00dc\",\"isPartOf\":{\"@id\":\"https:\\\/\\\/slipest.ee\\\/#website\"},\"primaryImageOfPage\":{\"@id\":\"https:\\\/\\\/slipest.ee\\\/toode\\\/kattevork-5-x-10-m-220g-m2-roheline\\\/#primaryimage\"},\"image\":{\"@id\":\"https:\\\/\\\/slipest.ee\\\/toode\\\/kattevork-5-x-10-m-220g-m2-roheline\\\/#primaryimage\"},\"thumbnailUrl\":\"https:\\\/\\\/slipest.ee\\\/wp-content\\\/uploads\\\/2023\\\/03\\\/zillnet-220.jpg\",\"datePublished\":\"2023-03-31T09:49:29+00:00\",\"dateModified\":\"2024-04-01T10:41:33+00:00\",\"breadcrumb\":{\"@id\":\"https:\\\/\\\/slipest.ee\\\/toode\\\/kattevork-5-x-10-m-220g-m2-roheline\\\/#breadcrumb\"},\"inLanguage\":\"fi\",\"potentialAction\":[{\"@type\":\"ReadAction\",\"target\":[\"https:\\\/\\\/slipest.ee\\\/toode\\\/kattevork-5-x-10-m-220g-m2-roheline\\\/\"]}]},{\"@type\":\"ImageObject\",\"inLanguage\":\"fi\",\"@id\":\"https:\\\/\\\/slipest.ee\\\/toode\\\/kattevork-5-x-10-m-220g-m2-roheline\\\/#primaryimage\",\"url\":\"https:\\\/\\\/slipest.ee\\\/wp-content\\\/uploads\\\/2023\\\/03\\\/zillnet-220.jpg\",\"contentUrl\":\"https:\\\/\\\/slipest.ee\\\/wp-content\\\/uploads\\\/2023\\\/03\\\/zillnet-220.jpg\",\"width\":800,\"height\":500},{\"@type\":\"BreadcrumbList\",\"@id\":\"https:\\\/\\\/slipest.ee\\\/toode\\\/kattevork-5-x-10-m-220g-m2-roheline\\\/#breadcrumb\",\"itemListElement\":[{\"@type\":\"ListItem\",\"position\":1,\"name\":\"Home\",\"item\":\"https:\\\/\\\/slipest.ee\\\/\"},{\"@type\":\"ListItem\",\"position\":2,\"name\":\"Kattev\u00f5rk 5 X 10 m 220g\\\/m2 roheline\"}]},{\"@type\":\"WebSite\",\"@id\":\"https:\\\/\\\/slipest.ee\\\/#website\",\"url\":\"https:\\\/\\\/slipest.ee\\\/\",\"name\":\"Slipest O\u00dc\",\"description\":\"\",\"publisher\":{\"@id\":\"https:\\\/\\\/slipest.ee\\\/#organization\"},\"potentialAction\":[{\"@type\":\"SearchAction\",\"target\":{\"@type\":\"EntryPoint\",\"urlTemplate\":\"https:\\\/\\\/slipest.ee\\\/?s={search_term_string}\"},\"query-input\":{\"@type\":\"PropertyValueSpecification\",\"valueRequired\":true,\"valueName\":\"search_term_string\"}}],\"inLanguage\":\"fi\"},{\"@type\":\"Organization\",\"@id\":\"https:\\\/\\\/slipest.ee\\\/#organization\",\"name\":\"Slipest O\u00dc\",\"url\":\"https:\\\/\\\/slipest.ee\\\/\",\"logo\":{\"@type\":\"ImageObject\",\"inLanguage\":\"fi\",\"@id\":\"https:\\\/\\\/slipest.ee\\\/#\\\/schema\\\/logo\\\/image\\\/\",\"url\":\"https:\\\/\\\/slipest.ee\\\/wp-content\\\/uploads\\\/2024\\\/03\\\/cropped-c1bbbe_d14482f5eeae484aa0ebaa13ab308e28_mv2-2048x1051-1.png\",\"contentUrl\":\"https:\\\/\\\/slipest.ee\\\/wp-content\\\/uploads\\\/2024\\\/03\\\/cropped-c1bbbe_d14482f5eeae484aa0ebaa13ab308e28_mv2-2048x1051-1.png\",\"width\":133,\"height\":100,\"caption\":\"Slipest O\u00dc\"},\"image\":{\"@id\":\"https:\\\/\\\/slipest.ee\\\/#\\\/schema\\\/logo\\\/image\\\/\"}}]}<\/script>\n<!-- \/ Yoast SEO plugin. -->","yoast_head_json":{"title":"Kattev\u00f5rk 5 X 10 m 220g\/m2 roheline - Slipest O\u00dc","robots":{"index":"index","follow":"follow","max-snippet":"max-snippet:-1","max-image-preview":"max-image-preview:large","max-video-preview":"max-video-preview:-1"},"canonical":"https:\/\/slipest.ee\/fi\/tuote\/kattevork-5-x-10-m-220g-m2-roheline\/","og_locale":"fi_FI","og_type":"article","og_title":"Kattev\u00f5rk 5 X 10 m 220g\/m2 roheline - Slipest O\u00dc","og_description":"Paks kattev\u00f5rk silotranshee ja auna kaitsmiseks lindude ja metsloomade eest. Kasutusiga 7-10a","og_url":"https:\/\/slipest.ee\/fi\/tuote\/kattevork-5-x-10-m-220g-m2-roheline\/","og_site_name":"Slipest O\u00dc","article_modified_time":"2024-04-01T10:41:33+00:00","og_image":[{"width":800,"height":500,"url":"https:\/\/slipest.ee\/wp-content\/uploads\/2023\/03\/zillnet-220.jpg","type":"image\/jpeg"}],"twitter_card":"summary_large_image","schema":{"@context":"https:\/\/schema.org","@graph":[{"@type":"WebPage","@id":"https:\/\/slipest.ee\/toode\/kattevork-5-x-10-m-220g-m2-roheline\/","url":"https:\/\/slipest.ee\/toode\/kattevork-5-x-10-m-220g-m2-roheline\/","name":"Kattev\u00f5rk 5 X 10 m 220g\/m2 roheline - Slipest O\u00dc","isPartOf":{"@id":"https:\/\/slipest.ee\/#website"},"primaryImageOfPage":{"@id":"https:\/\/slipest.ee\/toode\/kattevork-5-x-10-m-220g-m2-roheline\/#primaryimage"},"image":{"@id":"https:\/\/slipest.ee\/toode\/kattevork-5-x-10-m-220g-m2-roheline\/#primaryimage"},"thumbnailUrl":"https:\/\/slipest.ee\/wp-content\/uploads\/2023\/03\/zillnet-220.jpg","datePublished":"2023-03-31T09:49:29+00:00","dateModified":"2024-04-01T10:41:33+00:00","breadcrumb":{"@id":"https:\/\/slipest.ee\/toode\/kattevork-5-x-10-m-220g-m2-roheline\/#breadcrumb"},"inLanguage":"fi","potentialAction":[{"@type":"ReadAction","target":["https:\/\/slipest.ee\/toode\/kattevork-5-x-10-m-220g-m2-roheline\/"]}]},{"@type":"ImageObject","inLanguage":"fi","@id":"https:\/\/slipest.ee\/toode\/kattevork-5-x-10-m-220g-m2-roheline\/#primaryimage","url":"https:\/\/slipest.ee\/wp-content\/uploads\/2023\/03\/zillnet-220.jpg","contentUrl":"https:\/\/slipest.ee\/wp-content\/uploads\/2023\/03\/zillnet-220.jpg","width":800,"height":500},{"@type":"BreadcrumbList","@id":"https:\/\/slipest.ee\/toode\/kattevork-5-x-10-m-220g-m2-roheline\/#breadcrumb","itemListElement":[{"@type":"ListItem","position":1,"name":"Home","item":"https:\/\/slipest.ee\/"},{"@type":"ListItem","position":2,"name":"Kattev\u00f5rk 5 X 10 m 220g\/m2 roheline"}]},{"@type":"WebSite","@id":"https:\/\/slipest.ee\/#website","url":"https:\/\/slipest.ee\/","name":"Slipest O\u00dc","description":"","publisher":{"@id":"https:\/\/slipest.ee\/#organization"},"potentialAction":[{"@type":"SearchAction","target":{"@type":"EntryPoint","urlTemplate":"https:\/\/slipest.ee\/?s={search_term_string}"},"query-input":{"@type":"PropertyValueSpecification","valueRequired":true,"valueName":"search_term_string"}}],"inLanguage":"fi"},{"@type":"Organization","@id":"https:\/\/slipest.ee\/#organization","name":"Slipest O\u00dc","url":"https:\/\/slipest.ee\/","logo":{"@type":"ImageObject","inLanguage":"fi","@id":"https:\/\/slipest.ee\/#\/schema\/logo\/image\/","url":"https:\/\/slipest.ee\/wp-content\/uploads\/2024\/03\/cropped-c1bbbe_d14482f5eeae484aa0ebaa13ab308e28_mv2-2048x1051-1.png","contentUrl":"https:\/\/slipest.ee\/wp-content\/uploads\/2024\/03\/cropped-c1bbbe_d14482f5eeae484aa0ebaa13ab308e28_mv2-2048x1051-1.png","width":133,"height":100,"caption":"Slipest O\u00dc"},"image":{"@id":"https:\/\/slipest.ee\/#\/schema\/logo\/image\/"}}]}},"_links":{"self":[{"href":"https:\/\/slipest.ee\/fi\/wp-json\/wp\/v2\/product\/101","targetHints":{"allow":["GET"]}}],"collection":[{"href":"https:\/\/slipest.ee\/fi\/wp-json\/wp\/v2\/product"}],"about":[{"href":"https:\/\/slipest.ee\/fi\/wp-json\/wp\/v2\/types\/product"}],"replies":[{"embeddable":true,"href":"https:\/\/slipest.ee\/fi\/wp-json\/wp\/v2\/comments?post=101"}],"wp:featuredmedia":[{"embeddable":true,"href":"https:\/\/slipest.ee\/fi\/wp-json\/wp\/v2\/media\/308"}],"wp:attachment":[{"href":"https:\/\/slipest.ee\/fi\/wp-json\/wp\/v2\/media?parent=101"}],"wp:term":[{"taxonomy":"product_brand","embeddable":true,"href":"https:\/\/slipest.ee\/fi\/wp-json\/wp\/v2\/product_brand?post=101"},{"taxonomy":"product_cat","embeddable":true,"href":"https:\/\/slipest.ee\/fi\/wp-json\/wp\/v2\/product_cat?post=101"},{"taxonomy":"product_tag","embeddable":true,"href":"https:\/\/slipest.ee\/fi\/wp-json\/wp\/v2\/product_tag?post=101"}],"curies":[{"name":"wp","href":"https:\/\/api.w.org\/{rel}","templated":true}]}}