{"id":17,"date":"2023-03-29T11:28:39","date_gmt":"2023-03-29T11:28:39","guid":{"rendered":"https:\/\/slipest.ee\/?page_id=17"},"modified":"2026-03-17T15:14:25","modified_gmt":"2026-03-17T15:14:25","slug":"jaatmekaitlus","status":"publish","type":"page","link":"https:\/\/slipest.ee\/fi\/jaatmekaitlus\/","title":{"rendered":"J\u00e4tehuolto"},"content":{"rendered":"<h1 class=\"wp-block-heading\">J\u00e4tehuolto<\/h1>\n\n\n\n<p><strong>Maatalousmuovij\u00e4te.<\/strong><\/p>\n\n\n\n<p>S\u00e4il\u00f6rehun paalauskalvo, s\u00e4il\u00f6rehun paalausverkko, sidontakalvo, kelmu, aluskalvo ja paalinaru ovat maatalousmuoveja, jotka on kierr\u00e4tett\u00e4v\u00e4 k\u00e4yt\u00f6n j\u00e4lkeen.<\/p>\n\n\n\n<p><strong>Miten se tehd\u00e4\u00e4n?<\/strong><\/p>\n\n\n\n<ol class=\"wp-block-list\">\n<li>Portaalin kautta <a href=\"https:\/\/www.silokile.ee\/\">silokile.ee<\/a> T\u00e4\u00e4lt\u00e4 l\u00f6yd\u00e4t kaikki ohjeet maatalousmuovij\u00e4tteen palauttamiseen. Suosittelemme, ett\u00e4 m\u00e4\u00e4rittelet kuljetuksen hinnan ja ehdot ennen tilauksen tekemist\u00e4.<\/li>\n\n\n\n<li>Vie oma maatalousmuovisi j\u00e4tehuoltoon. L\u00e4het\u00e4 t\u00e4t\u00e4 varten s\u00e4hk\u00f6posti osoitteeseen <a href=\"mailto:andro@slipest.ee\">andro@slipest.ee<\/a> ja SLIPEST O\u00dc ohjaa sinut l\u00e4himm\u00e4n j\u00e4tehuoltoyrityksen luo. SLIPEST O\u00dc korvaa kuljetuskustannukset maakunnan rajalta j\u00e4tteenk\u00e4sittelij\u00e4lle ja takaisin.<\/li>\n\n\n\n<li>Tilaa maatalouden muovij\u00e4tteen kuljetus SLIPEST O\u00dc:lt\u00e4. T\u00e4t\u00e4 varten l\u00e4het\u00e4 j\u00e4lleen kirje osoitteeseen <a href=\"mailto:andro@slipest.ee\">andro@slipest.ee<\/a> ja SLIPEST O\u00dc:n yhteisty\u00f6kumppanit tulevat luoksesi ja viev\u00e4t j\u00e4tteet pois. T\u00e4m\u00e4 palvelu on maksullinen. &nbsp;<\/li>\n<\/ol>\n\n\n\n<p>\u00dchtlasi tuletame veelkord meelde, et p\u00f5llumajanduplasti j\u00e4\u00e4tmed peavad olema sorteeritud liigiti ja puhtad. J\u00e4\u00e4tmed ei tohi sisaldada v\u00f5\u00f5riseid nagu silo,muld, liiv, majapidamis-ja tootmisj\u00e4\u00e4tmeid. Samuti rehvid, kivid, betoon jms. Sisalduvad v\u00f5\u00f5rised arvestatakse eraldi ja nende eest tuleb tasuda segaj\u00e4\u00e4tmete hinnakirja alusel. Koormaid mis on n\u00e4htavalt sorteerimata ja\/v\u00f5i sisaldavad olulisel m\u00e4\u00e4ral eelpool nimetatud komponente, k\u00e4sitletakse pr\u00fcgina mis l\u00e4heb ladestusse. Selle eest tasutakse 100% j\u00e4\u00e4tmete kaalust j\u00e4\u00e4tmete omaniku poolt vastvalt hinnakirjale.  <\/p>\n\n\n\n<p>Tasuta v\u00f5etakse vastu maksimaalselt kahe aasta kogused&nbsp;(kg), mille kinnitab eelnevalt j\u00e4\u00e4tmete k\u00e4itlejale silokilede tarnija. \u00dclekaal &nbsp;kuulub h\u00fcvitamisele j\u00e4\u00e4tmete omaniku poolt.<\/p>\n\n\n\n<p><strong>J\u00e4tteiden ker\u00e4yst\u00e4 koskevat suositukset.<\/strong><\/p>\n\n\n\n<ol class=\"wp-block-list\">\n<li>Ker\u00e4\u00e4 j\u00e4tteet v\u00e4litt\u00f6m\u00e4sti erikseen. Lajittelu on eritt\u00e4in ty\u00f6l\u00e4st\u00e4.<\/li>\n\n\n\n<li>Koguda j\u00e4\u00e4tmed varju alla. Vesi j\u00e4\u00e4tmete sees lisab j\u00e4\u00e4tmetele kaalu isegi kuni 50% ja selle eest tuleb tasuda.<\/li>\n\n\n\n<li>Jos kyseess\u00e4 on suurempi m\u00e4\u00e4r\u00e4 j\u00e4tett\u00e4, suosittelemme j\u00e4tteen tiivist\u00e4mist\u00e4 paikan p\u00e4\u00e4ll\u00e4, mutta erikseen. Tiivistetyn j\u00e4tteen kuljetus on maksutonta. Voimme my\u00f6s auttaa sinua puristimen hankinnassa tai vuokraamisessa. &nbsp;<\/li>\n<\/ol>","protected":false},"excerpt":{"rendered":"<p>J\u00c4\u00c4TMEK\u00c4ITLUS P\u00f5llumajandusplasti j\u00e4\u00e4tmed. Silopallikile, silopalli v\u00f5rk, sidumiskile, aunakile, aluskile ja pallin\u00f6\u00f6r on p\u00f5llumajandusplast, mis peale kasutamist tuleb suunata taaskasutusse. Kuidas seda teha? \u00dchtlasi tuletame veelkord meelde, et p\u00f5llumajanduplasti j\u00e4\u00e4tmed peavad olema sorteeritud liigiti ja puhtad. J\u00e4\u00e4tmed ei tohi sisaldada v\u00f5\u00f5riseid nagu silo,muld, liiv, majapidamis-ja tootmisj\u00e4\u00e4tmeid. Samuti rehvid, kivid, betoon jms. Sisalduvad v\u00f5\u00f5rised arvestatakse eraldi ja [&hellip;]<\/p>\n","protected":false},"author":1,"featured_media":0,"parent":0,"menu_order":0,"comment_status":"closed","ping_status":"closed","template":"page-nosidebar.php","meta":{"footnotes":""},"class_list":["post-17","page","type-page","status-publish","hentry"],"acf":[],"yoast_head":"<!-- This site is optimized with the Yoast SEO plugin v27.4 - https:\/\/yoast.com\/product\/yoast-seo-wordpress\/ -->\n<title>J\u00e4\u00e4tmek\u00e4itlus - Slipest O\u00dc<\/title>\n<meta name=\"robots\" content=\"index, follow, max-snippet:-1, max-image-preview:large, max-video-preview:-1\" \/>\n<link rel=\"canonical\" href=\"https:\/\/slipest.ee\/fi\/jaatmekaitlus\/\" \/>\n<meta property=\"og:locale\" content=\"fi_FI\" \/>\n<meta property=\"og:type\" content=\"article\" \/>\n<meta property=\"og:title\" content=\"J\u00e4\u00e4tmek\u00e4itlus - Slipest O\u00dc\" \/>\n<meta property=\"og:description\" content=\"J\u00c4\u00c4TMEK\u00c4ITLUS P\u00f5llumajandusplasti j\u00e4\u00e4tmed. Silopallikile, silopalli v\u00f5rk, sidumiskile, aunakile, aluskile ja pallin\u00f6\u00f6r on p\u00f5llumajandusplast, mis peale kasutamist tuleb suunata taaskasutusse. Kuidas seda teha? \u00dchtlasi tuletame veelkord meelde, et p\u00f5llumajanduplasti j\u00e4\u00e4tmed peavad olema sorteeritud liigiti ja puhtad. J\u00e4\u00e4tmed ei tohi sisaldada v\u00f5\u00f5riseid nagu silo,muld, liiv, majapidamis-ja tootmisj\u00e4\u00e4tmeid. Samuti rehvid, kivid, betoon jms. Sisalduvad v\u00f5\u00f5rised arvestatakse eraldi ja [&hellip;]\" \/>\n<meta property=\"og:url\" content=\"https:\/\/slipest.ee\/fi\/jaatmekaitlus\/\" \/>\n<meta property=\"og:site_name\" content=\"Slipest O\u00dc\" \/>\n<meta property=\"article:modified_time\" content=\"2026-03-17T15:14:25+00:00\" \/>\n<meta name=\"twitter:card\" content=\"summary_large_image\" \/>\n<meta name=\"twitter:label1\" content=\"Arvioitu lukuaika\" \/>\n\t<meta name=\"twitter:data1\" content=\"2 minuuttia\" \/>\n<script type=\"application\/ld+json\" class=\"yoast-schema-graph\">{\"@context\":\"https:\\\/\\\/schema.org\",\"@graph\":[{\"@type\":\"WebPage\",\"@id\":\"https:\\\/\\\/slipest.ee\\\/jaatmekaitlus\\\/\",\"url\":\"https:\\\/\\\/slipest.ee\\\/jaatmekaitlus\\\/\",\"name\":\"J\u00e4\u00e4tmek\u00e4itlus - Slipest O\u00dc\",\"isPartOf\":{\"@id\":\"https:\\\/\\\/slipest.ee\\\/#website\"},\"datePublished\":\"2023-03-29T11:28:39+00:00\",\"dateModified\":\"2026-03-17T15:14:25+00:00\",\"breadcrumb\":{\"@id\":\"https:\\\/\\\/slipest.ee\\\/jaatmekaitlus\\\/#breadcrumb\"},\"inLanguage\":\"fi\",\"potentialAction\":[{\"@type\":\"ReadAction\",\"target\":[\"https:\\\/\\\/slipest.ee\\\/jaatmekaitlus\\\/\"]}]},{\"@type\":\"BreadcrumbList\",\"@id\":\"https:\\\/\\\/slipest.ee\\\/jaatmekaitlus\\\/#breadcrumb\",\"itemListElement\":[{\"@type\":\"ListItem\",\"position\":1,\"name\":\"Home\",\"item\":\"https:\\\/\\\/slipest.ee\\\/\"},{\"@type\":\"ListItem\",\"position\":2,\"name\":\"J\u00e4\u00e4tmek\u00e4itlus\"}]},{\"@type\":\"WebSite\",\"@id\":\"https:\\\/\\\/slipest.ee\\\/#website\",\"url\":\"https:\\\/\\\/slipest.ee\\\/\",\"name\":\"Slipest O\u00dc\",\"description\":\"\",\"publisher\":{\"@id\":\"https:\\\/\\\/slipest.ee\\\/#organization\"},\"potentialAction\":[{\"@type\":\"SearchAction\",\"target\":{\"@type\":\"EntryPoint\",\"urlTemplate\":\"https:\\\/\\\/slipest.ee\\\/?s={search_term_string}\"},\"query-input\":{\"@type\":\"PropertyValueSpecification\",\"valueRequired\":true,\"valueName\":\"search_term_string\"}}],\"inLanguage\":\"fi\"},{\"@type\":\"Organization\",\"@id\":\"https:\\\/\\\/slipest.ee\\\/#organization\",\"name\":\"Slipest O\u00dc\",\"url\":\"https:\\\/\\\/slipest.ee\\\/\",\"logo\":{\"@type\":\"ImageObject\",\"inLanguage\":\"fi\",\"@id\":\"https:\\\/\\\/slipest.ee\\\/#\\\/schema\\\/logo\\\/image\\\/\",\"url\":\"https:\\\/\\\/slipest.ee\\\/wp-content\\\/uploads\\\/2024\\\/03\\\/cropped-c1bbbe_d14482f5eeae484aa0ebaa13ab308e28_mv2-2048x1051-1.png\",\"contentUrl\":\"https:\\\/\\\/slipest.ee\\\/wp-content\\\/uploads\\\/2024\\\/03\\\/cropped-c1bbbe_d14482f5eeae484aa0ebaa13ab308e28_mv2-2048x1051-1.png\",\"width\":133,\"height\":100,\"caption\":\"Slipest O\u00dc\"},\"image\":{\"@id\":\"https:\\\/\\\/slipest.ee\\\/#\\\/schema\\\/logo\\\/image\\\/\"}}]}<\/script>\n<!-- \/ Yoast SEO plugin. -->","yoast_head_json":{"title":"J\u00e4\u00e4tmek\u00e4itlus - Slipest O\u00dc","robots":{"index":"index","follow":"follow","max-snippet":"max-snippet:-1","max-image-preview":"max-image-preview:large","max-video-preview":"max-video-preview:-1"},"canonical":"https:\/\/slipest.ee\/fi\/jaatmekaitlus\/","og_locale":"fi_FI","og_type":"article","og_title":"J\u00e4\u00e4tmek\u00e4itlus - Slipest O\u00dc","og_description":"J\u00c4\u00c4TMEK\u00c4ITLUS P\u00f5llumajandusplasti j\u00e4\u00e4tmed. Silopallikile, silopalli v\u00f5rk, sidumiskile, aunakile, aluskile ja pallin\u00f6\u00f6r on p\u00f5llumajandusplast, mis peale kasutamist tuleb suunata taaskasutusse. Kuidas seda teha? \u00dchtlasi tuletame veelkord meelde, et p\u00f5llumajanduplasti j\u00e4\u00e4tmed peavad olema sorteeritud liigiti ja puhtad. J\u00e4\u00e4tmed ei tohi sisaldada v\u00f5\u00f5riseid nagu silo,muld, liiv, majapidamis-ja tootmisj\u00e4\u00e4tmeid. Samuti rehvid, kivid, betoon jms. Sisalduvad v\u00f5\u00f5rised arvestatakse eraldi ja [&hellip;]","og_url":"https:\/\/slipest.ee\/fi\/jaatmekaitlus\/","og_site_name":"Slipest O\u00dc","article_modified_time":"2026-03-17T15:14:25+00:00","twitter_card":"summary_large_image","twitter_misc":{"Arvioitu lukuaika":"2 minuuttia"},"schema":{"@context":"https:\/\/schema.org","@graph":[{"@type":"WebPage","@id":"https:\/\/slipest.ee\/jaatmekaitlus\/","url":"https:\/\/slipest.ee\/jaatmekaitlus\/","name":"J\u00e4\u00e4tmek\u00e4itlus - Slipest O\u00dc","isPartOf":{"@id":"https:\/\/slipest.ee\/#website"},"datePublished":"2023-03-29T11:28:39+00:00","dateModified":"2026-03-17T15:14:25+00:00","breadcrumb":{"@id":"https:\/\/slipest.ee\/jaatmekaitlus\/#breadcrumb"},"inLanguage":"fi","potentialAction":[{"@type":"ReadAction","target":["https:\/\/slipest.ee\/jaatmekaitlus\/"]}]},{"@type":"BreadcrumbList","@id":"https:\/\/slipest.ee\/jaatmekaitlus\/#breadcrumb","itemListElement":[{"@type":"ListItem","position":1,"name":"Home","item":"https:\/\/slipest.ee\/"},{"@type":"ListItem","position":2,"name":"J\u00e4\u00e4tmek\u00e4itlus"}]},{"@type":"WebSite","@id":"https:\/\/slipest.ee\/#website","url":"https:\/\/slipest.ee\/","name":"Slipest O\u00dc","description":"","publisher":{"@id":"https:\/\/slipest.ee\/#organization"},"potentialAction":[{"@type":"SearchAction","target":{"@type":"EntryPoint","urlTemplate":"https:\/\/slipest.ee\/?s={search_term_string}"},"query-input":{"@type":"PropertyValueSpecification","valueRequired":true,"valueName":"search_term_string"}}],"inLanguage":"fi"},{"@type":"Organization","@id":"https:\/\/slipest.ee\/#organization","name":"Slipest O\u00dc","url":"https:\/\/slipest.ee\/","logo":{"@type":"ImageObject","inLanguage":"fi","@id":"https:\/\/slipest.ee\/#\/schema\/logo\/image\/","url":"https:\/\/slipest.ee\/wp-content\/uploads\/2024\/03\/cropped-c1bbbe_d14482f5eeae484aa0ebaa13ab308e28_mv2-2048x1051-1.png","contentUrl":"https:\/\/slipest.ee\/wp-content\/uploads\/2024\/03\/cropped-c1bbbe_d14482f5eeae484aa0ebaa13ab308e28_mv2-2048x1051-1.png","width":133,"height":100,"caption":"Slipest O\u00dc"},"image":{"@id":"https:\/\/slipest.ee\/#\/schema\/logo\/image\/"}}]}},"_links":{"self":[{"href":"https:\/\/slipest.ee\/fi\/wp-json\/wp\/v2\/pages\/17","targetHints":{"allow":["GET"]}}],"collection":[{"href":"https:\/\/slipest.ee\/fi\/wp-json\/wp\/v2\/pages"}],"about":[{"href":"https:\/\/slipest.ee\/fi\/wp-json\/wp\/v2\/types\/page"}],"author":[{"embeddable":true,"href":"https:\/\/slipest.ee\/fi\/wp-json\/wp\/v2\/users\/1"}],"replies":[{"embeddable":true,"href":"https:\/\/slipest.ee\/fi\/wp-json\/wp\/v2\/comments?post=17"}],"version-history":[{"count":15,"href":"https:\/\/slipest.ee\/fi\/wp-json\/wp\/v2\/pages\/17\/revisions"}],"predecessor-version":[{"id":560,"href":"https:\/\/slipest.ee\/fi\/wp-json\/wp\/v2\/pages\/17\/revisions\/560"}],"wp:attachment":[{"href":"https:\/\/slipest.ee\/fi\/wp-json\/wp\/v2\/media?parent=17"}],"curies":[{"name":"wp","href":"https:\/\/api.w.org\/{rel}","templated":true}]}}