{"id":92,"date":"2023-03-31T09:49:28","date_gmt":"2023-03-31T09:49:28","guid":{"rendered":"https:\/\/slipest.ee\/?post_type=product&#038;p=92"},"modified":"2024-06-14T09:05:16","modified_gmt":"2024-06-14T09:05:16","slug":"vork-slip-net-pro-3000","status":"publish","type":"product","link":"https:\/\/slipest.ee\/et\/toode\/vork-slip-net-pro-3000\/","title":{"rendered":"V\u00f5rk SLIP NET PRO 3000"},"content":{"rendered":"","protected":false},"excerpt":{"rendered":"<p style=\"text-align: center;\">Parimate omadustega silopalli v\u00f5rk. Sobib kasutamiseks k\u00f5ikedel pressidel.\u00a0V\u00e4ga tugev ja vastupidav.<\/p>\n<p style=\"text-align: center;\">Topelt tugevusega v\u00f5rgu servad ja keskosa\u00a0tagavad v\u00f5rgu katkematu t\u00f6\u00f6 ka m\u00e4rja massi korral ning suurendavad oluliselt pallide transpordikindlust.<\/p>\n<p style=\"text-align: center;\"><strong>UV kaitse<\/strong><br \/>\n<strong>Rulooni katmine servast serva.<\/strong><br \/>\n<strong>10,8 g jooksvas meetris<\/strong><br \/>\n<strong>Punased hoiatusribad rulli l\u00f5pus<\/strong><br \/>\n<strong>Antistaatiline<\/strong><\/p>\n<p style=\"text-align: center;\">Valmistaja: RKW Saksamaa<\/p>\n<p style=\"text-align: center;\">V\u00f5rgu kulu \u00fchele rullile ca 9,5m. Vaata ka linki <a href=\"http:\/\/slipest.ee\/kalkulaator\/\">KALKULAATOR<\/a><\/p>\n<p style=\"text-align: center;\">\n","protected":false},"featured_media":267,"comment_status":"closed","ping_status":"closed","template":"","meta":[],"product_brand":[],"product_cat":[19],"product_tag":[],"class_list":{"0":"post-92","1":"product","2":"type-product","3":"status-publish","4":"has-post-thumbnail","6":"product_cat-silopalli-vork","8":"first","9":"instock","10":"shipping-taxable","11":"product-type-simple"},"acf":[],"yoast_head":"<!-- This site is optimized with the Yoast SEO plugin v27.3 - https:\/\/yoast.com\/product\/yoast-seo-wordpress\/ -->\n<title>V\u00f5rk SLIP NET PRO 3000 - Slipest O\u00dc<\/title>\n<meta name=\"robots\" content=\"index, follow, max-snippet:-1, max-image-preview:large, max-video-preview:-1\" \/>\n<link rel=\"canonical\" href=\"https:\/\/slipest.ee\/et\/toode\/vork-slip-net-pro-3000\/\" \/>\n<meta property=\"og:locale\" content=\"et_EE\" \/>\n<meta property=\"og:type\" content=\"article\" \/>\n<meta property=\"og:title\" content=\"V\u00f5rk SLIP NET PRO 3000 - Slipest O\u00dc\" \/>\n<meta property=\"og:description\" content=\"Parimate omadustega silopalli v\u00f5rk. Sobib kasutamiseks k\u00f5ikedel pressidel.\u00a0V\u00e4ga tugev ja vastupidav. Topelt tugevusega v\u00f5rgu servad ja keskosa\u00a0tagavad v\u00f5rgu katkematu t\u00f6\u00f6 ka m\u00e4rja massi korral ning suurendavad oluliselt pallide transpordikindlust. UV kaitse Rulooni katmine servast serva. 10,8 g jooksvas meetris Punased hoiatusribad rulli l\u00f5pus Antistaatiline Valmistaja: RKW Saksamaa V\u00f5rgu kulu \u00fchele rullile ca 9,5m. Vaata ka linki KALKULAATOR\" \/>\n<meta property=\"og:url\" content=\"https:\/\/slipest.ee\/et\/toode\/vork-slip-net-pro-3000\/\" \/>\n<meta property=\"og:site_name\" content=\"Slipest O\u00dc\" \/>\n<meta property=\"article:modified_time\" content=\"2024-06-14T09:05:16+00:00\" \/>\n<meta property=\"og:image\" content=\"https:\/\/slipest.ee\/wp-content\/uploads\/2024\/03\/slipnet-1-e1711633907384.jpg\" \/>\n\t<meta property=\"og:image:width\" content=\"800\" \/>\n\t<meta property=\"og:image:height\" content=\"158\" \/>\n\t<meta property=\"og:image:type\" content=\"image\/jpeg\" \/>\n<meta name=\"twitter:card\" content=\"summary_large_image\" \/>\n<meta name=\"twitter:label1\" content=\"Est. reading time\" \/>\n\t<meta name=\"twitter:data1\" content=\"1 minut\" \/>\n<script type=\"application\/ld+json\" class=\"yoast-schema-graph\">{\"@context\":\"https:\\\/\\\/schema.org\",\"@graph\":[{\"@type\":\"WebPage\",\"@id\":\"https:\\\/\\\/slipest.ee\\\/toode\\\/vork-slip-net-pro-3000\\\/\",\"url\":\"https:\\\/\\\/slipest.ee\\\/toode\\\/vork-slip-net-pro-3000\\\/\",\"name\":\"V\u00f5rk SLIP NET PRO 3000 - Slipest O\u00dc\",\"isPartOf\":{\"@id\":\"https:\\\/\\\/slipest.ee\\\/#website\"},\"primaryImageOfPage\":{\"@id\":\"https:\\\/\\\/slipest.ee\\\/toode\\\/vork-slip-net-pro-3000\\\/#primaryimage\"},\"image\":{\"@id\":\"https:\\\/\\\/slipest.ee\\\/toode\\\/vork-slip-net-pro-3000\\\/#primaryimage\"},\"thumbnailUrl\":\"https:\\\/\\\/slipest.ee\\\/wp-content\\\/uploads\\\/2024\\\/03\\\/slipnet-1-e1711633907384.jpg\",\"datePublished\":\"2023-03-31T09:49:28+00:00\",\"dateModified\":\"2024-06-14T09:05:16+00:00\",\"breadcrumb\":{\"@id\":\"https:\\\/\\\/slipest.ee\\\/toode\\\/vork-slip-net-pro-3000\\\/#breadcrumb\"},\"inLanguage\":\"et\",\"potentialAction\":[{\"@type\":\"ReadAction\",\"target\":[\"https:\\\/\\\/slipest.ee\\\/toode\\\/vork-slip-net-pro-3000\\\/\"]}]},{\"@type\":\"ImageObject\",\"inLanguage\":\"et\",\"@id\":\"https:\\\/\\\/slipest.ee\\\/toode\\\/vork-slip-net-pro-3000\\\/#primaryimage\",\"url\":\"https:\\\/\\\/slipest.ee\\\/wp-content\\\/uploads\\\/2024\\\/03\\\/slipnet-1-e1711633907384.jpg\",\"contentUrl\":\"https:\\\/\\\/slipest.ee\\\/wp-content\\\/uploads\\\/2024\\\/03\\\/slipnet-1-e1711633907384.jpg\",\"width\":800,\"height\":158},{\"@type\":\"BreadcrumbList\",\"@id\":\"https:\\\/\\\/slipest.ee\\\/toode\\\/vork-slip-net-pro-3000\\\/#breadcrumb\",\"itemListElement\":[{\"@type\":\"ListItem\",\"position\":1,\"name\":\"Home\",\"item\":\"https:\\\/\\\/slipest.ee\\\/\"},{\"@type\":\"ListItem\",\"position\":2,\"name\":\"V\u00f5rk SLIP NET PRO 3000\"}]},{\"@type\":\"WebSite\",\"@id\":\"https:\\\/\\\/slipest.ee\\\/#website\",\"url\":\"https:\\\/\\\/slipest.ee\\\/\",\"name\":\"Slipest O\u00dc\",\"description\":\"\",\"publisher\":{\"@id\":\"https:\\\/\\\/slipest.ee\\\/#organization\"},\"potentialAction\":[{\"@type\":\"SearchAction\",\"target\":{\"@type\":\"EntryPoint\",\"urlTemplate\":\"https:\\\/\\\/slipest.ee\\\/?s={search_term_string}\"},\"query-input\":{\"@type\":\"PropertyValueSpecification\",\"valueRequired\":true,\"valueName\":\"search_term_string\"}}],\"inLanguage\":\"et\"},{\"@type\":\"Organization\",\"@id\":\"https:\\\/\\\/slipest.ee\\\/#organization\",\"name\":\"Slipest O\u00dc\",\"url\":\"https:\\\/\\\/slipest.ee\\\/\",\"logo\":{\"@type\":\"ImageObject\",\"inLanguage\":\"et\",\"@id\":\"https:\\\/\\\/slipest.ee\\\/#\\\/schema\\\/logo\\\/image\\\/\",\"url\":\"https:\\\/\\\/slipest.ee\\\/wp-content\\\/uploads\\\/2024\\\/03\\\/cropped-c1bbbe_d14482f5eeae484aa0ebaa13ab308e28_mv2-2048x1051-1.png\",\"contentUrl\":\"https:\\\/\\\/slipest.ee\\\/wp-content\\\/uploads\\\/2024\\\/03\\\/cropped-c1bbbe_d14482f5eeae484aa0ebaa13ab308e28_mv2-2048x1051-1.png\",\"width\":133,\"height\":100,\"caption\":\"Slipest O\u00dc\"},\"image\":{\"@id\":\"https:\\\/\\\/slipest.ee\\\/#\\\/schema\\\/logo\\\/image\\\/\"}}]}<\/script>\n<!-- \/ Yoast SEO plugin. -->","yoast_head_json":{"title":"V\u00f5rk SLIP NET PRO 3000 - Slipest O\u00dc","robots":{"index":"index","follow":"follow","max-snippet":"max-snippet:-1","max-image-preview":"max-image-preview:large","max-video-preview":"max-video-preview:-1"},"canonical":"https:\/\/slipest.ee\/et\/toode\/vork-slip-net-pro-3000\/","og_locale":"et_EE","og_type":"article","og_title":"V\u00f5rk SLIP NET PRO 3000 - Slipest O\u00dc","og_description":"Parimate omadustega silopalli v\u00f5rk. Sobib kasutamiseks k\u00f5ikedel pressidel.\u00a0V\u00e4ga tugev ja vastupidav. Topelt tugevusega v\u00f5rgu servad ja keskosa\u00a0tagavad v\u00f5rgu katkematu t\u00f6\u00f6 ka m\u00e4rja massi korral ning suurendavad oluliselt pallide transpordikindlust. UV kaitse Rulooni katmine servast serva. 10,8 g jooksvas meetris Punased hoiatusribad rulli l\u00f5pus Antistaatiline Valmistaja: RKW Saksamaa V\u00f5rgu kulu \u00fchele rullile ca 9,5m. Vaata ka linki KALKULAATOR","og_url":"https:\/\/slipest.ee\/et\/toode\/vork-slip-net-pro-3000\/","og_site_name":"Slipest O\u00dc","article_modified_time":"2024-06-14T09:05:16+00:00","og_image":[{"width":800,"height":158,"url":"https:\/\/slipest.ee\/wp-content\/uploads\/2024\/03\/slipnet-1-e1711633907384.jpg","type":"image\/jpeg"}],"twitter_card":"summary_large_image","twitter_misc":{"Est. reading time":"1 minut"},"schema":{"@context":"https:\/\/schema.org","@graph":[{"@type":"WebPage","@id":"https:\/\/slipest.ee\/toode\/vork-slip-net-pro-3000\/","url":"https:\/\/slipest.ee\/toode\/vork-slip-net-pro-3000\/","name":"V\u00f5rk SLIP NET PRO 3000 - Slipest O\u00dc","isPartOf":{"@id":"https:\/\/slipest.ee\/#website"},"primaryImageOfPage":{"@id":"https:\/\/slipest.ee\/toode\/vork-slip-net-pro-3000\/#primaryimage"},"image":{"@id":"https:\/\/slipest.ee\/toode\/vork-slip-net-pro-3000\/#primaryimage"},"thumbnailUrl":"https:\/\/slipest.ee\/wp-content\/uploads\/2024\/03\/slipnet-1-e1711633907384.jpg","datePublished":"2023-03-31T09:49:28+00:00","dateModified":"2024-06-14T09:05:16+00:00","breadcrumb":{"@id":"https:\/\/slipest.ee\/toode\/vork-slip-net-pro-3000\/#breadcrumb"},"inLanguage":"et","potentialAction":[{"@type":"ReadAction","target":["https:\/\/slipest.ee\/toode\/vork-slip-net-pro-3000\/"]}]},{"@type":"ImageObject","inLanguage":"et","@id":"https:\/\/slipest.ee\/toode\/vork-slip-net-pro-3000\/#primaryimage","url":"https:\/\/slipest.ee\/wp-content\/uploads\/2024\/03\/slipnet-1-e1711633907384.jpg","contentUrl":"https:\/\/slipest.ee\/wp-content\/uploads\/2024\/03\/slipnet-1-e1711633907384.jpg","width":800,"height":158},{"@type":"BreadcrumbList","@id":"https:\/\/slipest.ee\/toode\/vork-slip-net-pro-3000\/#breadcrumb","itemListElement":[{"@type":"ListItem","position":1,"name":"Home","item":"https:\/\/slipest.ee\/"},{"@type":"ListItem","position":2,"name":"V\u00f5rk SLIP NET PRO 3000"}]},{"@type":"WebSite","@id":"https:\/\/slipest.ee\/#website","url":"https:\/\/slipest.ee\/","name":"Slipest O\u00dc","description":"","publisher":{"@id":"https:\/\/slipest.ee\/#organization"},"potentialAction":[{"@type":"SearchAction","target":{"@type":"EntryPoint","urlTemplate":"https:\/\/slipest.ee\/?s={search_term_string}"},"query-input":{"@type":"PropertyValueSpecification","valueRequired":true,"valueName":"search_term_string"}}],"inLanguage":"et"},{"@type":"Organization","@id":"https:\/\/slipest.ee\/#organization","name":"Slipest O\u00dc","url":"https:\/\/slipest.ee\/","logo":{"@type":"ImageObject","inLanguage":"et","@id":"https:\/\/slipest.ee\/#\/schema\/logo\/image\/","url":"https:\/\/slipest.ee\/wp-content\/uploads\/2024\/03\/cropped-c1bbbe_d14482f5eeae484aa0ebaa13ab308e28_mv2-2048x1051-1.png","contentUrl":"https:\/\/slipest.ee\/wp-content\/uploads\/2024\/03\/cropped-c1bbbe_d14482f5eeae484aa0ebaa13ab308e28_mv2-2048x1051-1.png","width":133,"height":100,"caption":"Slipest O\u00dc"},"image":{"@id":"https:\/\/slipest.ee\/#\/schema\/logo\/image\/"}}]}},"_links":{"self":[{"href":"https:\/\/slipest.ee\/et\/wp-json\/wp\/v2\/product\/92","targetHints":{"allow":["GET"]}}],"collection":[{"href":"https:\/\/slipest.ee\/et\/wp-json\/wp\/v2\/product"}],"about":[{"href":"https:\/\/slipest.ee\/et\/wp-json\/wp\/v2\/types\/product"}],"replies":[{"embeddable":true,"href":"https:\/\/slipest.ee\/et\/wp-json\/wp\/v2\/comments?post=92"}],"wp:featuredmedia":[{"embeddable":true,"href":"https:\/\/slipest.ee\/et\/wp-json\/wp\/v2\/media\/267"}],"wp:attachment":[{"href":"https:\/\/slipest.ee\/et\/wp-json\/wp\/v2\/media?parent=92"}],"wp:term":[{"taxonomy":"product_brand","embeddable":true,"href":"https:\/\/slipest.ee\/et\/wp-json\/wp\/v2\/product_brand?post=92"},{"taxonomy":"product_cat","embeddable":true,"href":"https:\/\/slipest.ee\/et\/wp-json\/wp\/v2\/product_cat?post=92"},{"taxonomy":"product_tag","embeddable":true,"href":"https:\/\/slipest.ee\/et\/wp-json\/wp\/v2\/product_tag?post=92"}],"curies":[{"name":"wp","href":"https:\/\/api.w.org\/{rel}","templated":true}]}}