{"id":480,"date":"2025-02-07T21:22:45","date_gmt":"2025-02-07T21:22:45","guid":{"rendered":"https:\/\/slipest.ee\/?post_type=product&#038;p=480"},"modified":"2026-02-09T12:53:08","modified_gmt":"2026-02-09T12:53:08","slug":"silopalli-kile-endurance-7","status":"publish","type":"product","link":"https:\/\/slipest.ee\/et\/toode\/silopalli-kile-endurance-7\/","title":{"rendered":"Silopalli kile Endurance 7"},"content":{"rendered":"","protected":false},"excerpt":{"rendered":"<p><strong>Suurep\u00e4raste omadustega 7 kihiline silopallikile<\/strong><\/p>\n<p>T\u00e4nu 80% venivusele sobib ka k\u00f5ige uuematele kiletajatele ja kombipressidele<\/p>\n<p>100% uus tooraine\u00a0 C8 sisaldab pol\u00fcmeeri metalosen mis annab kilele v\u00e4ga hea torke-ja rebenemiskindluse, seega sobib ka kuivema massi kiletamiseks<\/p>\n<p>Uus kahekihiline liim \u00fches coex tehnoloogiaga tagavad kihtide \u00fchtlase kleepuvuse ja v\u00e4ga hea hapnikukaitse.<\/p>\n<p>100% taaskasutatav<\/p>\n<p>UV kaitse<\/p>\n","protected":false},"featured_media":546,"comment_status":"closed","ping_status":"closed","template":"","meta":[],"product_brand":[],"product_cat":[24],"product_tag":[],"class_list":{"0":"post-480","1":"product","2":"type-product","3":"status-publish","4":"has-post-thumbnail","6":"product_cat-silopalli-kile","8":"first","9":"instock","10":"shipping-taxable","11":"product-type-simple"},"acf":[],"yoast_head":"<!-- This site is optimized with the Yoast SEO plugin v27.3 - https:\/\/yoast.com\/product\/yoast-seo-wordpress\/ -->\n<title>Silopalli kile Endurance 7 - Slipest O\u00dc<\/title>\n<meta name=\"robots\" content=\"index, follow, max-snippet:-1, max-image-preview:large, max-video-preview:-1\" \/>\n<link rel=\"canonical\" href=\"https:\/\/slipest.ee\/et\/toode\/silopalli-kile-endurance-7\/\" \/>\n<meta property=\"og:locale\" content=\"et_EE\" \/>\n<meta property=\"og:type\" content=\"article\" \/>\n<meta property=\"og:title\" content=\"Silopalli kile Endurance 7 - Slipest O\u00dc\" \/>\n<meta property=\"og:description\" content=\"Suurep\u00e4raste omadustega 7 kihiline silopallikile  T\u00e4nu 80% venivusele sobib ka k\u00f5ige uuematele kiletajatele ja kombipressidele  100% uus tooraine\u00a0 C8 sisaldab pol\u00fcmeeri metalosen mis annab kilele v\u00e4ga hea torke-ja rebenemiskindluse, seega sobib ka kuivema massi kiletamiseks  Uus kahekihiline liim \u00fches coex tehnoloogiaga tagavad kihtide \u00fchtlase kleepuvuse ja v\u00e4ga hea hapnikukaitse.  100% taaskasutatav  UV kaitse\" \/>\n<meta property=\"og:url\" content=\"https:\/\/slipest.ee\/et\/toode\/silopalli-kile-endurance-7\/\" \/>\n<meta property=\"og:site_name\" content=\"Slipest O\u00dc\" \/>\n<meta property=\"article:modified_time\" content=\"2026-02-09T12:53:08+00:00\" \/>\n<meta property=\"og:image\" content=\"https:\/\/slipest.ee\/wp-content\/uploads\/2025\/02\/1000021303.jpg\" \/>\n\t<meta property=\"og:image:width\" content=\"1047\" \/>\n\t<meta property=\"og:image:height\" content=\"1362\" \/>\n\t<meta property=\"og:image:type\" content=\"image\/jpeg\" \/>\n<meta name=\"twitter:card\" content=\"summary_large_image\" \/>\n<meta name=\"twitter:label1\" content=\"Est. reading time\" \/>\n\t<meta name=\"twitter:data1\" content=\"1 minut\" \/>\n<script type=\"application\/ld+json\" class=\"yoast-schema-graph\">{\"@context\":\"https:\\\/\\\/schema.org\",\"@graph\":[{\"@type\":\"WebPage\",\"@id\":\"https:\\\/\\\/slipest.ee\\\/toode\\\/silopalli-kile-endurance-7\\\/\",\"url\":\"https:\\\/\\\/slipest.ee\\\/toode\\\/silopalli-kile-endurance-7\\\/\",\"name\":\"Silopalli kile Endurance 7 - Slipest O\u00dc\",\"isPartOf\":{\"@id\":\"https:\\\/\\\/slipest.ee\\\/#website\"},\"primaryImageOfPage\":{\"@id\":\"https:\\\/\\\/slipest.ee\\\/toode\\\/silopalli-kile-endurance-7\\\/#primaryimage\"},\"image\":{\"@id\":\"https:\\\/\\\/slipest.ee\\\/toode\\\/silopalli-kile-endurance-7\\\/#primaryimage\"},\"thumbnailUrl\":\"https:\\\/\\\/slipest.ee\\\/wp-content\\\/uploads\\\/2025\\\/02\\\/1000021303.jpg\",\"datePublished\":\"2025-02-07T21:22:45+00:00\",\"dateModified\":\"2026-02-09T12:53:08+00:00\",\"breadcrumb\":{\"@id\":\"https:\\\/\\\/slipest.ee\\\/toode\\\/silopalli-kile-endurance-7\\\/#breadcrumb\"},\"inLanguage\":\"et\",\"potentialAction\":[{\"@type\":\"ReadAction\",\"target\":[\"https:\\\/\\\/slipest.ee\\\/toode\\\/silopalli-kile-endurance-7\\\/\"]}]},{\"@type\":\"ImageObject\",\"inLanguage\":\"et\",\"@id\":\"https:\\\/\\\/slipest.ee\\\/toode\\\/silopalli-kile-endurance-7\\\/#primaryimage\",\"url\":\"https:\\\/\\\/slipest.ee\\\/wp-content\\\/uploads\\\/2025\\\/02\\\/1000021303.jpg\",\"contentUrl\":\"https:\\\/\\\/slipest.ee\\\/wp-content\\\/uploads\\\/2025\\\/02\\\/1000021303.jpg\",\"width\":1047,\"height\":1362},{\"@type\":\"BreadcrumbList\",\"@id\":\"https:\\\/\\\/slipest.ee\\\/toode\\\/silopalli-kile-endurance-7\\\/#breadcrumb\",\"itemListElement\":[{\"@type\":\"ListItem\",\"position\":1,\"name\":\"Home\",\"item\":\"https:\\\/\\\/slipest.ee\\\/\"},{\"@type\":\"ListItem\",\"position\":2,\"name\":\"Silopalli kile Endurance 7\"}]},{\"@type\":\"WebSite\",\"@id\":\"https:\\\/\\\/slipest.ee\\\/#website\",\"url\":\"https:\\\/\\\/slipest.ee\\\/\",\"name\":\"Slipest O\u00dc\",\"description\":\"\",\"publisher\":{\"@id\":\"https:\\\/\\\/slipest.ee\\\/#organization\"},\"potentialAction\":[{\"@type\":\"SearchAction\",\"target\":{\"@type\":\"EntryPoint\",\"urlTemplate\":\"https:\\\/\\\/slipest.ee\\\/?s={search_term_string}\"},\"query-input\":{\"@type\":\"PropertyValueSpecification\",\"valueRequired\":true,\"valueName\":\"search_term_string\"}}],\"inLanguage\":\"et\"},{\"@type\":\"Organization\",\"@id\":\"https:\\\/\\\/slipest.ee\\\/#organization\",\"name\":\"Slipest O\u00dc\",\"url\":\"https:\\\/\\\/slipest.ee\\\/\",\"logo\":{\"@type\":\"ImageObject\",\"inLanguage\":\"et\",\"@id\":\"https:\\\/\\\/slipest.ee\\\/#\\\/schema\\\/logo\\\/image\\\/\",\"url\":\"https:\\\/\\\/slipest.ee\\\/wp-content\\\/uploads\\\/2024\\\/03\\\/cropped-c1bbbe_d14482f5eeae484aa0ebaa13ab308e28_mv2-2048x1051-1.png\",\"contentUrl\":\"https:\\\/\\\/slipest.ee\\\/wp-content\\\/uploads\\\/2024\\\/03\\\/cropped-c1bbbe_d14482f5eeae484aa0ebaa13ab308e28_mv2-2048x1051-1.png\",\"width\":133,\"height\":100,\"caption\":\"Slipest O\u00dc\"},\"image\":{\"@id\":\"https:\\\/\\\/slipest.ee\\\/#\\\/schema\\\/logo\\\/image\\\/\"}}]}<\/script>\n<!-- \/ Yoast SEO plugin. -->","yoast_head_json":{"title":"Silopalli kile Endurance 7 - Slipest O\u00dc","robots":{"index":"index","follow":"follow","max-snippet":"max-snippet:-1","max-image-preview":"max-image-preview:large","max-video-preview":"max-video-preview:-1"},"canonical":"https:\/\/slipest.ee\/et\/toode\/silopalli-kile-endurance-7\/","og_locale":"et_EE","og_type":"article","og_title":"Silopalli kile Endurance 7 - Slipest O\u00dc","og_description":"Suurep\u00e4raste omadustega 7 kihiline silopallikile  T\u00e4nu 80% venivusele sobib ka k\u00f5ige uuematele kiletajatele ja kombipressidele  100% uus tooraine\u00a0 C8 sisaldab pol\u00fcmeeri metalosen mis annab kilele v\u00e4ga hea torke-ja rebenemiskindluse, seega sobib ka kuivema massi kiletamiseks  Uus kahekihiline liim \u00fches coex tehnoloogiaga tagavad kihtide \u00fchtlase kleepuvuse ja v\u00e4ga hea hapnikukaitse.  100% taaskasutatav  UV kaitse","og_url":"https:\/\/slipest.ee\/et\/toode\/silopalli-kile-endurance-7\/","og_site_name":"Slipest O\u00dc","article_modified_time":"2026-02-09T12:53:08+00:00","og_image":[{"width":1047,"height":1362,"url":"https:\/\/slipest.ee\/wp-content\/uploads\/2025\/02\/1000021303.jpg","type":"image\/jpeg"}],"twitter_card":"summary_large_image","twitter_misc":{"Est. reading time":"1 minut"},"schema":{"@context":"https:\/\/schema.org","@graph":[{"@type":"WebPage","@id":"https:\/\/slipest.ee\/toode\/silopalli-kile-endurance-7\/","url":"https:\/\/slipest.ee\/toode\/silopalli-kile-endurance-7\/","name":"Silopalli kile Endurance 7 - Slipest O\u00dc","isPartOf":{"@id":"https:\/\/slipest.ee\/#website"},"primaryImageOfPage":{"@id":"https:\/\/slipest.ee\/toode\/silopalli-kile-endurance-7\/#primaryimage"},"image":{"@id":"https:\/\/slipest.ee\/toode\/silopalli-kile-endurance-7\/#primaryimage"},"thumbnailUrl":"https:\/\/slipest.ee\/wp-content\/uploads\/2025\/02\/1000021303.jpg","datePublished":"2025-02-07T21:22:45+00:00","dateModified":"2026-02-09T12:53:08+00:00","breadcrumb":{"@id":"https:\/\/slipest.ee\/toode\/silopalli-kile-endurance-7\/#breadcrumb"},"inLanguage":"et","potentialAction":[{"@type":"ReadAction","target":["https:\/\/slipest.ee\/toode\/silopalli-kile-endurance-7\/"]}]},{"@type":"ImageObject","inLanguage":"et","@id":"https:\/\/slipest.ee\/toode\/silopalli-kile-endurance-7\/#primaryimage","url":"https:\/\/slipest.ee\/wp-content\/uploads\/2025\/02\/1000021303.jpg","contentUrl":"https:\/\/slipest.ee\/wp-content\/uploads\/2025\/02\/1000021303.jpg","width":1047,"height":1362},{"@type":"BreadcrumbList","@id":"https:\/\/slipest.ee\/toode\/silopalli-kile-endurance-7\/#breadcrumb","itemListElement":[{"@type":"ListItem","position":1,"name":"Home","item":"https:\/\/slipest.ee\/"},{"@type":"ListItem","position":2,"name":"Silopalli kile Endurance 7"}]},{"@type":"WebSite","@id":"https:\/\/slipest.ee\/#website","url":"https:\/\/slipest.ee\/","name":"Slipest O\u00dc","description":"","publisher":{"@id":"https:\/\/slipest.ee\/#organization"},"potentialAction":[{"@type":"SearchAction","target":{"@type":"EntryPoint","urlTemplate":"https:\/\/slipest.ee\/?s={search_term_string}"},"query-input":{"@type":"PropertyValueSpecification","valueRequired":true,"valueName":"search_term_string"}}],"inLanguage":"et"},{"@type":"Organization","@id":"https:\/\/slipest.ee\/#organization","name":"Slipest O\u00dc","url":"https:\/\/slipest.ee\/","logo":{"@type":"ImageObject","inLanguage":"et","@id":"https:\/\/slipest.ee\/#\/schema\/logo\/image\/","url":"https:\/\/slipest.ee\/wp-content\/uploads\/2024\/03\/cropped-c1bbbe_d14482f5eeae484aa0ebaa13ab308e28_mv2-2048x1051-1.png","contentUrl":"https:\/\/slipest.ee\/wp-content\/uploads\/2024\/03\/cropped-c1bbbe_d14482f5eeae484aa0ebaa13ab308e28_mv2-2048x1051-1.png","width":133,"height":100,"caption":"Slipest O\u00dc"},"image":{"@id":"https:\/\/slipest.ee\/#\/schema\/logo\/image\/"}}]}},"_links":{"self":[{"href":"https:\/\/slipest.ee\/et\/wp-json\/wp\/v2\/product\/480","targetHints":{"allow":["GET"]}}],"collection":[{"href":"https:\/\/slipest.ee\/et\/wp-json\/wp\/v2\/product"}],"about":[{"href":"https:\/\/slipest.ee\/et\/wp-json\/wp\/v2\/types\/product"}],"replies":[{"embeddable":true,"href":"https:\/\/slipest.ee\/et\/wp-json\/wp\/v2\/comments?post=480"}],"wp:featuredmedia":[{"embeddable":true,"href":"https:\/\/slipest.ee\/et\/wp-json\/wp\/v2\/media\/546"}],"wp:attachment":[{"href":"https:\/\/slipest.ee\/et\/wp-json\/wp\/v2\/media?parent=480"}],"wp:term":[{"taxonomy":"product_brand","embeddable":true,"href":"https:\/\/slipest.ee\/et\/wp-json\/wp\/v2\/product_brand?post=480"},{"taxonomy":"product_cat","embeddable":true,"href":"https:\/\/slipest.ee\/et\/wp-json\/wp\/v2\/product_cat?post=480"},{"taxonomy":"product_tag","embeddable":true,"href":"https:\/\/slipest.ee\/et\/wp-json\/wp\/v2\/product_tag?post=480"}],"curies":[{"name":"wp","href":"https:\/\/api.w.org\/{rel}","templated":true}]}}