{"id":415,"date":"2024-11-24T09:45:18","date_gmt":"2024-11-24T09:45:18","guid":{"rendered":"https:\/\/slipest.ee\/?post_type=product&#038;p=415"},"modified":"2025-01-29T14:35:13","modified_gmt":"2025-01-29T14:35:13","slug":"uus-silopalli-kile-nariliste-ja-linnutorjega-siloguardian","status":"publish","type":"product","link":"https:\/\/slipest.ee\/et\/toode\/uus-silopalli-kile-nariliste-ja-linnutorjega-siloguardian\/","title":{"rendered":"UUS!  Silopalli kile n\u00e4riliste -ja linnut\u00f5rjega SILOGUARDIAN"},"content":{"rendered":"","protected":false},"excerpt":{"rendered":"<p>SILOGUARDIAN on uuenduslik lahendus silo kaitsmiseks n\u00e4riliste ja lindude eest. Tooraine koostises on <em>Combirepel<\/em><sup>TM\u00a0<\/sup><\/p>\n<p>looduslik toimeaine, mis tagab t\u00f5husa t\u00f5rjuva toime olles samal ajal ohutu inimestele, loomadele ja kogu \u00f6kos\u00fcsteemile.<\/p>\n<p>Kile mehhaanilised omadused v\u00f5imaldavad kilet venitada kuni 90% ( \u00fchest rullist kuni 26 palli ), et muuta kiletamine veelgi kulut\u00f5husamaks ja s\u00e4\u00e4sta aega rullivahetuel.<\/p>\n<p>Toode on saanud heakskiidu ECHA ( European Chemicals Agency ) poolt, mis annab tunnustust toote ohutusle.<\/p>\n<p>&nbsp;<\/p>\n<p><a href=\"https:\/\/slipest.ee\/wp-content\/uploads\/2025\/01\/SILOGUARDIAN-EST.pdf\">Laadi alla tutvustav infoleht: SILOGUARDIAN EST<\/a><\/p>\n<p>&nbsp;<\/p>\n<p>&nbsp;<\/p>\n","protected":false},"featured_media":424,"comment_status":"closed","ping_status":"closed","template":"","meta":[],"product_brand":[],"product_cat":[24],"product_tag":[],"class_list":{"0":"post-415","1":"product","2":"type-product","3":"status-publish","4":"has-post-thumbnail","6":"product_cat-silopalli-kile","8":"first","9":"instock","10":"shipping-taxable","11":"product-type-simple"},"acf":[],"yoast_head":"<!-- This site is optimized with the Yoast SEO plugin v27.3 - https:\/\/yoast.com\/product\/yoast-seo-wordpress\/ -->\n<title>UUS! Silopalli kile n\u00e4riliste -ja linnut\u00f5rjega SILOGUARDIAN - Slipest O\u00dc<\/title>\n<meta name=\"robots\" content=\"index, follow, max-snippet:-1, max-image-preview:large, max-video-preview:-1\" \/>\n<link rel=\"canonical\" href=\"https:\/\/slipest.ee\/et\/toode\/uus-silopalli-kile-nariliste-ja-linnutorjega-siloguardian\/\" \/>\n<meta property=\"og:locale\" content=\"et_EE\" \/>\n<meta property=\"og:type\" content=\"article\" \/>\n<meta property=\"og:title\" content=\"UUS! Silopalli kile n\u00e4riliste -ja linnut\u00f5rjega SILOGUARDIAN - Slipest O\u00dc\" \/>\n<meta property=\"og:description\" content=\"SILOGUARDIAN on uuenduslik lahendus silo kaitsmiseks n\u00e4riliste ja lindude eest. Tooraine koostises on CombirepelTM\u00a0  looduslik toimeaine, mis tagab t\u00f5husa t\u00f5rjuva toime olles samal ajal ohutu inimestele, loomadele ja kogu \u00f6kos\u00fcsteemile.  Kile mehhaanilised omadused v\u00f5imaldavad kilet venitada kuni 90% ( \u00fchest rullist kuni 26 palli ), et muuta kiletamine veelgi kulut\u00f5husamaks ja s\u00e4\u00e4sta aega rullivahetuel.  Toode on saanud heakskiidu ECHA ( European Chemicals Agency ) poolt, mis annab tunnustust toote ohutusle.  &nbsp;  Laadi alla tutvustav infoleht: SILOGUARDIAN EST  &nbsp;  &nbsp;\" \/>\n<meta property=\"og:url\" content=\"https:\/\/slipest.ee\/et\/toode\/uus-silopalli-kile-nariliste-ja-linnutorjega-siloguardian\/\" \/>\n<meta property=\"og:site_name\" content=\"Slipest O\u00dc\" \/>\n<meta property=\"article:modified_time\" content=\"2025-01-29T14:35:13+00:00\" \/>\n<meta property=\"og:image\" content=\"https:\/\/slipest.ee\/wp-content\/uploads\/2024\/11\/Siloguardian-bodegon-sin-bobina-scaled.jpg\" \/>\n\t<meta property=\"og:image:width\" content=\"1592\" \/>\n\t<meta property=\"og:image:height\" content=\"2560\" \/>\n\t<meta property=\"og:image:type\" content=\"image\/jpeg\" \/>\n<meta name=\"twitter:card\" content=\"summary_large_image\" \/>\n<meta name=\"twitter:label1\" content=\"Est. reading time\" \/>\n\t<meta name=\"twitter:data1\" content=\"1 minut\" \/>\n<script type=\"application\/ld+json\" class=\"yoast-schema-graph\">{\"@context\":\"https:\\\/\\\/schema.org\",\"@graph\":[{\"@type\":\"WebPage\",\"@id\":\"https:\\\/\\\/slipest.ee\\\/toode\\\/uus-silopalli-kile-nariliste-ja-linnutorjega-siloguardian\\\/\",\"url\":\"https:\\\/\\\/slipest.ee\\\/toode\\\/uus-silopalli-kile-nariliste-ja-linnutorjega-siloguardian\\\/\",\"name\":\"UUS! Silopalli kile n\u00e4riliste -ja linnut\u00f5rjega SILOGUARDIAN - Slipest O\u00dc\",\"isPartOf\":{\"@id\":\"https:\\\/\\\/slipest.ee\\\/#website\"},\"primaryImageOfPage\":{\"@id\":\"https:\\\/\\\/slipest.ee\\\/toode\\\/uus-silopalli-kile-nariliste-ja-linnutorjega-siloguardian\\\/#primaryimage\"},\"image\":{\"@id\":\"https:\\\/\\\/slipest.ee\\\/toode\\\/uus-silopalli-kile-nariliste-ja-linnutorjega-siloguardian\\\/#primaryimage\"},\"thumbnailUrl\":\"https:\\\/\\\/slipest.ee\\\/wp-content\\\/uploads\\\/2024\\\/11\\\/Siloguardian-bodegon-sin-bobina-scaled.jpg\",\"datePublished\":\"2024-11-24T09:45:18+00:00\",\"dateModified\":\"2025-01-29T14:35:13+00:00\",\"breadcrumb\":{\"@id\":\"https:\\\/\\\/slipest.ee\\\/toode\\\/uus-silopalli-kile-nariliste-ja-linnutorjega-siloguardian\\\/#breadcrumb\"},\"inLanguage\":\"et\",\"potentialAction\":[{\"@type\":\"ReadAction\",\"target\":[\"https:\\\/\\\/slipest.ee\\\/toode\\\/uus-silopalli-kile-nariliste-ja-linnutorjega-siloguardian\\\/\"]}]},{\"@type\":\"ImageObject\",\"inLanguage\":\"et\",\"@id\":\"https:\\\/\\\/slipest.ee\\\/toode\\\/uus-silopalli-kile-nariliste-ja-linnutorjega-siloguardian\\\/#primaryimage\",\"url\":\"https:\\\/\\\/slipest.ee\\\/wp-content\\\/uploads\\\/2024\\\/11\\\/Siloguardian-bodegon-sin-bobina-scaled.jpg\",\"contentUrl\":\"https:\\\/\\\/slipest.ee\\\/wp-content\\\/uploads\\\/2024\\\/11\\\/Siloguardian-bodegon-sin-bobina-scaled.jpg\",\"width\":1592,\"height\":2560},{\"@type\":\"BreadcrumbList\",\"@id\":\"https:\\\/\\\/slipest.ee\\\/toode\\\/uus-silopalli-kile-nariliste-ja-linnutorjega-siloguardian\\\/#breadcrumb\",\"itemListElement\":[{\"@type\":\"ListItem\",\"position\":1,\"name\":\"Home\",\"item\":\"https:\\\/\\\/slipest.ee\\\/\"},{\"@type\":\"ListItem\",\"position\":2,\"name\":\"UUS! Silopalli kile n\u00e4riliste -ja linnut\u00f5rjega SILOGUARDIAN\"}]},{\"@type\":\"WebSite\",\"@id\":\"https:\\\/\\\/slipest.ee\\\/#website\",\"url\":\"https:\\\/\\\/slipest.ee\\\/\",\"name\":\"Slipest O\u00dc\",\"description\":\"\",\"publisher\":{\"@id\":\"https:\\\/\\\/slipest.ee\\\/#organization\"},\"potentialAction\":[{\"@type\":\"SearchAction\",\"target\":{\"@type\":\"EntryPoint\",\"urlTemplate\":\"https:\\\/\\\/slipest.ee\\\/?s={search_term_string}\"},\"query-input\":{\"@type\":\"PropertyValueSpecification\",\"valueRequired\":true,\"valueName\":\"search_term_string\"}}],\"inLanguage\":\"et\"},{\"@type\":\"Organization\",\"@id\":\"https:\\\/\\\/slipest.ee\\\/#organization\",\"name\":\"Slipest O\u00dc\",\"url\":\"https:\\\/\\\/slipest.ee\\\/\",\"logo\":{\"@type\":\"ImageObject\",\"inLanguage\":\"et\",\"@id\":\"https:\\\/\\\/slipest.ee\\\/#\\\/schema\\\/logo\\\/image\\\/\",\"url\":\"https:\\\/\\\/slipest.ee\\\/wp-content\\\/uploads\\\/2024\\\/03\\\/cropped-c1bbbe_d14482f5eeae484aa0ebaa13ab308e28_mv2-2048x1051-1.png\",\"contentUrl\":\"https:\\\/\\\/slipest.ee\\\/wp-content\\\/uploads\\\/2024\\\/03\\\/cropped-c1bbbe_d14482f5eeae484aa0ebaa13ab308e28_mv2-2048x1051-1.png\",\"width\":133,\"height\":100,\"caption\":\"Slipest O\u00dc\"},\"image\":{\"@id\":\"https:\\\/\\\/slipest.ee\\\/#\\\/schema\\\/logo\\\/image\\\/\"}}]}<\/script>\n<!-- \/ Yoast SEO plugin. -->","yoast_head_json":{"title":"UUS! Silopalli kile n\u00e4riliste -ja linnut\u00f5rjega SILOGUARDIAN - Slipest O\u00dc","robots":{"index":"index","follow":"follow","max-snippet":"max-snippet:-1","max-image-preview":"max-image-preview:large","max-video-preview":"max-video-preview:-1"},"canonical":"https:\/\/slipest.ee\/et\/toode\/uus-silopalli-kile-nariliste-ja-linnutorjega-siloguardian\/","og_locale":"et_EE","og_type":"article","og_title":"UUS! Silopalli kile n\u00e4riliste -ja linnut\u00f5rjega SILOGUARDIAN - Slipest O\u00dc","og_description":"SILOGUARDIAN on uuenduslik lahendus silo kaitsmiseks n\u00e4riliste ja lindude eest. Tooraine koostises on CombirepelTM\u00a0  looduslik toimeaine, mis tagab t\u00f5husa t\u00f5rjuva toime olles samal ajal ohutu inimestele, loomadele ja kogu \u00f6kos\u00fcsteemile.  Kile mehhaanilised omadused v\u00f5imaldavad kilet venitada kuni 90% ( \u00fchest rullist kuni 26 palli ), et muuta kiletamine veelgi kulut\u00f5husamaks ja s\u00e4\u00e4sta aega rullivahetuel.  Toode on saanud heakskiidu ECHA ( European Chemicals Agency ) poolt, mis annab tunnustust toote ohutusle.  &nbsp;  Laadi alla tutvustav infoleht: SILOGUARDIAN EST  &nbsp;  &nbsp;","og_url":"https:\/\/slipest.ee\/et\/toode\/uus-silopalli-kile-nariliste-ja-linnutorjega-siloguardian\/","og_site_name":"Slipest O\u00dc","article_modified_time":"2025-01-29T14:35:13+00:00","og_image":[{"width":1592,"height":2560,"url":"https:\/\/slipest.ee\/wp-content\/uploads\/2024\/11\/Siloguardian-bodegon-sin-bobina-scaled.jpg","type":"image\/jpeg"}],"twitter_card":"summary_large_image","twitter_misc":{"Est. reading time":"1 minut"},"schema":{"@context":"https:\/\/schema.org","@graph":[{"@type":"WebPage","@id":"https:\/\/slipest.ee\/toode\/uus-silopalli-kile-nariliste-ja-linnutorjega-siloguardian\/","url":"https:\/\/slipest.ee\/toode\/uus-silopalli-kile-nariliste-ja-linnutorjega-siloguardian\/","name":"UUS! Silopalli kile n\u00e4riliste -ja linnut\u00f5rjega SILOGUARDIAN - Slipest O\u00dc","isPartOf":{"@id":"https:\/\/slipest.ee\/#website"},"primaryImageOfPage":{"@id":"https:\/\/slipest.ee\/toode\/uus-silopalli-kile-nariliste-ja-linnutorjega-siloguardian\/#primaryimage"},"image":{"@id":"https:\/\/slipest.ee\/toode\/uus-silopalli-kile-nariliste-ja-linnutorjega-siloguardian\/#primaryimage"},"thumbnailUrl":"https:\/\/slipest.ee\/wp-content\/uploads\/2024\/11\/Siloguardian-bodegon-sin-bobina-scaled.jpg","datePublished":"2024-11-24T09:45:18+00:00","dateModified":"2025-01-29T14:35:13+00:00","breadcrumb":{"@id":"https:\/\/slipest.ee\/toode\/uus-silopalli-kile-nariliste-ja-linnutorjega-siloguardian\/#breadcrumb"},"inLanguage":"et","potentialAction":[{"@type":"ReadAction","target":["https:\/\/slipest.ee\/toode\/uus-silopalli-kile-nariliste-ja-linnutorjega-siloguardian\/"]}]},{"@type":"ImageObject","inLanguage":"et","@id":"https:\/\/slipest.ee\/toode\/uus-silopalli-kile-nariliste-ja-linnutorjega-siloguardian\/#primaryimage","url":"https:\/\/slipest.ee\/wp-content\/uploads\/2024\/11\/Siloguardian-bodegon-sin-bobina-scaled.jpg","contentUrl":"https:\/\/slipest.ee\/wp-content\/uploads\/2024\/11\/Siloguardian-bodegon-sin-bobina-scaled.jpg","width":1592,"height":2560},{"@type":"BreadcrumbList","@id":"https:\/\/slipest.ee\/toode\/uus-silopalli-kile-nariliste-ja-linnutorjega-siloguardian\/#breadcrumb","itemListElement":[{"@type":"ListItem","position":1,"name":"Home","item":"https:\/\/slipest.ee\/"},{"@type":"ListItem","position":2,"name":"UUS! Silopalli kile n\u00e4riliste -ja linnut\u00f5rjega SILOGUARDIAN"}]},{"@type":"WebSite","@id":"https:\/\/slipest.ee\/#website","url":"https:\/\/slipest.ee\/","name":"Slipest O\u00dc","description":"","publisher":{"@id":"https:\/\/slipest.ee\/#organization"},"potentialAction":[{"@type":"SearchAction","target":{"@type":"EntryPoint","urlTemplate":"https:\/\/slipest.ee\/?s={search_term_string}"},"query-input":{"@type":"PropertyValueSpecification","valueRequired":true,"valueName":"search_term_string"}}],"inLanguage":"et"},{"@type":"Organization","@id":"https:\/\/slipest.ee\/#organization","name":"Slipest O\u00dc","url":"https:\/\/slipest.ee\/","logo":{"@type":"ImageObject","inLanguage":"et","@id":"https:\/\/slipest.ee\/#\/schema\/logo\/image\/","url":"https:\/\/slipest.ee\/wp-content\/uploads\/2024\/03\/cropped-c1bbbe_d14482f5eeae484aa0ebaa13ab308e28_mv2-2048x1051-1.png","contentUrl":"https:\/\/slipest.ee\/wp-content\/uploads\/2024\/03\/cropped-c1bbbe_d14482f5eeae484aa0ebaa13ab308e28_mv2-2048x1051-1.png","width":133,"height":100,"caption":"Slipest O\u00dc"},"image":{"@id":"https:\/\/slipest.ee\/#\/schema\/logo\/image\/"}}]}},"_links":{"self":[{"href":"https:\/\/slipest.ee\/et\/wp-json\/wp\/v2\/product\/415","targetHints":{"allow":["GET"]}}],"collection":[{"href":"https:\/\/slipest.ee\/et\/wp-json\/wp\/v2\/product"}],"about":[{"href":"https:\/\/slipest.ee\/et\/wp-json\/wp\/v2\/types\/product"}],"replies":[{"embeddable":true,"href":"https:\/\/slipest.ee\/et\/wp-json\/wp\/v2\/comments?post=415"}],"wp:featuredmedia":[{"embeddable":true,"href":"https:\/\/slipest.ee\/et\/wp-json\/wp\/v2\/media\/424"}],"wp:attachment":[{"href":"https:\/\/slipest.ee\/et\/wp-json\/wp\/v2\/media?parent=415"}],"wp:term":[{"taxonomy":"product_brand","embeddable":true,"href":"https:\/\/slipest.ee\/et\/wp-json\/wp\/v2\/product_brand?post=415"},{"taxonomy":"product_cat","embeddable":true,"href":"https:\/\/slipest.ee\/et\/wp-json\/wp\/v2\/product_cat?post=415"},{"taxonomy":"product_tag","embeddable":true,"href":"https:\/\/slipest.ee\/et\/wp-json\/wp\/v2\/product_tag?post=415"}],"curies":[{"name":"wp","href":"https:\/\/api.w.org\/{rel}","templated":true}]}}