{"id":141,"date":"2023-03-31T09:49:36","date_gmt":"2023-03-31T09:49:36","guid":{"rendered":"https:\/\/slipest.ee\/?post_type=product&#038;p=141"},"modified":"2024-04-20T07:28:08","modified_gmt":"2024-04-20T07:28:08","slug":"silopalli-kile-aspla-eco-plus","status":"publish","type":"product","link":"https:\/\/slipest.ee\/et\/toode\/silopalli-kile-aspla-eco-plus\/","title":{"rendered":"Silopallikile Aspla ECO PLUS"},"content":{"rendered":"","protected":false},"excerpt":{"rendered":"<p><strong>Eco Plus\u00ae on uue p\u00f5lvkonna \u00f6konoomne lahendus silopallide kiletamiseks.<\/strong><\/p>\n<p>Eco Plus\u00ae agri-stretch film t\u00f6\u00f6tati v\u00e4lja pakkumaks suuremat j\u00f5udlust pallide pakkimisel. Rullidel on 10% rohkem kilet, v\u00f5rreldes tavalise 750 mm kilega (1650 m, erinevalt tavap\u00e4rasest 1500 m).<br \/>\nSee lisapikkus v\u00f5imaldab kiletada kuni 3 palli enam, optimeerides ja v\u00e4hendades materjali ja t\u00f6\u00f6aja kulu. P\u00e4eva l\u00f5pus tuleb vahetada v\u00e4hem rulle ja l\u00fcheneb masina seisuaeg. \u00dche rulliga saab kiletaga 24-25 palli ( 6 kihti)<br \/>\nLihtne arvutus n\u00e4itab, et jagades rulli hinna Eco Plus\u00ae-i abil saadud pallide arvuga, saate suurep\u00e4rase kulude-tulude suhte, mida teistel br\u00e4ndidel on raske \u00fcletada.<br \/>\nT\u00e4nu oma 10% -lisele kulutasuvusele on Eco Plus\u00ae veniv kile, mis pakub turul parimat hinna ja kvaliteedi suhet.<\/p>\n<p><strong>Eco Plus\u00ae on 7-kihiline koekstrudeeritud kile, mida toodetakse spetsiaalsete uusima p\u00f5lvkonna pol\u00fcet\u00fcleenist kopol\u00fcmeeridega. Need tagavad suurep\u00e4rase vastupidavuse venivusele ja torgetele (k\u00f5rgemad kui tavalistel kiledel). Eco Plus\u00ae jaoks on valitud spetsiaalne tooraine\u00a0 ja patendeeritud retsept.<\/strong><\/p>\n","protected":false},"featured_media":340,"comment_status":"closed","ping_status":"closed","template":"","meta":[],"product_brand":[],"product_cat":[24],"product_tag":[],"class_list":{"0":"post-141","1":"product","2":"type-product","3":"status-publish","4":"has-post-thumbnail","6":"product_cat-silopalli-kile","8":"first","9":"instock","10":"shipping-taxable","11":"product-type-simple"},"acf":[],"yoast_head":"<!-- This site is optimized with the Yoast SEO plugin v27.3 - https:\/\/yoast.com\/product\/yoast-seo-wordpress\/ -->\n<title>Silopallikile Aspla ECO PLUS - Slipest O\u00dc<\/title>\n<meta name=\"robots\" content=\"index, follow, max-snippet:-1, max-image-preview:large, max-video-preview:-1\" \/>\n<link rel=\"canonical\" href=\"https:\/\/slipest.ee\/et\/toode\/silopalli-kile-aspla-eco-plus\/\" \/>\n<meta property=\"og:locale\" content=\"et_EE\" \/>\n<meta property=\"og:type\" content=\"article\" \/>\n<meta property=\"og:title\" content=\"Silopallikile Aspla ECO PLUS - Slipest O\u00dc\" \/>\n<meta property=\"og:description\" content=\"Eco Plus\u00ae on uue p\u00f5lvkonna \u00f6konoomne lahendus silopallide kiletamiseks.  Eco Plus\u00ae agri-stretch film t\u00f6\u00f6tati v\u00e4lja pakkumaks suuremat j\u00f5udlust pallide pakkimisel. Rullidel on 10% rohkem kilet, v\u00f5rreldes tavalise 750 mm kilega (1650 m, erinevalt tavap\u00e4rasest 1500 m). See lisapikkus v\u00f5imaldab kiletada kuni 3 palli enam, optimeerides ja v\u00e4hendades materjali ja t\u00f6\u00f6aja kulu. P\u00e4eva l\u00f5pus tuleb vahetada v\u00e4hem rulle ja l\u00fcheneb masina seisuaeg. \u00dche rulliga saab kiletaga 24-25 palli ( 6 kihti) Lihtne arvutus n\u00e4itab, et jagades rulli hinna Eco Plus\u00ae-i abil saadud pallide arvuga, saate suurep\u00e4rase kulude-tulude suhte, mida teistel br\u00e4ndidel on raske \u00fcletada. T\u00e4nu oma 10% -lisele kulutasuvusele on Eco Plus\u00ae veniv kile, mis pakub turul parimat hinna ja kvaliteedi suhet.  Eco Plus\u00ae on 7-kihiline koekstrudeeritud kile, mida toodetakse spetsiaalsete uusima p\u00f5lvkonna pol\u00fcet\u00fcleenist kopol\u00fcmeeridega. Need tagavad suurep\u00e4rase vastupidavuse venivusele ja torgetele (k\u00f5rgemad kui tavalistel kiledel). Eco Plus\u00ae jaoks on valitud spetsiaalne tooraine\u00a0 ja patendeeritud retsept.\" \/>\n<meta property=\"og:url\" content=\"https:\/\/slipest.ee\/et\/toode\/silopalli-kile-aspla-eco-plus\/\" \/>\n<meta property=\"og:site_name\" content=\"Slipest O\u00dc\" \/>\n<meta property=\"article:modified_time\" content=\"2024-04-20T07:28:08+00:00\" \/>\n<meta property=\"og:image\" content=\"https:\/\/slipest.ee\/wp-content\/uploads\/2023\/03\/ECOPLUS-blanco-scaled.jpg\" \/>\n\t<meta property=\"og:image:width\" content=\"1810\" \/>\n\t<meta property=\"og:image:height\" content=\"2560\" \/>\n\t<meta property=\"og:image:type\" content=\"image\/jpeg\" \/>\n<meta name=\"twitter:card\" content=\"summary_large_image\" \/>\n<meta name=\"twitter:label1\" content=\"Est. reading time\" \/>\n\t<meta name=\"twitter:data1\" content=\"1 minut\" \/>\n<script type=\"application\/ld+json\" class=\"yoast-schema-graph\">{\"@context\":\"https:\\\/\\\/schema.org\",\"@graph\":[{\"@type\":\"WebPage\",\"@id\":\"https:\\\/\\\/slipest.ee\\\/toode\\\/silopalli-kile-aspla-eco-plus\\\/\",\"url\":\"https:\\\/\\\/slipest.ee\\\/toode\\\/silopalli-kile-aspla-eco-plus\\\/\",\"name\":\"Silopallikile Aspla ECO PLUS - Slipest O\u00dc\",\"isPartOf\":{\"@id\":\"https:\\\/\\\/slipest.ee\\\/#website\"},\"primaryImageOfPage\":{\"@id\":\"https:\\\/\\\/slipest.ee\\\/toode\\\/silopalli-kile-aspla-eco-plus\\\/#primaryimage\"},\"image\":{\"@id\":\"https:\\\/\\\/slipest.ee\\\/toode\\\/silopalli-kile-aspla-eco-plus\\\/#primaryimage\"},\"thumbnailUrl\":\"https:\\\/\\\/slipest.ee\\\/wp-content\\\/uploads\\\/2023\\\/03\\\/ECOPLUS-blanco-scaled.jpg\",\"datePublished\":\"2023-03-31T09:49:36+00:00\",\"dateModified\":\"2024-04-20T07:28:08+00:00\",\"breadcrumb\":{\"@id\":\"https:\\\/\\\/slipest.ee\\\/toode\\\/silopalli-kile-aspla-eco-plus\\\/#breadcrumb\"},\"inLanguage\":\"et\",\"potentialAction\":[{\"@type\":\"ReadAction\",\"target\":[\"https:\\\/\\\/slipest.ee\\\/toode\\\/silopalli-kile-aspla-eco-plus\\\/\"]}]},{\"@type\":\"ImageObject\",\"inLanguage\":\"et\",\"@id\":\"https:\\\/\\\/slipest.ee\\\/toode\\\/silopalli-kile-aspla-eco-plus\\\/#primaryimage\",\"url\":\"https:\\\/\\\/slipest.ee\\\/wp-content\\\/uploads\\\/2023\\\/03\\\/ECOPLUS-blanco-scaled.jpg\",\"contentUrl\":\"https:\\\/\\\/slipest.ee\\\/wp-content\\\/uploads\\\/2023\\\/03\\\/ECOPLUS-blanco-scaled.jpg\",\"width\":1810,\"height\":2560},{\"@type\":\"BreadcrumbList\",\"@id\":\"https:\\\/\\\/slipest.ee\\\/toode\\\/silopalli-kile-aspla-eco-plus\\\/#breadcrumb\",\"itemListElement\":[{\"@type\":\"ListItem\",\"position\":1,\"name\":\"Home\",\"item\":\"https:\\\/\\\/slipest.ee\\\/\"},{\"@type\":\"ListItem\",\"position\":2,\"name\":\"Silopallikile Aspla ECO PLUS\"}]},{\"@type\":\"WebSite\",\"@id\":\"https:\\\/\\\/slipest.ee\\\/#website\",\"url\":\"https:\\\/\\\/slipest.ee\\\/\",\"name\":\"Slipest O\u00dc\",\"description\":\"\",\"publisher\":{\"@id\":\"https:\\\/\\\/slipest.ee\\\/#organization\"},\"potentialAction\":[{\"@type\":\"SearchAction\",\"target\":{\"@type\":\"EntryPoint\",\"urlTemplate\":\"https:\\\/\\\/slipest.ee\\\/?s={search_term_string}\"},\"query-input\":{\"@type\":\"PropertyValueSpecification\",\"valueRequired\":true,\"valueName\":\"search_term_string\"}}],\"inLanguage\":\"et\"},{\"@type\":\"Organization\",\"@id\":\"https:\\\/\\\/slipest.ee\\\/#organization\",\"name\":\"Slipest O\u00dc\",\"url\":\"https:\\\/\\\/slipest.ee\\\/\",\"logo\":{\"@type\":\"ImageObject\",\"inLanguage\":\"et\",\"@id\":\"https:\\\/\\\/slipest.ee\\\/#\\\/schema\\\/logo\\\/image\\\/\",\"url\":\"https:\\\/\\\/slipest.ee\\\/wp-content\\\/uploads\\\/2024\\\/03\\\/cropped-c1bbbe_d14482f5eeae484aa0ebaa13ab308e28_mv2-2048x1051-1.png\",\"contentUrl\":\"https:\\\/\\\/slipest.ee\\\/wp-content\\\/uploads\\\/2024\\\/03\\\/cropped-c1bbbe_d14482f5eeae484aa0ebaa13ab308e28_mv2-2048x1051-1.png\",\"width\":133,\"height\":100,\"caption\":\"Slipest O\u00dc\"},\"image\":{\"@id\":\"https:\\\/\\\/slipest.ee\\\/#\\\/schema\\\/logo\\\/image\\\/\"}}]}<\/script>\n<!-- \/ Yoast SEO plugin. -->","yoast_head_json":{"title":"Silopallikile Aspla ECO PLUS - Slipest O\u00dc","robots":{"index":"index","follow":"follow","max-snippet":"max-snippet:-1","max-image-preview":"max-image-preview:large","max-video-preview":"max-video-preview:-1"},"canonical":"https:\/\/slipest.ee\/et\/toode\/silopalli-kile-aspla-eco-plus\/","og_locale":"et_EE","og_type":"article","og_title":"Silopallikile Aspla ECO PLUS - Slipest O\u00dc","og_description":"Eco Plus\u00ae on uue p\u00f5lvkonna \u00f6konoomne lahendus silopallide kiletamiseks.  Eco Plus\u00ae agri-stretch film t\u00f6\u00f6tati v\u00e4lja pakkumaks suuremat j\u00f5udlust pallide pakkimisel. Rullidel on 10% rohkem kilet, v\u00f5rreldes tavalise 750 mm kilega (1650 m, erinevalt tavap\u00e4rasest 1500 m). See lisapikkus v\u00f5imaldab kiletada kuni 3 palli enam, optimeerides ja v\u00e4hendades materjali ja t\u00f6\u00f6aja kulu. P\u00e4eva l\u00f5pus tuleb vahetada v\u00e4hem rulle ja l\u00fcheneb masina seisuaeg. \u00dche rulliga saab kiletaga 24-25 palli ( 6 kihti) Lihtne arvutus n\u00e4itab, et jagades rulli hinna Eco Plus\u00ae-i abil saadud pallide arvuga, saate suurep\u00e4rase kulude-tulude suhte, mida teistel br\u00e4ndidel on raske \u00fcletada. T\u00e4nu oma 10% -lisele kulutasuvusele on Eco Plus\u00ae veniv kile, mis pakub turul parimat hinna ja kvaliteedi suhet.  Eco Plus\u00ae on 7-kihiline koekstrudeeritud kile, mida toodetakse spetsiaalsete uusima p\u00f5lvkonna pol\u00fcet\u00fcleenist kopol\u00fcmeeridega. Need tagavad suurep\u00e4rase vastupidavuse venivusele ja torgetele (k\u00f5rgemad kui tavalistel kiledel). Eco Plus\u00ae jaoks on valitud spetsiaalne tooraine\u00a0 ja patendeeritud retsept.","og_url":"https:\/\/slipest.ee\/et\/toode\/silopalli-kile-aspla-eco-plus\/","og_site_name":"Slipest O\u00dc","article_modified_time":"2024-04-20T07:28:08+00:00","og_image":[{"width":1810,"height":2560,"url":"https:\/\/slipest.ee\/wp-content\/uploads\/2023\/03\/ECOPLUS-blanco-scaled.jpg","type":"image\/jpeg"}],"twitter_card":"summary_large_image","twitter_misc":{"Est. reading time":"1 minut"},"schema":{"@context":"https:\/\/schema.org","@graph":[{"@type":"WebPage","@id":"https:\/\/slipest.ee\/toode\/silopalli-kile-aspla-eco-plus\/","url":"https:\/\/slipest.ee\/toode\/silopalli-kile-aspla-eco-plus\/","name":"Silopallikile Aspla ECO PLUS - Slipest O\u00dc","isPartOf":{"@id":"https:\/\/slipest.ee\/#website"},"primaryImageOfPage":{"@id":"https:\/\/slipest.ee\/toode\/silopalli-kile-aspla-eco-plus\/#primaryimage"},"image":{"@id":"https:\/\/slipest.ee\/toode\/silopalli-kile-aspla-eco-plus\/#primaryimage"},"thumbnailUrl":"https:\/\/slipest.ee\/wp-content\/uploads\/2023\/03\/ECOPLUS-blanco-scaled.jpg","datePublished":"2023-03-31T09:49:36+00:00","dateModified":"2024-04-20T07:28:08+00:00","breadcrumb":{"@id":"https:\/\/slipest.ee\/toode\/silopalli-kile-aspla-eco-plus\/#breadcrumb"},"inLanguage":"et","potentialAction":[{"@type":"ReadAction","target":["https:\/\/slipest.ee\/toode\/silopalli-kile-aspla-eco-plus\/"]}]},{"@type":"ImageObject","inLanguage":"et","@id":"https:\/\/slipest.ee\/toode\/silopalli-kile-aspla-eco-plus\/#primaryimage","url":"https:\/\/slipest.ee\/wp-content\/uploads\/2023\/03\/ECOPLUS-blanco-scaled.jpg","contentUrl":"https:\/\/slipest.ee\/wp-content\/uploads\/2023\/03\/ECOPLUS-blanco-scaled.jpg","width":1810,"height":2560},{"@type":"BreadcrumbList","@id":"https:\/\/slipest.ee\/toode\/silopalli-kile-aspla-eco-plus\/#breadcrumb","itemListElement":[{"@type":"ListItem","position":1,"name":"Home","item":"https:\/\/slipest.ee\/"},{"@type":"ListItem","position":2,"name":"Silopallikile Aspla ECO PLUS"}]},{"@type":"WebSite","@id":"https:\/\/slipest.ee\/#website","url":"https:\/\/slipest.ee\/","name":"Slipest O\u00dc","description":"","publisher":{"@id":"https:\/\/slipest.ee\/#organization"},"potentialAction":[{"@type":"SearchAction","target":{"@type":"EntryPoint","urlTemplate":"https:\/\/slipest.ee\/?s={search_term_string}"},"query-input":{"@type":"PropertyValueSpecification","valueRequired":true,"valueName":"search_term_string"}}],"inLanguage":"et"},{"@type":"Organization","@id":"https:\/\/slipest.ee\/#organization","name":"Slipest O\u00dc","url":"https:\/\/slipest.ee\/","logo":{"@type":"ImageObject","inLanguage":"et","@id":"https:\/\/slipest.ee\/#\/schema\/logo\/image\/","url":"https:\/\/slipest.ee\/wp-content\/uploads\/2024\/03\/cropped-c1bbbe_d14482f5eeae484aa0ebaa13ab308e28_mv2-2048x1051-1.png","contentUrl":"https:\/\/slipest.ee\/wp-content\/uploads\/2024\/03\/cropped-c1bbbe_d14482f5eeae484aa0ebaa13ab308e28_mv2-2048x1051-1.png","width":133,"height":100,"caption":"Slipest O\u00dc"},"image":{"@id":"https:\/\/slipest.ee\/#\/schema\/logo\/image\/"}}]}},"_links":{"self":[{"href":"https:\/\/slipest.ee\/et\/wp-json\/wp\/v2\/product\/141","targetHints":{"allow":["GET"]}}],"collection":[{"href":"https:\/\/slipest.ee\/et\/wp-json\/wp\/v2\/product"}],"about":[{"href":"https:\/\/slipest.ee\/et\/wp-json\/wp\/v2\/types\/product"}],"replies":[{"embeddable":true,"href":"https:\/\/slipest.ee\/et\/wp-json\/wp\/v2\/comments?post=141"}],"wp:featuredmedia":[{"embeddable":true,"href":"https:\/\/slipest.ee\/et\/wp-json\/wp\/v2\/media\/340"}],"wp:attachment":[{"href":"https:\/\/slipest.ee\/et\/wp-json\/wp\/v2\/media?parent=141"}],"wp:term":[{"taxonomy":"product_brand","embeddable":true,"href":"https:\/\/slipest.ee\/et\/wp-json\/wp\/v2\/product_brand?post=141"},{"taxonomy":"product_cat","embeddable":true,"href":"https:\/\/slipest.ee\/et\/wp-json\/wp\/v2\/product_cat?post=141"},{"taxonomy":"product_tag","embeddable":true,"href":"https:\/\/slipest.ee\/et\/wp-json\/wp\/v2\/product_tag?post=141"}],"curies":[{"name":"wp","href":"https:\/\/api.w.org\/{rel}","templated":true}]}}