{"id":110,"date":"2023-03-31T09:49:29","date_gmt":"2023-03-31T09:49:29","guid":{"rendered":"https:\/\/slipest.ee\/?post_type=product&#038;p=110"},"modified":"2023-03-31T09:49:34","modified_gmt":"2023-03-31T09:49:34","slug":"pallinoor-tecfil-300","status":"publish","type":"product","link":"https:\/\/slipest.ee\/et\/toode\/pallinoor-tecfil-300\/","title":{"rendered":"Pallin\u00f6\u00f6r Tecfil 300"},"content":{"rendered":"","protected":false},"excerpt":{"rendered":"<p><strong>&#8211;\u00a0UV kaitse<br \/>\n&#8211; Garanteritud tugevus<br \/>\n&#8211; \u00dchtlane keerdude arv kogu rulli pikkuses.<br \/>\n&#8211; Kiire ja \u00fchtlane lahti kerimine<br \/>\n&#8211; T\u00e4pne meetrite arv kilogrammis<br \/>\n&#8211; Maksimaalne kerimistihedus<\/strong><\/p>\n<p>Valmistaja: Tecfil Portugal<\/p>\n","protected":false},"featured_media":128,"comment_status":"closed","ping_status":"closed","template":"","meta":[],"product_brand":[],"product_cat":[22],"product_tag":[],"class_list":{"0":"post-110","1":"product","2":"type-product","3":"status-publish","4":"has-post-thumbnail","6":"product_cat-noor","8":"first","9":"instock","10":"shipping-taxable","11":"product-type-simple"},"acf":[],"yoast_head":"<!-- This site is optimized with the Yoast SEO plugin v27.3 - https:\/\/yoast.com\/product\/yoast-seo-wordpress\/ -->\n<title>Pallin\u00f6\u00f6r Tecfil 300 - Slipest O\u00dc<\/title>\n<meta name=\"robots\" content=\"index, follow, max-snippet:-1, max-image-preview:large, max-video-preview:-1\" \/>\n<link rel=\"canonical\" href=\"https:\/\/slipest.ee\/et\/toode\/pallinoor-tecfil-300\/\" \/>\n<meta property=\"og:locale\" content=\"et_EE\" \/>\n<meta property=\"og:type\" content=\"article\" \/>\n<meta property=\"og:title\" content=\"Pallin\u00f6\u00f6r Tecfil 300 - Slipest O\u00dc\" \/>\n<meta property=\"og:description\" content=\"-\u00a0UV kaitse - Garanteritud tugevus - \u00dchtlane keerdude arv kogu rulli pikkuses. - Kiire ja \u00fchtlane lahti kerimine - T\u00e4pne meetrite arv kilogrammis - Maksimaalne kerimistihedus  Valmistaja: Tecfil Portugal\" \/>\n<meta property=\"og:url\" content=\"https:\/\/slipest.ee\/et\/toode\/pallinoor-tecfil-300\/\" \/>\n<meta property=\"og:site_name\" content=\"Slipest O\u00dc\" \/>\n<meta property=\"article:modified_time\" content=\"2023-03-31T09:49:34+00:00\" \/>\n<meta property=\"og:image\" content=\"https:\/\/slipest.ee\/wp-content\/uploads\/2023\/03\/Noor-Expor.php_.jpg\" \/>\n\t<meta property=\"og:image:width\" content=\"270\" \/>\n\t<meta property=\"og:image:height\" content=\"270\" \/>\n\t<meta property=\"og:image:type\" content=\"image\/jpeg\" \/>\n<meta name=\"twitter:card\" content=\"summary_large_image\" \/>\n<script type=\"application\/ld+json\" class=\"yoast-schema-graph\">{\"@context\":\"https:\\\/\\\/schema.org\",\"@graph\":[{\"@type\":\"WebPage\",\"@id\":\"https:\\\/\\\/slipest.ee\\\/toode\\\/pallinoor-tecfil-300\\\/\",\"url\":\"https:\\\/\\\/slipest.ee\\\/toode\\\/pallinoor-tecfil-300\\\/\",\"name\":\"Pallin\u00f6\u00f6r Tecfil 300 - Slipest O\u00dc\",\"isPartOf\":{\"@id\":\"https:\\\/\\\/slipest.ee\\\/#website\"},\"primaryImageOfPage\":{\"@id\":\"https:\\\/\\\/slipest.ee\\\/toode\\\/pallinoor-tecfil-300\\\/#primaryimage\"},\"image\":{\"@id\":\"https:\\\/\\\/slipest.ee\\\/toode\\\/pallinoor-tecfil-300\\\/#primaryimage\"},\"thumbnailUrl\":\"https:\\\/\\\/slipest.ee\\\/wp-content\\\/uploads\\\/2023\\\/03\\\/Noor-Expor.php_.jpg\",\"datePublished\":\"2023-03-31T09:49:29+00:00\",\"dateModified\":\"2023-03-31T09:49:34+00:00\",\"breadcrumb\":{\"@id\":\"https:\\\/\\\/slipest.ee\\\/toode\\\/pallinoor-tecfil-300\\\/#breadcrumb\"},\"inLanguage\":\"et\",\"potentialAction\":[{\"@type\":\"ReadAction\",\"target\":[\"https:\\\/\\\/slipest.ee\\\/toode\\\/pallinoor-tecfil-300\\\/\"]}]},{\"@type\":\"ImageObject\",\"inLanguage\":\"et\",\"@id\":\"https:\\\/\\\/slipest.ee\\\/toode\\\/pallinoor-tecfil-300\\\/#primaryimage\",\"url\":\"https:\\\/\\\/slipest.ee\\\/wp-content\\\/uploads\\\/2023\\\/03\\\/Noor-Expor.php_.jpg\",\"contentUrl\":\"https:\\\/\\\/slipest.ee\\\/wp-content\\\/uploads\\\/2023\\\/03\\\/Noor-Expor.php_.jpg\",\"width\":270,\"height\":270},{\"@type\":\"BreadcrumbList\",\"@id\":\"https:\\\/\\\/slipest.ee\\\/toode\\\/pallinoor-tecfil-300\\\/#breadcrumb\",\"itemListElement\":[{\"@type\":\"ListItem\",\"position\":1,\"name\":\"Home\",\"item\":\"https:\\\/\\\/slipest.ee\\\/\"},{\"@type\":\"ListItem\",\"position\":2,\"name\":\"Pallin\u00f6\u00f6r Tecfil 300\"}]},{\"@type\":\"WebSite\",\"@id\":\"https:\\\/\\\/slipest.ee\\\/#website\",\"url\":\"https:\\\/\\\/slipest.ee\\\/\",\"name\":\"Slipest O\u00dc\",\"description\":\"\",\"publisher\":{\"@id\":\"https:\\\/\\\/slipest.ee\\\/#organization\"},\"potentialAction\":[{\"@type\":\"SearchAction\",\"target\":{\"@type\":\"EntryPoint\",\"urlTemplate\":\"https:\\\/\\\/slipest.ee\\\/?s={search_term_string}\"},\"query-input\":{\"@type\":\"PropertyValueSpecification\",\"valueRequired\":true,\"valueName\":\"search_term_string\"}}],\"inLanguage\":\"et\"},{\"@type\":\"Organization\",\"@id\":\"https:\\\/\\\/slipest.ee\\\/#organization\",\"name\":\"Slipest O\u00dc\",\"url\":\"https:\\\/\\\/slipest.ee\\\/\",\"logo\":{\"@type\":\"ImageObject\",\"inLanguage\":\"et\",\"@id\":\"https:\\\/\\\/slipest.ee\\\/#\\\/schema\\\/logo\\\/image\\\/\",\"url\":\"https:\\\/\\\/slipest.ee\\\/wp-content\\\/uploads\\\/2024\\\/03\\\/cropped-c1bbbe_d14482f5eeae484aa0ebaa13ab308e28_mv2-2048x1051-1.png\",\"contentUrl\":\"https:\\\/\\\/slipest.ee\\\/wp-content\\\/uploads\\\/2024\\\/03\\\/cropped-c1bbbe_d14482f5eeae484aa0ebaa13ab308e28_mv2-2048x1051-1.png\",\"width\":133,\"height\":100,\"caption\":\"Slipest O\u00dc\"},\"image\":{\"@id\":\"https:\\\/\\\/slipest.ee\\\/#\\\/schema\\\/logo\\\/image\\\/\"}}]}<\/script>\n<!-- \/ Yoast SEO plugin. -->","yoast_head_json":{"title":"Pallin\u00f6\u00f6r Tecfil 300 - Slipest O\u00dc","robots":{"index":"index","follow":"follow","max-snippet":"max-snippet:-1","max-image-preview":"max-image-preview:large","max-video-preview":"max-video-preview:-1"},"canonical":"https:\/\/slipest.ee\/et\/toode\/pallinoor-tecfil-300\/","og_locale":"et_EE","og_type":"article","og_title":"Pallin\u00f6\u00f6r Tecfil 300 - Slipest O\u00dc","og_description":"-\u00a0UV kaitse - Garanteritud tugevus - \u00dchtlane keerdude arv kogu rulli pikkuses. - Kiire ja \u00fchtlane lahti kerimine - T\u00e4pne meetrite arv kilogrammis - Maksimaalne kerimistihedus  Valmistaja: Tecfil Portugal","og_url":"https:\/\/slipest.ee\/et\/toode\/pallinoor-tecfil-300\/","og_site_name":"Slipest O\u00dc","article_modified_time":"2023-03-31T09:49:34+00:00","og_image":[{"width":270,"height":270,"url":"https:\/\/slipest.ee\/wp-content\/uploads\/2023\/03\/Noor-Expor.php_.jpg","type":"image\/jpeg"}],"twitter_card":"summary_large_image","schema":{"@context":"https:\/\/schema.org","@graph":[{"@type":"WebPage","@id":"https:\/\/slipest.ee\/toode\/pallinoor-tecfil-300\/","url":"https:\/\/slipest.ee\/toode\/pallinoor-tecfil-300\/","name":"Pallin\u00f6\u00f6r Tecfil 300 - Slipest O\u00dc","isPartOf":{"@id":"https:\/\/slipest.ee\/#website"},"primaryImageOfPage":{"@id":"https:\/\/slipest.ee\/toode\/pallinoor-tecfil-300\/#primaryimage"},"image":{"@id":"https:\/\/slipest.ee\/toode\/pallinoor-tecfil-300\/#primaryimage"},"thumbnailUrl":"https:\/\/slipest.ee\/wp-content\/uploads\/2023\/03\/Noor-Expor.php_.jpg","datePublished":"2023-03-31T09:49:29+00:00","dateModified":"2023-03-31T09:49:34+00:00","breadcrumb":{"@id":"https:\/\/slipest.ee\/toode\/pallinoor-tecfil-300\/#breadcrumb"},"inLanguage":"et","potentialAction":[{"@type":"ReadAction","target":["https:\/\/slipest.ee\/toode\/pallinoor-tecfil-300\/"]}]},{"@type":"ImageObject","inLanguage":"et","@id":"https:\/\/slipest.ee\/toode\/pallinoor-tecfil-300\/#primaryimage","url":"https:\/\/slipest.ee\/wp-content\/uploads\/2023\/03\/Noor-Expor.php_.jpg","contentUrl":"https:\/\/slipest.ee\/wp-content\/uploads\/2023\/03\/Noor-Expor.php_.jpg","width":270,"height":270},{"@type":"BreadcrumbList","@id":"https:\/\/slipest.ee\/toode\/pallinoor-tecfil-300\/#breadcrumb","itemListElement":[{"@type":"ListItem","position":1,"name":"Home","item":"https:\/\/slipest.ee\/"},{"@type":"ListItem","position":2,"name":"Pallin\u00f6\u00f6r Tecfil 300"}]},{"@type":"WebSite","@id":"https:\/\/slipest.ee\/#website","url":"https:\/\/slipest.ee\/","name":"Slipest O\u00dc","description":"","publisher":{"@id":"https:\/\/slipest.ee\/#organization"},"potentialAction":[{"@type":"SearchAction","target":{"@type":"EntryPoint","urlTemplate":"https:\/\/slipest.ee\/?s={search_term_string}"},"query-input":{"@type":"PropertyValueSpecification","valueRequired":true,"valueName":"search_term_string"}}],"inLanguage":"et"},{"@type":"Organization","@id":"https:\/\/slipest.ee\/#organization","name":"Slipest O\u00dc","url":"https:\/\/slipest.ee\/","logo":{"@type":"ImageObject","inLanguage":"et","@id":"https:\/\/slipest.ee\/#\/schema\/logo\/image\/","url":"https:\/\/slipest.ee\/wp-content\/uploads\/2024\/03\/cropped-c1bbbe_d14482f5eeae484aa0ebaa13ab308e28_mv2-2048x1051-1.png","contentUrl":"https:\/\/slipest.ee\/wp-content\/uploads\/2024\/03\/cropped-c1bbbe_d14482f5eeae484aa0ebaa13ab308e28_mv2-2048x1051-1.png","width":133,"height":100,"caption":"Slipest O\u00dc"},"image":{"@id":"https:\/\/slipest.ee\/#\/schema\/logo\/image\/"}}]}},"_links":{"self":[{"href":"https:\/\/slipest.ee\/et\/wp-json\/wp\/v2\/product\/110","targetHints":{"allow":["GET"]}}],"collection":[{"href":"https:\/\/slipest.ee\/et\/wp-json\/wp\/v2\/product"}],"about":[{"href":"https:\/\/slipest.ee\/et\/wp-json\/wp\/v2\/types\/product"}],"replies":[{"embeddable":true,"href":"https:\/\/slipest.ee\/et\/wp-json\/wp\/v2\/comments?post=110"}],"wp:featuredmedia":[{"embeddable":true,"href":"https:\/\/slipest.ee\/et\/wp-json\/wp\/v2\/media\/128"}],"wp:attachment":[{"href":"https:\/\/slipest.ee\/et\/wp-json\/wp\/v2\/media?parent=110"}],"wp:term":[{"taxonomy":"product_brand","embeddable":true,"href":"https:\/\/slipest.ee\/et\/wp-json\/wp\/v2\/product_brand?post=110"},{"taxonomy":"product_cat","embeddable":true,"href":"https:\/\/slipest.ee\/et\/wp-json\/wp\/v2\/product_cat?post=110"},{"taxonomy":"product_tag","embeddable":true,"href":"https:\/\/slipest.ee\/et\/wp-json\/wp\/v2\/product_tag?post=110"}],"curies":[{"name":"wp","href":"https:\/\/api.w.org\/{rel}","templated":true}]}}