{"id":102,"date":"2023-03-31T09:49:29","date_gmt":"2023-03-31T09:49:29","guid":{"rendered":"https:\/\/slipest.ee\/?post_type=product&#038;p=102"},"modified":"2024-04-04T11:42:39","modified_gmt":"2024-04-04T11:42:39","slug":"aluskile-40my-20-x-50m","status":"publish","type":"product","link":"https:\/\/slipest.ee\/et\/toode\/aluskile-40my-20-x-50m\/","title":{"rendered":"Aluskile 40my 20 X 50m"},"content":{"rendered":"","protected":false},"excerpt":{"rendered":"<p style=\"text-align: left;\">Aluskile ehk kopeerkile on m\u00f5eldud rohumassi pinna v\u00e4ga tihedaks katmiseks transheedes ja aunadel. Peale rohumassi katmist aluskilega kopeerib kile m\u00f5ne aja p\u00e4rast massi pinnakumerused, v\u00e4hendades sellega \u00f5hu sattumist massi sisse k\u00e4\u00e4rimisperioodil. Vaata\u00a0 transhee katmist <a href=\"http:\/\/slipest.ee\/kasulik-info\/\">siit<\/a><\/p>\n","protected":false},"featured_media":349,"comment_status":"closed","ping_status":"closed","template":"","meta":[],"product_brand":[],"product_cat":[21],"product_tag":[],"class_list":{"0":"post-102","1":"product","2":"type-product","3":"status-publish","4":"has-post-thumbnail","6":"product_cat-aluskile","8":"first","9":"instock","10":"shipping-taxable","11":"product-type-simple"},"acf":[],"yoast_head":"<!-- This site is optimized with the Yoast SEO plugin v27.3 - https:\/\/yoast.com\/product\/yoast-seo-wordpress\/ -->\n<title>Aluskile 40my 20 X 50m - Slipest O\u00dc<\/title>\n<meta name=\"robots\" content=\"index, follow, max-snippet:-1, max-image-preview:large, max-video-preview:-1\" \/>\n<link rel=\"canonical\" href=\"https:\/\/slipest.ee\/et\/toode\/aluskile-40my-20-x-50m\/\" \/>\n<meta property=\"og:locale\" content=\"et_EE\" \/>\n<meta property=\"og:type\" content=\"article\" \/>\n<meta property=\"og:title\" content=\"Aluskile 40my 20 X 50m - Slipest O\u00dc\" \/>\n<meta property=\"og:description\" content=\"Aluskile ehk kopeerkile on m\u00f5eldud rohumassi pinna v\u00e4ga tihedaks katmiseks transheedes ja aunadel. Peale rohumassi katmist aluskilega kopeerib kile m\u00f5ne aja p\u00e4rast massi pinnakumerused, v\u00e4hendades sellega \u00f5hu sattumist massi sisse k\u00e4\u00e4rimisperioodil. Vaata\u00a0 transhee katmist siit\" \/>\n<meta property=\"og:url\" content=\"https:\/\/slipest.ee\/et\/toode\/aluskile-40my-20-x-50m\/\" \/>\n<meta property=\"og:site_name\" content=\"Slipest O\u00dc\" \/>\n<meta property=\"article:modified_time\" content=\"2024-04-04T11:42:39+00:00\" \/>\n<meta property=\"og:image\" content=\"https:\/\/slipest.ee\/wp-content\/uploads\/2023\/03\/underlay-3.jpg\" \/>\n\t<meta property=\"og:image:width\" content=\"560\" \/>\n\t<meta property=\"og:image:height\" content=\"560\" \/>\n\t<meta property=\"og:image:type\" content=\"image\/jpeg\" \/>\n<meta name=\"twitter:card\" content=\"summary_large_image\" \/>\n<meta name=\"twitter:label1\" content=\"Est. reading time\" \/>\n\t<meta name=\"twitter:data1\" content=\"1 minut\" \/>\n<script type=\"application\/ld+json\" class=\"yoast-schema-graph\">{\"@context\":\"https:\\\/\\\/schema.org\",\"@graph\":[{\"@type\":\"WebPage\",\"@id\":\"https:\\\/\\\/slipest.ee\\\/toode\\\/aluskile-40my-20-x-50m\\\/\",\"url\":\"https:\\\/\\\/slipest.ee\\\/toode\\\/aluskile-40my-20-x-50m\\\/\",\"name\":\"Aluskile 40my 20 X 50m - Slipest O\u00dc\",\"isPartOf\":{\"@id\":\"https:\\\/\\\/slipest.ee\\\/#website\"},\"primaryImageOfPage\":{\"@id\":\"https:\\\/\\\/slipest.ee\\\/toode\\\/aluskile-40my-20-x-50m\\\/#primaryimage\"},\"image\":{\"@id\":\"https:\\\/\\\/slipest.ee\\\/toode\\\/aluskile-40my-20-x-50m\\\/#primaryimage\"},\"thumbnailUrl\":\"https:\\\/\\\/slipest.ee\\\/wp-content\\\/uploads\\\/2023\\\/03\\\/underlay-3.jpg\",\"datePublished\":\"2023-03-31T09:49:29+00:00\",\"dateModified\":\"2024-04-04T11:42:39+00:00\",\"breadcrumb\":{\"@id\":\"https:\\\/\\\/slipest.ee\\\/toode\\\/aluskile-40my-20-x-50m\\\/#breadcrumb\"},\"inLanguage\":\"et\",\"potentialAction\":[{\"@type\":\"ReadAction\",\"target\":[\"https:\\\/\\\/slipest.ee\\\/toode\\\/aluskile-40my-20-x-50m\\\/\"]}]},{\"@type\":\"ImageObject\",\"inLanguage\":\"et\",\"@id\":\"https:\\\/\\\/slipest.ee\\\/toode\\\/aluskile-40my-20-x-50m\\\/#primaryimage\",\"url\":\"https:\\\/\\\/slipest.ee\\\/wp-content\\\/uploads\\\/2023\\\/03\\\/underlay-3.jpg\",\"contentUrl\":\"https:\\\/\\\/slipest.ee\\\/wp-content\\\/uploads\\\/2023\\\/03\\\/underlay-3.jpg\",\"width\":560,\"height\":560},{\"@type\":\"BreadcrumbList\",\"@id\":\"https:\\\/\\\/slipest.ee\\\/toode\\\/aluskile-40my-20-x-50m\\\/#breadcrumb\",\"itemListElement\":[{\"@type\":\"ListItem\",\"position\":1,\"name\":\"Home\",\"item\":\"https:\\\/\\\/slipest.ee\\\/\"},{\"@type\":\"ListItem\",\"position\":2,\"name\":\"Aluskile 40my 20 X 50m\"}]},{\"@type\":\"WebSite\",\"@id\":\"https:\\\/\\\/slipest.ee\\\/#website\",\"url\":\"https:\\\/\\\/slipest.ee\\\/\",\"name\":\"Slipest O\u00dc\",\"description\":\"\",\"publisher\":{\"@id\":\"https:\\\/\\\/slipest.ee\\\/#organization\"},\"potentialAction\":[{\"@type\":\"SearchAction\",\"target\":{\"@type\":\"EntryPoint\",\"urlTemplate\":\"https:\\\/\\\/slipest.ee\\\/?s={search_term_string}\"},\"query-input\":{\"@type\":\"PropertyValueSpecification\",\"valueRequired\":true,\"valueName\":\"search_term_string\"}}],\"inLanguage\":\"et\"},{\"@type\":\"Organization\",\"@id\":\"https:\\\/\\\/slipest.ee\\\/#organization\",\"name\":\"Slipest O\u00dc\",\"url\":\"https:\\\/\\\/slipest.ee\\\/\",\"logo\":{\"@type\":\"ImageObject\",\"inLanguage\":\"et\",\"@id\":\"https:\\\/\\\/slipest.ee\\\/#\\\/schema\\\/logo\\\/image\\\/\",\"url\":\"https:\\\/\\\/slipest.ee\\\/wp-content\\\/uploads\\\/2024\\\/03\\\/cropped-c1bbbe_d14482f5eeae484aa0ebaa13ab308e28_mv2-2048x1051-1.png\",\"contentUrl\":\"https:\\\/\\\/slipest.ee\\\/wp-content\\\/uploads\\\/2024\\\/03\\\/cropped-c1bbbe_d14482f5eeae484aa0ebaa13ab308e28_mv2-2048x1051-1.png\",\"width\":133,\"height\":100,\"caption\":\"Slipest O\u00dc\"},\"image\":{\"@id\":\"https:\\\/\\\/slipest.ee\\\/#\\\/schema\\\/logo\\\/image\\\/\"}}]}<\/script>\n<!-- \/ Yoast SEO plugin. -->","yoast_head_json":{"title":"Aluskile 40my 20 X 50m - Slipest O\u00dc","robots":{"index":"index","follow":"follow","max-snippet":"max-snippet:-1","max-image-preview":"max-image-preview:large","max-video-preview":"max-video-preview:-1"},"canonical":"https:\/\/slipest.ee\/et\/toode\/aluskile-40my-20-x-50m\/","og_locale":"et_EE","og_type":"article","og_title":"Aluskile 40my 20 X 50m - Slipest O\u00dc","og_description":"Aluskile ehk kopeerkile on m\u00f5eldud rohumassi pinna v\u00e4ga tihedaks katmiseks transheedes ja aunadel. Peale rohumassi katmist aluskilega kopeerib kile m\u00f5ne aja p\u00e4rast massi pinnakumerused, v\u00e4hendades sellega \u00f5hu sattumist massi sisse k\u00e4\u00e4rimisperioodil. Vaata\u00a0 transhee katmist siit","og_url":"https:\/\/slipest.ee\/et\/toode\/aluskile-40my-20-x-50m\/","og_site_name":"Slipest O\u00dc","article_modified_time":"2024-04-04T11:42:39+00:00","og_image":[{"width":560,"height":560,"url":"https:\/\/slipest.ee\/wp-content\/uploads\/2023\/03\/underlay-3.jpg","type":"image\/jpeg"}],"twitter_card":"summary_large_image","twitter_misc":{"Est. reading time":"1 minut"},"schema":{"@context":"https:\/\/schema.org","@graph":[{"@type":"WebPage","@id":"https:\/\/slipest.ee\/toode\/aluskile-40my-20-x-50m\/","url":"https:\/\/slipest.ee\/toode\/aluskile-40my-20-x-50m\/","name":"Aluskile 40my 20 X 50m - Slipest O\u00dc","isPartOf":{"@id":"https:\/\/slipest.ee\/#website"},"primaryImageOfPage":{"@id":"https:\/\/slipest.ee\/toode\/aluskile-40my-20-x-50m\/#primaryimage"},"image":{"@id":"https:\/\/slipest.ee\/toode\/aluskile-40my-20-x-50m\/#primaryimage"},"thumbnailUrl":"https:\/\/slipest.ee\/wp-content\/uploads\/2023\/03\/underlay-3.jpg","datePublished":"2023-03-31T09:49:29+00:00","dateModified":"2024-04-04T11:42:39+00:00","breadcrumb":{"@id":"https:\/\/slipest.ee\/toode\/aluskile-40my-20-x-50m\/#breadcrumb"},"inLanguage":"et","potentialAction":[{"@type":"ReadAction","target":["https:\/\/slipest.ee\/toode\/aluskile-40my-20-x-50m\/"]}]},{"@type":"ImageObject","inLanguage":"et","@id":"https:\/\/slipest.ee\/toode\/aluskile-40my-20-x-50m\/#primaryimage","url":"https:\/\/slipest.ee\/wp-content\/uploads\/2023\/03\/underlay-3.jpg","contentUrl":"https:\/\/slipest.ee\/wp-content\/uploads\/2023\/03\/underlay-3.jpg","width":560,"height":560},{"@type":"BreadcrumbList","@id":"https:\/\/slipest.ee\/toode\/aluskile-40my-20-x-50m\/#breadcrumb","itemListElement":[{"@type":"ListItem","position":1,"name":"Home","item":"https:\/\/slipest.ee\/"},{"@type":"ListItem","position":2,"name":"Aluskile 40my 20 X 50m"}]},{"@type":"WebSite","@id":"https:\/\/slipest.ee\/#website","url":"https:\/\/slipest.ee\/","name":"Slipest O\u00dc","description":"","publisher":{"@id":"https:\/\/slipest.ee\/#organization"},"potentialAction":[{"@type":"SearchAction","target":{"@type":"EntryPoint","urlTemplate":"https:\/\/slipest.ee\/?s={search_term_string}"},"query-input":{"@type":"PropertyValueSpecification","valueRequired":true,"valueName":"search_term_string"}}],"inLanguage":"et"},{"@type":"Organization","@id":"https:\/\/slipest.ee\/#organization","name":"Slipest O\u00dc","url":"https:\/\/slipest.ee\/","logo":{"@type":"ImageObject","inLanguage":"et","@id":"https:\/\/slipest.ee\/#\/schema\/logo\/image\/","url":"https:\/\/slipest.ee\/wp-content\/uploads\/2024\/03\/cropped-c1bbbe_d14482f5eeae484aa0ebaa13ab308e28_mv2-2048x1051-1.png","contentUrl":"https:\/\/slipest.ee\/wp-content\/uploads\/2024\/03\/cropped-c1bbbe_d14482f5eeae484aa0ebaa13ab308e28_mv2-2048x1051-1.png","width":133,"height":100,"caption":"Slipest O\u00dc"},"image":{"@id":"https:\/\/slipest.ee\/#\/schema\/logo\/image\/"}}]}},"_links":{"self":[{"href":"https:\/\/slipest.ee\/et\/wp-json\/wp\/v2\/product\/102","targetHints":{"allow":["GET"]}}],"collection":[{"href":"https:\/\/slipest.ee\/et\/wp-json\/wp\/v2\/product"}],"about":[{"href":"https:\/\/slipest.ee\/et\/wp-json\/wp\/v2\/types\/product"}],"replies":[{"embeddable":true,"href":"https:\/\/slipest.ee\/et\/wp-json\/wp\/v2\/comments?post=102"}],"wp:featuredmedia":[{"embeddable":true,"href":"https:\/\/slipest.ee\/et\/wp-json\/wp\/v2\/media\/349"}],"wp:attachment":[{"href":"https:\/\/slipest.ee\/et\/wp-json\/wp\/v2\/media?parent=102"}],"wp:term":[{"taxonomy":"product_brand","embeddable":true,"href":"https:\/\/slipest.ee\/et\/wp-json\/wp\/v2\/product_brand?post=102"},{"taxonomy":"product_cat","embeddable":true,"href":"https:\/\/slipest.ee\/et\/wp-json\/wp\/v2\/product_cat?post=102"},{"taxonomy":"product_tag","embeddable":true,"href":"https:\/\/slipest.ee\/et\/wp-json\/wp\/v2\/product_tag?post=102"}],"curies":[{"name":"wp","href":"https:\/\/api.w.org\/{rel}","templated":true}]}}