{"id":9,"date":"2023-03-29T11:28:06","date_gmt":"2023-03-29T11:28:06","guid":{"rendered":"https:\/\/slipest.ee\/?page_id=9"},"modified":"2024-03-28T13:01:15","modified_gmt":"2024-03-28T13:01:15","slug":"meist","status":"publish","type":"page","link":"https:\/\/slipest.ee\/et\/meist\/","title":{"rendered":"Meist"},"content":{"rendered":"\n<h1 class=\"wp-block-heading has-text-align-center\">SLIPEST O\u00dc<\/h1>\n\n\n\n<p>SLIPEST O\u00dc tegeleb pol\u00fcet\u00fcleenist toodete tootmise ja hulgim\u00fc\u00fcgiga. Oleme hankijaks enam kui 400 -le ettev\u00f5ttele ja p\u00f5llumajandustootjatele Eestis, L\u00e4tis, Leedus, Soomes, Rootsis, Tsehhis ja Georgias.<\/p>\n\n\n\n<p>Et \u00f5igustada klientide ootusi, oleme valinud oma partneriteks ainult k\u00f5ige paremad tehased kogu Euroopas. Soov olla oma klientidele v\u00e4\u00e4rilised koost\u00f6\u00f6partnerid, seab meile vastutusrikka \u00fclesande rajada h\u00e4sti toimiv ja usaldusv\u00e4\u00e4rne l\u00fcli l\u00f5pptarbija ja tootja vahel. Konstruktiivne koost\u00f6\u00f6 tehastega v\u00f5imaldab SLIPEST O\u00dc-l kasutada k\u00f5ige kaasaaegsemat tehnoloogiat ja pakkuda tippkvaliteediga toodangut. Oleme seadnud v\u00e4ga k\u00f5rged kvaliteedin\u00f5uded meie poolt tarnitavatele toodetele.<\/p>\n\n\n\n<p>Meie eesm\u00e4rgiks ei ole m\u00fc\u00fca ainult t\u00fckki plastikut vaid pakkuda v\u00e4lja terviklahendusi, mis p\u00f5hinevad m\u00e4rks\u00f5nadele : kvaliteet, kokkuhoid ja keskkonna s\u00e4\u00e4stlikus.<\/p>\n\n\n\n<p>Meie tootevalik on piisav, et tagada vajalikud tooted ka k\u00f5ige n\u00f5udlikumale kliendile.<\/p>\n\n\n\n<p>Kodulehe oleme p\u00fc\u00fcdnud teha lihtsa ja informatiivse. Iga toote juurest leiate toodet tutvustava teksti ning lingi hinnap\u00e4ringu saatmiseks. Vastame Teie p\u00e4ringule alati j\u00e4rgmise kahe t\u00f6\u00f6p\u00e4eva jooksul.<\/p>\n\n\n\n<p>Kui meie valik ei sisalda teid huvitavat toodet, siis palume p\u00f6\u00f6rduda meie meeskonna poole. Koos leiame alati teid rahuldava lahenduse.<br>Oma kogemusele tuginedes usume, et saame rahuldada ka k\u00f5ige n\u00f5udlikuma kliendi soovid.<\/p>\n\n\n\n<p>Oleme t\u00e4nulikud, kui valite SLIPEST O\u00dc oma partneriks. Omalt poolt anname k\u00f5ik, et \u00f5igustada teie usaldust.<\/p>\n\n\n\n<p><strong>SLIPEST O\u00dc<\/strong><\/p>\n","protected":false},"excerpt":{"rendered":"<p>SLIPEST O\u00dc SLIPEST O\u00dc tegeleb pol\u00fcet\u00fcleenist toodete tootmise ja hulgim\u00fc\u00fcgiga. Oleme hankijaks enam kui 400 -le ettev\u00f5ttele ja p\u00f5llumajandustootjatele Eestis, L\u00e4tis, Leedus, Soomes, Rootsis, Tsehhis ja Georgias. Et \u00f5igustada klientide ootusi, oleme valinud oma partneriteks ainult k\u00f5ige paremad tehased kogu Euroopas. Soov olla oma klientidele v\u00e4\u00e4rilised koost\u00f6\u00f6partnerid, seab meile vastutusrikka \u00fclesande rajada h\u00e4sti toimiv ja [&hellip;]<\/p>\n","protected":false},"author":1,"featured_media":0,"parent":0,"menu_order":0,"comment_status":"closed","ping_status":"closed","template":"page-nosidebar.php","meta":{"footnotes":""},"class_list":["post-9","page","type-page","status-publish","hentry"],"acf":[],"yoast_head":"<!-- This site is optimized with the Yoast SEO plugin v27.3 - https:\/\/yoast.com\/product\/yoast-seo-wordpress\/ -->\n<title>Meist - Slipest O\u00dc<\/title>\n<meta name=\"robots\" content=\"index, follow, max-snippet:-1, max-image-preview:large, max-video-preview:-1\" \/>\n<link rel=\"canonical\" href=\"https:\/\/slipest.ee\/et\/meist\/\" \/>\n<meta property=\"og:locale\" content=\"et_EE\" \/>\n<meta property=\"og:type\" content=\"article\" \/>\n<meta property=\"og:title\" content=\"Meist - Slipest O\u00dc\" \/>\n<meta property=\"og:description\" content=\"SLIPEST O\u00dc SLIPEST O\u00dc tegeleb pol\u00fcet\u00fcleenist toodete tootmise ja hulgim\u00fc\u00fcgiga. Oleme hankijaks enam kui 400 -le ettev\u00f5ttele ja p\u00f5llumajandustootjatele Eestis, L\u00e4tis, Leedus, Soomes, Rootsis, Tsehhis ja Georgias. Et \u00f5igustada klientide ootusi, oleme valinud oma partneriteks ainult k\u00f5ige paremad tehased kogu Euroopas. Soov olla oma klientidele v\u00e4\u00e4rilised koost\u00f6\u00f6partnerid, seab meile vastutusrikka \u00fclesande rajada h\u00e4sti toimiv ja [&hellip;]\" \/>\n<meta property=\"og:url\" content=\"https:\/\/slipest.ee\/et\/meist\/\" \/>\n<meta property=\"og:site_name\" content=\"Slipest O\u00dc\" \/>\n<meta property=\"article:modified_time\" content=\"2024-03-28T13:01:15+00:00\" \/>\n<meta name=\"twitter:card\" content=\"summary_large_image\" \/>\n<meta name=\"twitter:label1\" content=\"Est. reading time\" \/>\n\t<meta name=\"twitter:data1\" content=\"1 minut\" \/>\n<script type=\"application\/ld+json\" class=\"yoast-schema-graph\">{\"@context\":\"https:\\\/\\\/schema.org\",\"@graph\":[{\"@type\":\"WebPage\",\"@id\":\"https:\\\/\\\/slipest.ee\\\/meist\\\/\",\"url\":\"https:\\\/\\\/slipest.ee\\\/meist\\\/\",\"name\":\"Meist - Slipest O\u00dc\",\"isPartOf\":{\"@id\":\"https:\\\/\\\/slipest.ee\\\/#website\"},\"datePublished\":\"2023-03-29T11:28:06+00:00\",\"dateModified\":\"2024-03-28T13:01:15+00:00\",\"breadcrumb\":{\"@id\":\"https:\\\/\\\/slipest.ee\\\/meist\\\/#breadcrumb\"},\"inLanguage\":\"et\",\"potentialAction\":[{\"@type\":\"ReadAction\",\"target\":[\"https:\\\/\\\/slipest.ee\\\/meist\\\/\"]}]},{\"@type\":\"BreadcrumbList\",\"@id\":\"https:\\\/\\\/slipest.ee\\\/meist\\\/#breadcrumb\",\"itemListElement\":[{\"@type\":\"ListItem\",\"position\":1,\"name\":\"Home\",\"item\":\"https:\\\/\\\/slipest.ee\\\/\"},{\"@type\":\"ListItem\",\"position\":2,\"name\":\"Meist\"}]},{\"@type\":\"WebSite\",\"@id\":\"https:\\\/\\\/slipest.ee\\\/#website\",\"url\":\"https:\\\/\\\/slipest.ee\\\/\",\"name\":\"Slipest O\u00dc\",\"description\":\"\",\"publisher\":{\"@id\":\"https:\\\/\\\/slipest.ee\\\/#organization\"},\"potentialAction\":[{\"@type\":\"SearchAction\",\"target\":{\"@type\":\"EntryPoint\",\"urlTemplate\":\"https:\\\/\\\/slipest.ee\\\/?s={search_term_string}\"},\"query-input\":{\"@type\":\"PropertyValueSpecification\",\"valueRequired\":true,\"valueName\":\"search_term_string\"}}],\"inLanguage\":\"et\"},{\"@type\":\"Organization\",\"@id\":\"https:\\\/\\\/slipest.ee\\\/#organization\",\"name\":\"Slipest O\u00dc\",\"url\":\"https:\\\/\\\/slipest.ee\\\/\",\"logo\":{\"@type\":\"ImageObject\",\"inLanguage\":\"et\",\"@id\":\"https:\\\/\\\/slipest.ee\\\/#\\\/schema\\\/logo\\\/image\\\/\",\"url\":\"https:\\\/\\\/slipest.ee\\\/wp-content\\\/uploads\\\/2024\\\/03\\\/cropped-c1bbbe_d14482f5eeae484aa0ebaa13ab308e28_mv2-2048x1051-1.png\",\"contentUrl\":\"https:\\\/\\\/slipest.ee\\\/wp-content\\\/uploads\\\/2024\\\/03\\\/cropped-c1bbbe_d14482f5eeae484aa0ebaa13ab308e28_mv2-2048x1051-1.png\",\"width\":133,\"height\":100,\"caption\":\"Slipest O\u00dc\"},\"image\":{\"@id\":\"https:\\\/\\\/slipest.ee\\\/#\\\/schema\\\/logo\\\/image\\\/\"}}]}<\/script>\n<!-- \/ Yoast SEO plugin. -->","yoast_head_json":{"title":"Meist - Slipest O\u00dc","robots":{"index":"index","follow":"follow","max-snippet":"max-snippet:-1","max-image-preview":"max-image-preview:large","max-video-preview":"max-video-preview:-1"},"canonical":"https:\/\/slipest.ee\/et\/meist\/","og_locale":"et_EE","og_type":"article","og_title":"Meist - Slipest O\u00dc","og_description":"SLIPEST O\u00dc SLIPEST O\u00dc tegeleb pol\u00fcet\u00fcleenist toodete tootmise ja hulgim\u00fc\u00fcgiga. Oleme hankijaks enam kui 400 -le ettev\u00f5ttele ja p\u00f5llumajandustootjatele Eestis, L\u00e4tis, Leedus, Soomes, Rootsis, Tsehhis ja Georgias. Et \u00f5igustada klientide ootusi, oleme valinud oma partneriteks ainult k\u00f5ige paremad tehased kogu Euroopas. Soov olla oma klientidele v\u00e4\u00e4rilised koost\u00f6\u00f6partnerid, seab meile vastutusrikka \u00fclesande rajada h\u00e4sti toimiv ja [&hellip;]","og_url":"https:\/\/slipest.ee\/et\/meist\/","og_site_name":"Slipest O\u00dc","article_modified_time":"2024-03-28T13:01:15+00:00","twitter_card":"summary_large_image","twitter_misc":{"Est. reading time":"1 minut"},"schema":{"@context":"https:\/\/schema.org","@graph":[{"@type":"WebPage","@id":"https:\/\/slipest.ee\/meist\/","url":"https:\/\/slipest.ee\/meist\/","name":"Meist - Slipest O\u00dc","isPartOf":{"@id":"https:\/\/slipest.ee\/#website"},"datePublished":"2023-03-29T11:28:06+00:00","dateModified":"2024-03-28T13:01:15+00:00","breadcrumb":{"@id":"https:\/\/slipest.ee\/meist\/#breadcrumb"},"inLanguage":"et","potentialAction":[{"@type":"ReadAction","target":["https:\/\/slipest.ee\/meist\/"]}]},{"@type":"BreadcrumbList","@id":"https:\/\/slipest.ee\/meist\/#breadcrumb","itemListElement":[{"@type":"ListItem","position":1,"name":"Home","item":"https:\/\/slipest.ee\/"},{"@type":"ListItem","position":2,"name":"Meist"}]},{"@type":"WebSite","@id":"https:\/\/slipest.ee\/#website","url":"https:\/\/slipest.ee\/","name":"Slipest O\u00dc","description":"","publisher":{"@id":"https:\/\/slipest.ee\/#organization"},"potentialAction":[{"@type":"SearchAction","target":{"@type":"EntryPoint","urlTemplate":"https:\/\/slipest.ee\/?s={search_term_string}"},"query-input":{"@type":"PropertyValueSpecification","valueRequired":true,"valueName":"search_term_string"}}],"inLanguage":"et"},{"@type":"Organization","@id":"https:\/\/slipest.ee\/#organization","name":"Slipest O\u00dc","url":"https:\/\/slipest.ee\/","logo":{"@type":"ImageObject","inLanguage":"et","@id":"https:\/\/slipest.ee\/#\/schema\/logo\/image\/","url":"https:\/\/slipest.ee\/wp-content\/uploads\/2024\/03\/cropped-c1bbbe_d14482f5eeae484aa0ebaa13ab308e28_mv2-2048x1051-1.png","contentUrl":"https:\/\/slipest.ee\/wp-content\/uploads\/2024\/03\/cropped-c1bbbe_d14482f5eeae484aa0ebaa13ab308e28_mv2-2048x1051-1.png","width":133,"height":100,"caption":"Slipest O\u00dc"},"image":{"@id":"https:\/\/slipest.ee\/#\/schema\/logo\/image\/"}}]}},"_links":{"self":[{"href":"https:\/\/slipest.ee\/et\/wp-json\/wp\/v2\/pages\/9","targetHints":{"allow":["GET"]}}],"collection":[{"href":"https:\/\/slipest.ee\/et\/wp-json\/wp\/v2\/pages"}],"about":[{"href":"https:\/\/slipest.ee\/et\/wp-json\/wp\/v2\/types\/page"}],"author":[{"embeddable":true,"href":"https:\/\/slipest.ee\/et\/wp-json\/wp\/v2\/users\/1"}],"replies":[{"embeddable":true,"href":"https:\/\/slipest.ee\/et\/wp-json\/wp\/v2\/comments?post=9"}],"version-history":[{"count":4,"href":"https:\/\/slipest.ee\/et\/wp-json\/wp\/v2\/pages\/9\/revisions"}],"predecessor-version":[{"id":261,"href":"https:\/\/slipest.ee\/et\/wp-json\/wp\/v2\/pages\/9\/revisions\/261"}],"wp:attachment":[{"href":"https:\/\/slipest.ee\/et\/wp-json\/wp\/v2\/media?parent=9"}],"curies":[{"name":"wp","href":"https:\/\/api.w.org\/{rel}","templated":true}]}}