{"id":21,"date":"2023-03-29T11:28:55","date_gmt":"2023-03-29T11:28:55","guid":{"rendered":"https:\/\/slipest.ee\/?page_id=21"},"modified":"2024-06-14T09:15:48","modified_gmt":"2024-06-14T09:15:48","slug":"hinnaparing","status":"publish","type":"page","link":"https:\/\/slipest.ee\/et\/hinnaparing\/","title":{"rendered":"Hinnap\u00e4ring"},"content":{"rendered":"\n<div class=\"wp-block-columns is-layout-flex wp-container-core-columns-is-layout-9d6595d7 wp-block-columns-is-layout-flex\">\n<div class=\"wp-block-column is-layout-flow wp-block-column-is-layout-flow\">\n<h2 class=\"wp-block-heading has-text-align-center\">K\u00fcsi pakkumist<\/h2>\n<\/div>\n<\/div>\n\n\n\n<div class=\"wp-block-columns hide-mobile is-layout-flex wp-container-core-columns-is-layout-9d6595d7 wp-block-columns-is-layout-flex\">\n<div class=\"wp-block-column is-layout-flow wp-block-column-is-layout-flow\">\n<h2 class=\"wp-block-heading\">Kontakt<\/h2>\n\n\n\n<p>SLIPEST O\u00dc<\/p>\n\n\n\n<p>Reg.nr: 11174708 | KMKR nr: EE101011299<\/p>\n\n\n\n<p>Helistage meile: E-R 8.00-17.00 (+372) 5106716<\/p>\n\n\n\n<p>E-mail: <a href=\"mailto:andro@slipest.ee\">andro@slipest.ee<\/a><\/p>\n\n\n\n<p>Ladu:: Aasa tee 1, 74201  Loo, CF&amp;S Estonia <\/p>\n\n\n\n<p><br>Kauba k\u00e4tte saamine: Palume siseneda CF&amp;S ladude territooriumile p\u00f6\u00f6rates ringteelt paremale. Parkige auto nii, et te ei takista liiklust territooriumil. Tutvustage ennast kontoris ja teid suunatakse laadimisluugi juurde. <br><\/p>\n<\/div>\n\n\n\n<div class=\"wp-block-column is-layout-flow wp-block-column-is-layout-flow\">\n<div class=\"wpcf7 no-js\" id=\"wpcf7-f229-o1\" lang=\"et\" dir=\"ltr\" data-wpcf7-id=\"229\">\n<div class=\"screen-reader-response\"><p role=\"status\" aria-live=\"polite\" aria-atomic=\"true\"><\/p> <ul><\/ul><\/div>\n<form action=\"\/et\/wp-json\/wp\/v2\/pages\/21#wpcf7-f229-o1\" method=\"post\" class=\"wpcf7-form init\" aria-label=\"Contact form\" novalidate=\"novalidate\" data-status=\"init\">\n<fieldset class=\"hidden-fields-container\"><input type=\"hidden\" name=\"_wpcf7\" value=\"229\" \/><input type=\"hidden\" name=\"_wpcf7_version\" value=\"6.1.5\" \/><input type=\"hidden\" name=\"_wpcf7_locale\" value=\"et\" \/><input type=\"hidden\" name=\"_wpcf7_unit_tag\" value=\"wpcf7-f229-o1\" \/><input type=\"hidden\" name=\"_wpcf7_container_post\" value=\"0\" \/><input type=\"hidden\" name=\"_wpcf7_posted_data_hash\" value=\"\" \/><input type=\"hidden\" name=\"_wpcf7_recaptcha_response\" value=\"\" \/>\n<\/fieldset>\n<p><label> Ees-ja perekonnanimi<br \/>\n<span class=\"wpcf7-form-control-wrap\" data-name=\"your-name\"><input size=\"40\" maxlength=\"400\" class=\"wpcf7-form-control wpcf7-text wpcf7-validates-as-required form-control\" aria-required=\"true\" aria-invalid=\"false\" value=\"\" type=\"text\" name=\"your-name\" \/><\/span> <\/label>\n<\/p>\n<p><label> Email<br \/>\n<span class=\"wpcf7-form-control-wrap\" data-name=\"your-email\"><input size=\"40\" maxlength=\"400\" class=\"wpcf7-form-control wpcf7-email wpcf7-validates-as-required wpcf7-text wpcf7-validates-as-email form-control\" aria-required=\"true\" aria-invalid=\"false\" value=\"\" type=\"email\" name=\"your-email\" \/><\/span> <\/label>\n<\/p>\n<p><label> Ettev\u00f5te nimi<br \/>\n<span class=\"wpcf7-form-control-wrap\" data-name=\"comapny-name\"><input size=\"40\" maxlength=\"400\" class=\"wpcf7-form-control wpcf7-text wpcf7-validates-as-required form-control\" aria-required=\"true\" aria-invalid=\"false\" value=\"\" type=\"text\" name=\"comapny-name\" \/><\/span> <\/label>\n<\/p>\n<p><label> Toote kategooria<br \/>\n<span class=\"wpcf7-form-control-wrap\" data-name=\"gategories\"><select class=\"wpcf7-form-control wpcf7-select wpcf7-validates-as-required form-control gategories\" aria-required=\"true\" aria-invalid=\"false\" name=\"gategories\"><option value=\"\">&#8212;Palun tee valik&#8212;<\/option><\/select><\/span><\/label>\n<\/p>\n<p><label> Tooted (Vali sobivad)<br \/>\n<span class=\"wpcf7-form-control-wrap\" data-name=\"Select\"><select class=\"wpcf7-form-control wpcf7-select wpcf7-validates-as-required form-control products\" aria-required=\"true\" aria-invalid=\"false\" multiple=\"multiple\" name=\"Select[]\"><option value=\"vali sobiv\">vali sobiv<\/option><\/select><\/span><\/label>\n<\/p>\n<p><span class=\"wpcf7-form-control-wrap\" data-name=\"dynamicProductDetails\"><textarea cols=\"40\" rows=\"10\" maxlength=\"2000\" class=\"wpcf7-form-control wpcf7-textarea wpcf7-validates-as-required d-none\" aria-required=\"true\" aria-invalid=\"false\" name=\"dynamicProductDetails\"><\/textarea><\/span>\n<\/p>\n<p><label> S\u00f5num<br \/>\n<span class=\"wpcf7-form-control-wrap\" data-name=\"your-message\"><textarea cols=\"40\" rows=\"10\" maxlength=\"2000\" class=\"wpcf7-form-control wpcf7-textarea wpcf7-validates-as-required form-control\" aria-required=\"true\" aria-invalid=\"false\" name=\"your-message\"><\/textarea><\/span> <\/label>\n<\/p>\n<p><input class=\"wpcf7-form-control wpcf7-submit has-spinner btn btn-primary\" id=\"send\" type=\"submit\" value=\"K\u00fcsi pakkumist\" \/>\n<\/p><div class=\"wpcf7-response-output\" aria-hidden=\"true\"><\/div>\n<\/form>\n<\/div>\n\n<\/div>\n<\/div>\n\n\n\n<div class=\"wp-block-columns hide_desktop is-layout-flex wp-container-core-columns-is-layout-9d6595d7 wp-block-columns-is-layout-flex\">\n<div class=\"wp-block-column is-layout-flow wp-block-column-is-layout-flow\">\n<div class=\"wpcf7 no-js\" id=\"wpcf7-f229-o2\" lang=\"et\" dir=\"ltr\" data-wpcf7-id=\"229\">\n<div class=\"screen-reader-response\"><p role=\"status\" aria-live=\"polite\" aria-atomic=\"true\"><\/p> <ul><\/ul><\/div>\n<form action=\"\/et\/wp-json\/wp\/v2\/pages\/21#wpcf7-f229-o2\" method=\"post\" class=\"wpcf7-form init\" aria-label=\"Contact form\" novalidate=\"novalidate\" data-status=\"init\">\n<fieldset class=\"hidden-fields-container\"><input type=\"hidden\" name=\"_wpcf7\" value=\"229\" \/><input type=\"hidden\" name=\"_wpcf7_version\" value=\"6.1.5\" \/><input type=\"hidden\" name=\"_wpcf7_locale\" value=\"et\" \/><input type=\"hidden\" name=\"_wpcf7_unit_tag\" value=\"wpcf7-f229-o2\" \/><input type=\"hidden\" name=\"_wpcf7_container_post\" value=\"0\" \/><input type=\"hidden\" name=\"_wpcf7_posted_data_hash\" value=\"\" \/><input type=\"hidden\" name=\"_wpcf7_recaptcha_response\" value=\"\" \/>\n<\/fieldset>\n<p><label> Ees-ja perekonnanimi<br \/>\n<span class=\"wpcf7-form-control-wrap\" data-name=\"your-name\"><input size=\"40\" maxlength=\"400\" class=\"wpcf7-form-control wpcf7-text wpcf7-validates-as-required form-control\" aria-required=\"true\" aria-invalid=\"false\" value=\"\" type=\"text\" name=\"your-name\" \/><\/span> <\/label>\n<\/p>\n<p><label> Email<br \/>\n<span class=\"wpcf7-form-control-wrap\" data-name=\"your-email\"><input size=\"40\" maxlength=\"400\" class=\"wpcf7-form-control wpcf7-email wpcf7-validates-as-required wpcf7-text wpcf7-validates-as-email form-control\" aria-required=\"true\" aria-invalid=\"false\" value=\"\" type=\"email\" name=\"your-email\" \/><\/span> <\/label>\n<\/p>\n<p><label> Ettev\u00f5te nimi<br \/>\n<span class=\"wpcf7-form-control-wrap\" data-name=\"comapny-name\"><input size=\"40\" maxlength=\"400\" class=\"wpcf7-form-control wpcf7-text wpcf7-validates-as-required form-control\" aria-required=\"true\" aria-invalid=\"false\" value=\"\" type=\"text\" name=\"comapny-name\" \/><\/span> <\/label>\n<\/p>\n<p><label> Toote kategooria<br \/>\n<span class=\"wpcf7-form-control-wrap\" data-name=\"gategories\"><select class=\"wpcf7-form-control wpcf7-select wpcf7-validates-as-required form-control gategories\" aria-required=\"true\" aria-invalid=\"false\" name=\"gategories\"><option value=\"\">&#8212;Palun tee valik&#8212;<\/option><\/select><\/span><\/label>\n<\/p>\n<p><label> Tooted (Vali sobivad)<br \/>\n<span class=\"wpcf7-form-control-wrap\" data-name=\"Select\"><select class=\"wpcf7-form-control wpcf7-select wpcf7-validates-as-required form-control products\" aria-required=\"true\" aria-invalid=\"false\" multiple=\"multiple\" name=\"Select[]\"><option value=\"vali sobiv\">vali sobiv<\/option><\/select><\/span><\/label>\n<\/p>\n<p><span class=\"wpcf7-form-control-wrap\" data-name=\"dynamicProductDetails\"><textarea cols=\"40\" rows=\"10\" maxlength=\"2000\" class=\"wpcf7-form-control wpcf7-textarea wpcf7-validates-as-required d-none\" aria-required=\"true\" aria-invalid=\"false\" name=\"dynamicProductDetails\"><\/textarea><\/span>\n<\/p>\n<p><label> S\u00f5num<br \/>\n<span class=\"wpcf7-form-control-wrap\" data-name=\"your-message\"><textarea cols=\"40\" rows=\"10\" maxlength=\"2000\" class=\"wpcf7-form-control wpcf7-textarea wpcf7-validates-as-required form-control\" aria-required=\"true\" aria-invalid=\"false\" name=\"your-message\"><\/textarea><\/span> <\/label>\n<\/p>\n<p><input class=\"wpcf7-form-control wpcf7-submit has-spinner btn btn-primary\" type=\"submit\" value=\"K\u00fcsi pakkumist\" \/>\n<\/p><div class=\"wpcf7-response-output\" aria-hidden=\"true\"><\/div>\n<\/form>\n<\/div>\n\n<\/div>\n\n\n\n<div class=\"wp-block-column is-layout-flow wp-block-column-is-layout-flow\">\n<h2 class=\"wp-block-heading\">Kontakt<\/h2>\n\n\n\n<p>SLIPEST O\u00dc<\/p>\n\n\n\n<p>Reg.nr: 11174708 | KMKR nr: EE101011299<\/p>\n\n\n\n<p>Helistage meile: E-R 8.00-17.00 (+372) 5106716<\/p>\n\n\n\n<p>E-mail: <a href=\"mailto:andro@slipest.ee\">andro@slipest.ee<\/a><\/p>\n\n\n\n<p>Ladu: Kanali tee 12A 10112 Tallinn<br><br>Kauba k\u00e4tte saamine: Palume siseneda Schenker ladude territooriumile Kanali tee v\u00e4ravast. T\u00f5kkepuu avaneb automaatselt. Kauba saab k\u00e4tte luugist 84-86 uks B.<br><\/p>\n<\/div>\n<\/div>\n","protected":false},"excerpt":{"rendered":"<p>K\u00fcsi pakkumist Kontakt SLIPEST O\u00dc Reg.nr: 11174708 | KMKR nr: EE101011299 Helistage meile: E-R 8.00-17.00 (+372) 5106716 E-mail: andro@slipest.ee Ladu:: Aasa tee 1, 74201 Loo, CF&amp;S Estonia Kauba k\u00e4tte saamine: Palume siseneda CF&amp;S ladude territooriumile p\u00f6\u00f6rates ringteelt paremale. Parkige auto nii, et te ei takista liiklust territooriumil. Tutvustage ennast kontoris ja teid suunatakse laadimisluugi juurde. [&hellip;]<\/p>\n","protected":false},"author":1,"featured_media":0,"parent":0,"menu_order":0,"comment_status":"closed","ping_status":"closed","template":"page-nosidebar.php","meta":{"footnotes":""},"class_list":["post-21","page","type-page","status-publish","hentry"],"acf":[],"yoast_head":"<!-- This site is optimized with the Yoast SEO plugin v27.3 - https:\/\/yoast.com\/product\/yoast-seo-wordpress\/ -->\n<title>Hinnap\u00e4ring - Slipest O\u00dc<\/title>\n<meta name=\"robots\" content=\"index, follow, max-snippet:-1, max-image-preview:large, max-video-preview:-1\" \/>\n<link rel=\"canonical\" href=\"https:\/\/slipest.ee\/et\/hinnaparing\/\" \/>\n<meta property=\"og:locale\" content=\"et_EE\" \/>\n<meta property=\"og:type\" content=\"article\" \/>\n<meta property=\"og:title\" content=\"Hinnap\u00e4ring - Slipest O\u00dc\" \/>\n<meta property=\"og:description\" content=\"K\u00fcsi pakkumist Kontakt SLIPEST O\u00dc Reg.nr: 11174708 | KMKR nr: EE101011299 Helistage meile: E-R 8.00-17.00 (+372) 5106716 E-mail: andro@slipest.ee Ladu:: Aasa tee 1, 74201 Loo, CF&amp;S Estonia Kauba k\u00e4tte saamine: Palume siseneda CF&amp;S ladude territooriumile p\u00f6\u00f6rates ringteelt paremale. Parkige auto nii, et te ei takista liiklust territooriumil. Tutvustage ennast kontoris ja teid suunatakse laadimisluugi juurde. [&hellip;]\" \/>\n<meta property=\"og:url\" content=\"https:\/\/slipest.ee\/et\/hinnaparing\/\" \/>\n<meta property=\"og:site_name\" content=\"Slipest O\u00dc\" \/>\n<meta property=\"article:modified_time\" content=\"2024-06-14T09:15:48+00:00\" \/>\n<meta name=\"twitter:card\" content=\"summary_large_image\" \/>\n<meta name=\"twitter:label1\" content=\"Est. reading time\" \/>\n\t<meta name=\"twitter:data1\" content=\"1 minut\" \/>\n<script type=\"application\/ld+json\" class=\"yoast-schema-graph\">{\"@context\":\"https:\\\/\\\/schema.org\",\"@graph\":[{\"@type\":\"WebPage\",\"@id\":\"https:\\\/\\\/slipest.ee\\\/hinnaparing\\\/\",\"url\":\"https:\\\/\\\/slipest.ee\\\/hinnaparing\\\/\",\"name\":\"Hinnap\u00e4ring - Slipest O\u00dc\",\"isPartOf\":{\"@id\":\"https:\\\/\\\/slipest.ee\\\/#website\"},\"datePublished\":\"2023-03-29T11:28:55+00:00\",\"dateModified\":\"2024-06-14T09:15:48+00:00\",\"breadcrumb\":{\"@id\":\"https:\\\/\\\/slipest.ee\\\/hinnaparing\\\/#breadcrumb\"},\"inLanguage\":\"et\",\"potentialAction\":[{\"@type\":\"ReadAction\",\"target\":[\"https:\\\/\\\/slipest.ee\\\/hinnaparing\\\/\"]}]},{\"@type\":\"BreadcrumbList\",\"@id\":\"https:\\\/\\\/slipest.ee\\\/hinnaparing\\\/#breadcrumb\",\"itemListElement\":[{\"@type\":\"ListItem\",\"position\":1,\"name\":\"Home\",\"item\":\"https:\\\/\\\/slipest.ee\\\/\"},{\"@type\":\"ListItem\",\"position\":2,\"name\":\"Hinnap\u00e4ring\"}]},{\"@type\":\"WebSite\",\"@id\":\"https:\\\/\\\/slipest.ee\\\/#website\",\"url\":\"https:\\\/\\\/slipest.ee\\\/\",\"name\":\"Slipest O\u00dc\",\"description\":\"\",\"publisher\":{\"@id\":\"https:\\\/\\\/slipest.ee\\\/#organization\"},\"potentialAction\":[{\"@type\":\"SearchAction\",\"target\":{\"@type\":\"EntryPoint\",\"urlTemplate\":\"https:\\\/\\\/slipest.ee\\\/?s={search_term_string}\"},\"query-input\":{\"@type\":\"PropertyValueSpecification\",\"valueRequired\":true,\"valueName\":\"search_term_string\"}}],\"inLanguage\":\"et\"},{\"@type\":\"Organization\",\"@id\":\"https:\\\/\\\/slipest.ee\\\/#organization\",\"name\":\"Slipest O\u00dc\",\"url\":\"https:\\\/\\\/slipest.ee\\\/\",\"logo\":{\"@type\":\"ImageObject\",\"inLanguage\":\"et\",\"@id\":\"https:\\\/\\\/slipest.ee\\\/#\\\/schema\\\/logo\\\/image\\\/\",\"url\":\"https:\\\/\\\/slipest.ee\\\/wp-content\\\/uploads\\\/2024\\\/03\\\/cropped-c1bbbe_d14482f5eeae484aa0ebaa13ab308e28_mv2-2048x1051-1.png\",\"contentUrl\":\"https:\\\/\\\/slipest.ee\\\/wp-content\\\/uploads\\\/2024\\\/03\\\/cropped-c1bbbe_d14482f5eeae484aa0ebaa13ab308e28_mv2-2048x1051-1.png\",\"width\":133,\"height\":100,\"caption\":\"Slipest O\u00dc\"},\"image\":{\"@id\":\"https:\\\/\\\/slipest.ee\\\/#\\\/schema\\\/logo\\\/image\\\/\"}}]}<\/script>\n<!-- \/ Yoast SEO plugin. -->","yoast_head_json":{"title":"Hinnap\u00e4ring - Slipest O\u00dc","robots":{"index":"index","follow":"follow","max-snippet":"max-snippet:-1","max-image-preview":"max-image-preview:large","max-video-preview":"max-video-preview:-1"},"canonical":"https:\/\/slipest.ee\/et\/hinnaparing\/","og_locale":"et_EE","og_type":"article","og_title":"Hinnap\u00e4ring - Slipest O\u00dc","og_description":"K\u00fcsi pakkumist Kontakt SLIPEST O\u00dc Reg.nr: 11174708 | KMKR nr: EE101011299 Helistage meile: E-R 8.00-17.00 (+372) 5106716 E-mail: andro@slipest.ee Ladu:: Aasa tee 1, 74201 Loo, CF&amp;S Estonia Kauba k\u00e4tte saamine: Palume siseneda CF&amp;S ladude territooriumile p\u00f6\u00f6rates ringteelt paremale. Parkige auto nii, et te ei takista liiklust territooriumil. Tutvustage ennast kontoris ja teid suunatakse laadimisluugi juurde. [&hellip;]","og_url":"https:\/\/slipest.ee\/et\/hinnaparing\/","og_site_name":"Slipest O\u00dc","article_modified_time":"2024-06-14T09:15:48+00:00","twitter_card":"summary_large_image","twitter_misc":{"Est. reading time":"1 minut"},"schema":{"@context":"https:\/\/schema.org","@graph":[{"@type":"WebPage","@id":"https:\/\/slipest.ee\/hinnaparing\/","url":"https:\/\/slipest.ee\/hinnaparing\/","name":"Hinnap\u00e4ring - Slipest O\u00dc","isPartOf":{"@id":"https:\/\/slipest.ee\/#website"},"datePublished":"2023-03-29T11:28:55+00:00","dateModified":"2024-06-14T09:15:48+00:00","breadcrumb":{"@id":"https:\/\/slipest.ee\/hinnaparing\/#breadcrumb"},"inLanguage":"et","potentialAction":[{"@type":"ReadAction","target":["https:\/\/slipest.ee\/hinnaparing\/"]}]},{"@type":"BreadcrumbList","@id":"https:\/\/slipest.ee\/hinnaparing\/#breadcrumb","itemListElement":[{"@type":"ListItem","position":1,"name":"Home","item":"https:\/\/slipest.ee\/"},{"@type":"ListItem","position":2,"name":"Hinnap\u00e4ring"}]},{"@type":"WebSite","@id":"https:\/\/slipest.ee\/#website","url":"https:\/\/slipest.ee\/","name":"Slipest O\u00dc","description":"","publisher":{"@id":"https:\/\/slipest.ee\/#organization"},"potentialAction":[{"@type":"SearchAction","target":{"@type":"EntryPoint","urlTemplate":"https:\/\/slipest.ee\/?s={search_term_string}"},"query-input":{"@type":"PropertyValueSpecification","valueRequired":true,"valueName":"search_term_string"}}],"inLanguage":"et"},{"@type":"Organization","@id":"https:\/\/slipest.ee\/#organization","name":"Slipest O\u00dc","url":"https:\/\/slipest.ee\/","logo":{"@type":"ImageObject","inLanguage":"et","@id":"https:\/\/slipest.ee\/#\/schema\/logo\/image\/","url":"https:\/\/slipest.ee\/wp-content\/uploads\/2024\/03\/cropped-c1bbbe_d14482f5eeae484aa0ebaa13ab308e28_mv2-2048x1051-1.png","contentUrl":"https:\/\/slipest.ee\/wp-content\/uploads\/2024\/03\/cropped-c1bbbe_d14482f5eeae484aa0ebaa13ab308e28_mv2-2048x1051-1.png","width":133,"height":100,"caption":"Slipest O\u00dc"},"image":{"@id":"https:\/\/slipest.ee\/#\/schema\/logo\/image\/"}}]}},"_links":{"self":[{"href":"https:\/\/slipest.ee\/et\/wp-json\/wp\/v2\/pages\/21","targetHints":{"allow":["GET"]}}],"collection":[{"href":"https:\/\/slipest.ee\/et\/wp-json\/wp\/v2\/pages"}],"about":[{"href":"https:\/\/slipest.ee\/et\/wp-json\/wp\/v2\/types\/page"}],"author":[{"embeddable":true,"href":"https:\/\/slipest.ee\/et\/wp-json\/wp\/v2\/users\/1"}],"replies":[{"embeddable":true,"href":"https:\/\/slipest.ee\/et\/wp-json\/wp\/v2\/comments?post=21"}],"version-history":[{"count":14,"href":"https:\/\/slipest.ee\/et\/wp-json\/wp\/v2\/pages\/21\/revisions"}],"predecessor-version":[{"id":411,"href":"https:\/\/slipest.ee\/et\/wp-json\/wp\/v2\/pages\/21\/revisions\/411"}],"wp:attachment":[{"href":"https:\/\/slipest.ee\/et\/wp-json\/wp\/v2\/media?parent=21"}],"curies":[{"name":"wp","href":"https:\/\/api.w.org\/{rel}","templated":true}]}}