{"id":17,"date":"2023-03-29T11:28:39","date_gmt":"2023-03-29T11:28:39","guid":{"rendered":"https:\/\/slipest.ee\/?page_id=17"},"modified":"2026-03-17T15:14:25","modified_gmt":"2026-03-17T15:14:25","slug":"jaatmekaitlus","status":"publish","type":"page","link":"https:\/\/slipest.ee\/et\/jaatmekaitlus\/","title":{"rendered":"J\u00e4\u00e4tmek\u00e4itlus"},"content":{"rendered":"\n<h1 class=\"wp-block-heading\">J\u00c4\u00c4TMEK\u00c4ITLUS<\/h1>\n\n\n\n<p><strong>P\u00f5llumajandusplasti j\u00e4\u00e4tmed.<\/strong><\/p>\n\n\n\n<p>Silopallikile, silopalli v\u00f5rk, sidumiskile, aunakile, aluskile ja pallin\u00f6\u00f6r on p\u00f5llumajandusplast, mis peale kasutamist tuleb suunata taaskasutusse.<\/p>\n\n\n\n<p><strong>Kuidas seda teha?<\/strong><\/p>\n\n\n\n<ol class=\"wp-block-list\">\n<li>L\u00e4bi portaali <a href=\"https:\/\/www.silokile.ee\/\">silokile.ee<\/a> Siit leiate k\u00f5ik juhised kuidas tagastada p\u00f5llumajandusplasti j\u00e4\u00e4tmed. Enne tellimuse esitamist soovitame t\u00e4psustada veo hinda ja tingimusi.<\/li>\n\n\n\n<li>Viia ise p\u00f5llumajandusplast j\u00e4\u00e4tmek\u00e4itlejale. Selleks tuleb saata e-kiri <a href=\"mailto:andro@slipest.ee\">andro@slipest.ee<\/a> ja SLIPEST O\u00dc suunab teid l\u00e4hima j\u00e4\u00e4tmek\u00e4itleja juurde. SLIPEST O\u00dc kompenseerib transpordikulu alates maakonna piirist kuni j\u00e4\u00e4tmek\u00e4itlejani ja tagasi.<\/li>\n\n\n\n<li>Tellida p\u00f5llumajandusplasti j\u00e4\u00e4tmete vedu SLIPEST O\u00dc-lt. Selleks tuleb j\u00e4llegi saata kiri <a href=\"mailto:andro@slipest.ee\">andro@slipest.ee<\/a> ja SLIPEST O\u00dc koost\u00f6\u00f6partnerid tulevad teie juurde ning viivad j\u00e4\u00e4tmed minema. Selline teenus on tasuline. &nbsp;<\/li>\n<\/ol>\n\n\n\n<p>\u00dchtlasi tuletame veelkord meelde, et p\u00f5llumajanduplasti j\u00e4\u00e4tmed peavad olema sorteeritud liigiti ja puhtad. J\u00e4\u00e4tmed ei tohi sisaldada v\u00f5\u00f5riseid nagu silo,muld, liiv, majapidamis-ja tootmisj\u00e4\u00e4tmeid. Samuti rehvid, kivid, betoon jms. Sisalduvad v\u00f5\u00f5rised arvestatakse eraldi ja nende eest tuleb tasuda segaj\u00e4\u00e4tmete hinnakirja alusel. Koormaid mis on n\u00e4htavalt sorteerimata ja\/v\u00f5i sisaldavad olulisel m\u00e4\u00e4ral eelpool nimetatud komponente, k\u00e4sitletakse pr\u00fcgina mis l\u00e4heb ladestusse. Selle eest tasutakse 100% j\u00e4\u00e4tmete kaalust j\u00e4\u00e4tmete omaniku poolt vastvalt hinnakirjale.  <\/p>\n\n\n\n<p>Tasuta v\u00f5etakse vastu maksimaalselt kahe aasta kogused&nbsp;(kg), mille kinnitab eelnevalt j\u00e4\u00e4tmete k\u00e4itlejale silokilede tarnija. \u00dclekaal &nbsp;kuulub h\u00fcvitamisele j\u00e4\u00e4tmete omaniku poolt.<\/p>\n\n\n\n<p><strong>Soovitused &nbsp;j\u00e4\u00e4tmete kogumisel.<\/strong><\/p>\n\n\n\n<ol class=\"wp-block-list\">\n<li>Koguda j\u00e4\u00e4tmed kohe liigiti. P\u00e4rastine sorteerimine on v\u00e4ga t\u00f6\u00f6mahukas.<\/li>\n\n\n\n<li>Koguda j\u00e4\u00e4tmed varju alla. Vesi j\u00e4\u00e4tmete sees lisab j\u00e4\u00e4tmetele kaalu isegi kuni 50% ja selle eest tuleb tasuda.<\/li>\n\n\n\n<li>Kui on tegemist suuremate j\u00e4\u00e4tmekogustega, siis soovitame pressida j\u00e4\u00e4tmed koha peal, aga liigiti. Pressitud j\u00e4\u00e4tmete vedu on tasuta. Soovi korral saame aidata j\u00e4\u00e4tmepressi soetamisel v\u00f5i rentimisel. &nbsp;<\/li>\n<\/ol>\n","protected":false},"excerpt":{"rendered":"<p>J\u00c4\u00c4TMEK\u00c4ITLUS P\u00f5llumajandusplasti j\u00e4\u00e4tmed. Silopallikile, silopalli v\u00f5rk, sidumiskile, aunakile, aluskile ja pallin\u00f6\u00f6r on p\u00f5llumajandusplast, mis peale kasutamist tuleb suunata taaskasutusse. Kuidas seda teha? \u00dchtlasi tuletame veelkord meelde, et p\u00f5llumajanduplasti j\u00e4\u00e4tmed peavad olema sorteeritud liigiti ja puhtad. J\u00e4\u00e4tmed ei tohi sisaldada v\u00f5\u00f5riseid nagu silo,muld, liiv, majapidamis-ja tootmisj\u00e4\u00e4tmeid. Samuti rehvid, kivid, betoon jms. Sisalduvad v\u00f5\u00f5rised arvestatakse eraldi ja [&hellip;]<\/p>\n","protected":false},"author":1,"featured_media":0,"parent":0,"menu_order":0,"comment_status":"closed","ping_status":"closed","template":"page-nosidebar.php","meta":{"footnotes":""},"class_list":["post-17","page","type-page","status-publish","hentry"],"acf":[],"yoast_head":"<!-- This site is optimized with the Yoast SEO plugin v27.3 - https:\/\/yoast.com\/product\/yoast-seo-wordpress\/ -->\n<title>J\u00e4\u00e4tmek\u00e4itlus - Slipest O\u00dc<\/title>\n<meta name=\"robots\" content=\"index, follow, max-snippet:-1, max-image-preview:large, max-video-preview:-1\" \/>\n<link rel=\"canonical\" href=\"https:\/\/slipest.ee\/et\/jaatmekaitlus\/\" \/>\n<meta property=\"og:locale\" content=\"et_EE\" \/>\n<meta property=\"og:type\" content=\"article\" \/>\n<meta property=\"og:title\" content=\"J\u00e4\u00e4tmek\u00e4itlus - Slipest O\u00dc\" \/>\n<meta property=\"og:description\" content=\"J\u00c4\u00c4TMEK\u00c4ITLUS P\u00f5llumajandusplasti j\u00e4\u00e4tmed. Silopallikile, silopalli v\u00f5rk, sidumiskile, aunakile, aluskile ja pallin\u00f6\u00f6r on p\u00f5llumajandusplast, mis peale kasutamist tuleb suunata taaskasutusse. Kuidas seda teha? \u00dchtlasi tuletame veelkord meelde, et p\u00f5llumajanduplasti j\u00e4\u00e4tmed peavad olema sorteeritud liigiti ja puhtad. J\u00e4\u00e4tmed ei tohi sisaldada v\u00f5\u00f5riseid nagu silo,muld, liiv, majapidamis-ja tootmisj\u00e4\u00e4tmeid. Samuti rehvid, kivid, betoon jms. Sisalduvad v\u00f5\u00f5rised arvestatakse eraldi ja [&hellip;]\" \/>\n<meta property=\"og:url\" content=\"https:\/\/slipest.ee\/et\/jaatmekaitlus\/\" \/>\n<meta property=\"og:site_name\" content=\"Slipest O\u00dc\" \/>\n<meta property=\"article:modified_time\" content=\"2026-03-17T15:14:25+00:00\" \/>\n<meta name=\"twitter:card\" content=\"summary_large_image\" \/>\n<meta name=\"twitter:label1\" content=\"Est. reading time\" \/>\n\t<meta name=\"twitter:data1\" content=\"2 minutit\" \/>\n<script type=\"application\/ld+json\" class=\"yoast-schema-graph\">{\"@context\":\"https:\\\/\\\/schema.org\",\"@graph\":[{\"@type\":\"WebPage\",\"@id\":\"https:\\\/\\\/slipest.ee\\\/jaatmekaitlus\\\/\",\"url\":\"https:\\\/\\\/slipest.ee\\\/jaatmekaitlus\\\/\",\"name\":\"J\u00e4\u00e4tmek\u00e4itlus - Slipest O\u00dc\",\"isPartOf\":{\"@id\":\"https:\\\/\\\/slipest.ee\\\/#website\"},\"datePublished\":\"2023-03-29T11:28:39+00:00\",\"dateModified\":\"2026-03-17T15:14:25+00:00\",\"breadcrumb\":{\"@id\":\"https:\\\/\\\/slipest.ee\\\/jaatmekaitlus\\\/#breadcrumb\"},\"inLanguage\":\"et\",\"potentialAction\":[{\"@type\":\"ReadAction\",\"target\":[\"https:\\\/\\\/slipest.ee\\\/jaatmekaitlus\\\/\"]}]},{\"@type\":\"BreadcrumbList\",\"@id\":\"https:\\\/\\\/slipest.ee\\\/jaatmekaitlus\\\/#breadcrumb\",\"itemListElement\":[{\"@type\":\"ListItem\",\"position\":1,\"name\":\"Home\",\"item\":\"https:\\\/\\\/slipest.ee\\\/\"},{\"@type\":\"ListItem\",\"position\":2,\"name\":\"J\u00e4\u00e4tmek\u00e4itlus\"}]},{\"@type\":\"WebSite\",\"@id\":\"https:\\\/\\\/slipest.ee\\\/#website\",\"url\":\"https:\\\/\\\/slipest.ee\\\/\",\"name\":\"Slipest O\u00dc\",\"description\":\"\",\"publisher\":{\"@id\":\"https:\\\/\\\/slipest.ee\\\/#organization\"},\"potentialAction\":[{\"@type\":\"SearchAction\",\"target\":{\"@type\":\"EntryPoint\",\"urlTemplate\":\"https:\\\/\\\/slipest.ee\\\/?s={search_term_string}\"},\"query-input\":{\"@type\":\"PropertyValueSpecification\",\"valueRequired\":true,\"valueName\":\"search_term_string\"}}],\"inLanguage\":\"et\"},{\"@type\":\"Organization\",\"@id\":\"https:\\\/\\\/slipest.ee\\\/#organization\",\"name\":\"Slipest O\u00dc\",\"url\":\"https:\\\/\\\/slipest.ee\\\/\",\"logo\":{\"@type\":\"ImageObject\",\"inLanguage\":\"et\",\"@id\":\"https:\\\/\\\/slipest.ee\\\/#\\\/schema\\\/logo\\\/image\\\/\",\"url\":\"https:\\\/\\\/slipest.ee\\\/wp-content\\\/uploads\\\/2024\\\/03\\\/cropped-c1bbbe_d14482f5eeae484aa0ebaa13ab308e28_mv2-2048x1051-1.png\",\"contentUrl\":\"https:\\\/\\\/slipest.ee\\\/wp-content\\\/uploads\\\/2024\\\/03\\\/cropped-c1bbbe_d14482f5eeae484aa0ebaa13ab308e28_mv2-2048x1051-1.png\",\"width\":133,\"height\":100,\"caption\":\"Slipest O\u00dc\"},\"image\":{\"@id\":\"https:\\\/\\\/slipest.ee\\\/#\\\/schema\\\/logo\\\/image\\\/\"}}]}<\/script>\n<!-- \/ Yoast SEO plugin. -->","yoast_head_json":{"title":"J\u00e4\u00e4tmek\u00e4itlus - Slipest O\u00dc","robots":{"index":"index","follow":"follow","max-snippet":"max-snippet:-1","max-image-preview":"max-image-preview:large","max-video-preview":"max-video-preview:-1"},"canonical":"https:\/\/slipest.ee\/et\/jaatmekaitlus\/","og_locale":"et_EE","og_type":"article","og_title":"J\u00e4\u00e4tmek\u00e4itlus - Slipest O\u00dc","og_description":"J\u00c4\u00c4TMEK\u00c4ITLUS P\u00f5llumajandusplasti j\u00e4\u00e4tmed. Silopallikile, silopalli v\u00f5rk, sidumiskile, aunakile, aluskile ja pallin\u00f6\u00f6r on p\u00f5llumajandusplast, mis peale kasutamist tuleb suunata taaskasutusse. Kuidas seda teha? \u00dchtlasi tuletame veelkord meelde, et p\u00f5llumajanduplasti j\u00e4\u00e4tmed peavad olema sorteeritud liigiti ja puhtad. J\u00e4\u00e4tmed ei tohi sisaldada v\u00f5\u00f5riseid nagu silo,muld, liiv, majapidamis-ja tootmisj\u00e4\u00e4tmeid. Samuti rehvid, kivid, betoon jms. Sisalduvad v\u00f5\u00f5rised arvestatakse eraldi ja [&hellip;]","og_url":"https:\/\/slipest.ee\/et\/jaatmekaitlus\/","og_site_name":"Slipest O\u00dc","article_modified_time":"2026-03-17T15:14:25+00:00","twitter_card":"summary_large_image","twitter_misc":{"Est. reading time":"2 minutit"},"schema":{"@context":"https:\/\/schema.org","@graph":[{"@type":"WebPage","@id":"https:\/\/slipest.ee\/jaatmekaitlus\/","url":"https:\/\/slipest.ee\/jaatmekaitlus\/","name":"J\u00e4\u00e4tmek\u00e4itlus - Slipest O\u00dc","isPartOf":{"@id":"https:\/\/slipest.ee\/#website"},"datePublished":"2023-03-29T11:28:39+00:00","dateModified":"2026-03-17T15:14:25+00:00","breadcrumb":{"@id":"https:\/\/slipest.ee\/jaatmekaitlus\/#breadcrumb"},"inLanguage":"et","potentialAction":[{"@type":"ReadAction","target":["https:\/\/slipest.ee\/jaatmekaitlus\/"]}]},{"@type":"BreadcrumbList","@id":"https:\/\/slipest.ee\/jaatmekaitlus\/#breadcrumb","itemListElement":[{"@type":"ListItem","position":1,"name":"Home","item":"https:\/\/slipest.ee\/"},{"@type":"ListItem","position":2,"name":"J\u00e4\u00e4tmek\u00e4itlus"}]},{"@type":"WebSite","@id":"https:\/\/slipest.ee\/#website","url":"https:\/\/slipest.ee\/","name":"Slipest O\u00dc","description":"","publisher":{"@id":"https:\/\/slipest.ee\/#organization"},"potentialAction":[{"@type":"SearchAction","target":{"@type":"EntryPoint","urlTemplate":"https:\/\/slipest.ee\/?s={search_term_string}"},"query-input":{"@type":"PropertyValueSpecification","valueRequired":true,"valueName":"search_term_string"}}],"inLanguage":"et"},{"@type":"Organization","@id":"https:\/\/slipest.ee\/#organization","name":"Slipest O\u00dc","url":"https:\/\/slipest.ee\/","logo":{"@type":"ImageObject","inLanguage":"et","@id":"https:\/\/slipest.ee\/#\/schema\/logo\/image\/","url":"https:\/\/slipest.ee\/wp-content\/uploads\/2024\/03\/cropped-c1bbbe_d14482f5eeae484aa0ebaa13ab308e28_mv2-2048x1051-1.png","contentUrl":"https:\/\/slipest.ee\/wp-content\/uploads\/2024\/03\/cropped-c1bbbe_d14482f5eeae484aa0ebaa13ab308e28_mv2-2048x1051-1.png","width":133,"height":100,"caption":"Slipest O\u00dc"},"image":{"@id":"https:\/\/slipest.ee\/#\/schema\/logo\/image\/"}}]}},"_links":{"self":[{"href":"https:\/\/slipest.ee\/et\/wp-json\/wp\/v2\/pages\/17","targetHints":{"allow":["GET"]}}],"collection":[{"href":"https:\/\/slipest.ee\/et\/wp-json\/wp\/v2\/pages"}],"about":[{"href":"https:\/\/slipest.ee\/et\/wp-json\/wp\/v2\/types\/page"}],"author":[{"embeddable":true,"href":"https:\/\/slipest.ee\/et\/wp-json\/wp\/v2\/users\/1"}],"replies":[{"embeddable":true,"href":"https:\/\/slipest.ee\/et\/wp-json\/wp\/v2\/comments?post=17"}],"version-history":[{"count":15,"href":"https:\/\/slipest.ee\/et\/wp-json\/wp\/v2\/pages\/17\/revisions"}],"predecessor-version":[{"id":560,"href":"https:\/\/slipest.ee\/et\/wp-json\/wp\/v2\/pages\/17\/revisions\/560"}],"wp:attachment":[{"href":"https:\/\/slipest.ee\/et\/wp-json\/wp\/v2\/media?parent=17"}],"curies":[{"name":"wp","href":"https:\/\/api.w.org\/{rel}","templated":true}]}}