{"id":11,"date":"2023-03-29T11:28:12","date_gmt":"2023-03-29T11:28:12","guid":{"rendered":"https:\/\/slipest.ee\/?page_id=11"},"modified":"2026-02-09T08:25:39","modified_gmt":"2026-02-09T08:25:39","slug":"meie-partnerid","status":"publish","type":"page","link":"https:\/\/slipest.ee\/et\/meie-partnerid\/","title":{"rendered":"Meie partnerid"},"content":{"rendered":"\n<div class=\"wp-block-columns p-5 m-5 is-layout-flex wp-container-core-columns-is-layout-9d6595d7 wp-block-columns-is-layout-flex\">\n<div class=\"wp-block-column is-layout-flow wp-block-column-is-layout-flow\">\n<h2 class=\"wp-block-heading\">RKW<\/h2>\n\n\n\n<p><strong>RKW Group<\/strong> on perefirma mis on asutatud 1957 aastal.  RKW -l on 16 tootmis\u00fckssust \u00fcle maailma. RKW valmistab meile tranzee alus-ja kattekilet ning palliv\u00f5rku  <a href=\"https:\/\/rkw-group.com\/\">https:\/\/rkw-group.com\/<\/a><\/p>\n<\/div>\n\n\n\n<div class=\"wp-block-column is-layout-flow wp-block-column-is-layout-flow\">\n<figure class=\"wp-block-image size-full\"><img loading=\"lazy\" decoding=\"async\" width=\"500\" height=\"100\" src=\"https:\/\/slipest.ee\/wp-content\/uploads\/2023\/03\/RKW-Logo-Retina.png\" alt=\"\" class=\"wp-image-73\" srcset=\"https:\/\/slipest.ee\/wp-content\/uploads\/2023\/03\/RKW-Logo-Retina.png 500w, https:\/\/slipest.ee\/wp-content\/uploads\/2023\/03\/RKW-Logo-Retina-300x60.png 300w\" sizes=\"auto, (max-width: 500px) 100vw, 500px\" \/><\/figure>\n<\/div>\n<\/div>\n\n\n\n<div class=\"wp-block-columns p-5 m-5 is-layout-flex wp-container-core-columns-is-layout-9d6595d7 wp-block-columns-is-layout-flex\">\n<div class=\"wp-block-column is-layout-flow wp-block-column-is-layout-flow\">\n<figure class=\"wp-block-image size-full\"><img loading=\"lazy\" decoding=\"async\" width=\"917\" height=\"272\" src=\"https:\/\/slipest.ee\/wp-content\/uploads\/2023\/03\/solplast-logo-removebg-preview.png\" alt=\"\" class=\"wp-image-79\" srcset=\"https:\/\/slipest.ee\/wp-content\/uploads\/2023\/03\/solplast-logo-removebg-preview.png 917w, https:\/\/slipest.ee\/wp-content\/uploads\/2023\/03\/solplast-logo-removebg-preview-600x178.png 600w, https:\/\/slipest.ee\/wp-content\/uploads\/2023\/03\/solplast-logo-removebg-preview-300x89.png 300w, https:\/\/slipest.ee\/wp-content\/uploads\/2023\/03\/solplast-logo-removebg-preview-768x228.png 768w\" sizes=\"auto, (max-width: 917px) 100vw, 917px\" \/><\/figure>\n<\/div>\n\n\n\n<div class=\"wp-block-column is-layout-flow wp-block-column-is-layout-flow\">\n<h2 class=\"wp-block-heading\">SOLPLAST<\/h2>\n\n\n\n<p>Solplast on Armando Alvarez gruppi kuuluv tehas Murcias Hispaanias. Solpastis valmivad k\u00f5ik silotranzee ja turbaaunade alus-ja kattekiled. <a href=\"https:\/\/solplast.com\/eng\/home\">https:\/\/solplast.com\/eng\/home<\/a><\/p>\n<\/div>\n<\/div>\n\n\n\n<div class=\"wp-block-columns p-5 m-5 is-layout-flex wp-container-core-columns-is-layout-9d6595d7 wp-block-columns-is-layout-flex\">\n<div class=\"wp-block-column is-layout-flow wp-block-column-is-layout-flow\">\n<h2 class=\"wp-block-heading\">SILOBOLSA<\/h2>\n\n\n\n<p>Maailma suurim silo-ja maisitunnelite tootja Argentiinas. <a href=\"https:\/\/silobolsa.com\/en\/522-2\/\">https:\/\/silobolsa.com\/en\/522-2\/<\/a><\/p>\n<\/div>\n\n\n\n<div class=\"wp-block-column is-layout-flow wp-block-column-is-layout-flow\">\n<figure class=\"wp-block-image size-full\"><img loading=\"lazy\" decoding=\"async\" width=\"374\" height=\"134\" src=\"https:\/\/slipest.ee\/wp-content\/uploads\/2023\/03\/plastar-logo-1_orig-removebg-preview.png\" alt=\"\" class=\"wp-image-81\" srcset=\"https:\/\/slipest.ee\/wp-content\/uploads\/2023\/03\/plastar-logo-1_orig-removebg-preview.png 374w, https:\/\/slipest.ee\/wp-content\/uploads\/2023\/03\/plastar-logo-1_orig-removebg-preview-300x107.png 300w\" sizes=\"auto, (max-width: 374px) 100vw, 374px\" \/><\/figure>\n<\/div>\n<\/div>\n\n\n\n<div class=\"wp-block-columns p-5 m-5 is-layout-flex wp-container-core-columns-is-layout-9d6595d7 wp-block-columns-is-layout-flex\">\n<div class=\"wp-block-column is-layout-flow wp-block-column-is-layout-flow\">\n<figure class=\"wp-block-image size-large\"><img loading=\"lazy\" decoding=\"async\" width=\"1024\" height=\"344\" src=\"https:\/\/slipest.ee\/wp-content\/uploads\/2023\/04\/image-5_1_upscaled-1024x344.png\" alt=\"\" class=\"wp-image-197\" srcset=\"https:\/\/slipest.ee\/wp-content\/uploads\/2023\/04\/image-5_1_upscaled-1024x344.png 1024w, https:\/\/slipest.ee\/wp-content\/uploads\/2023\/04\/image-5_1_upscaled-600x201.png 600w, https:\/\/slipest.ee\/wp-content\/uploads\/2023\/04\/image-5_1_upscaled-300x101.png 300w, https:\/\/slipest.ee\/wp-content\/uploads\/2023\/04\/image-5_1_upscaled-768x258.png 768w, https:\/\/slipest.ee\/wp-content\/uploads\/2023\/04\/image-5_1_upscaled.png 1072w\" sizes=\"auto, (max-width: 1024px) 100vw, 1024px\" \/><\/figure>\n<\/div>\n\n\n\n<div class=\"wp-block-column is-layout-flow wp-block-column-is-layout-flow\">\n<h2 class=\"wp-block-heading\">ASPLA<\/h2>\n\n\n\n<p>Alates asutamisest 1964. aastal on Aspla keskendunud kvaliteedile ja tehnoloogiale, et pakkuda meie n\u00f5udlikele klientidele silopallikilet.  Asplas valmivad silopallikiled nagu SUPERGRASS , ECOPLUS , PROFESSIONAL 2000 Aspla kuulub samuti Armando Alvares gruppi. <a href=\"https:\/\/www.aspla.com\/gbr\/home\">https:\/\/www.aspla.com\/gbr\/home<\/a><\/p>\n<\/div>\n<\/div>\n\n\n\n<div class=\"wp-block-columns p-5 m-5 is-layout-flex wp-container-core-columns-is-layout-9d6595d7 wp-block-columns-is-layout-flex\">\n<div class=\"wp-block-column is-layout-flow wp-block-column-is-layout-flow\">\n<h2 class=\"wp-block-heading\">POLIFIL AS<\/h2>\n\n\n\n<p>POL\u0130F\u0130L &#8211; perefirma mis on tegutsenud rohkem kui 35 aastat. POLIFIL-i v\u00f5ime lugeda t\u00e4na \u00fcheks k\u00f5ige kaasaaegsema sisseseadega tehaseks omasuguste hulgas kogu maailmas. Juba 6 aastat j\u00e4rjest uuendatakse igal aastal tehase tootmis- ja pakkseadmeid. POLIFIL asub T\u00fcrgis Istanbulis. Polifis toodetakse SLIPEST palliv\u00f5rk. <a href=\"https:\/\/polifilas.com\/en\/\">https:\/\/polifilas.com\/en\/<\/a><\/p>\n<\/div>\n\n\n\n<div class=\"wp-block-column is-layout-flow wp-block-column-is-layout-flow\">\n<figure class=\"wp-block-image size-large\"><img loading=\"lazy\" decoding=\"async\" width=\"1024\" height=\"264\" src=\"https:\/\/slipest.ee\/wp-content\/uploads\/2023\/04\/polifillogo_upscaled-1024x264.png\" alt=\"\" class=\"wp-image-195\" srcset=\"https:\/\/slipest.ee\/wp-content\/uploads\/2023\/04\/polifillogo_upscaled-1024x264.png 1024w, https:\/\/slipest.ee\/wp-content\/uploads\/2023\/04\/polifillogo_upscaled-600x155.png 600w, https:\/\/slipest.ee\/wp-content\/uploads\/2023\/04\/polifillogo_upscaled-300x77.png 300w, https:\/\/slipest.ee\/wp-content\/uploads\/2023\/04\/polifillogo_upscaled-768x198.png 768w, https:\/\/slipest.ee\/wp-content\/uploads\/2023\/04\/polifillogo_upscaled.png 1208w\" sizes=\"auto, (max-width: 1024px) 100vw, 1024px\" \/><\/figure>\n<\/div>\n<\/div>\n\n\n\n<div class=\"wp-block-columns p-5 m-5 is-layout-flex wp-container-core-columns-is-layout-9d6595d7 wp-block-columns-is-layout-flex\">\n<div class=\"wp-block-column is-layout-flow wp-block-column-is-layout-flow\">\n<figure class=\"wp-block-image size-full is-style-default\"><img loading=\"lazy\" decoding=\"async\" width=\"163\" height=\"50\" src=\"https:\/\/slipest.ee\/wp-content\/uploads\/2024\/04\/Tecfil-logo-r.png\" alt=\"\" class=\"wp-image-278\"\/><\/figure>\n<\/div>\n\n\n\n<div class=\"wp-block-column is-layout-flow wp-block-column-is-layout-flow\">\n<h2 class=\"wp-block-heading\">TECFIL <\/h2>\n\n\n\n<p>TECF\u0130L &#8211; Meie partner Portugalis, mis toodab pallin\u00f6\u00f6ri. Ettev\u00f5te on asutatud 1991 aastal. T\u00e4na ekspordib Tecfil 80% toodangust kolmek\u00fcmnessesse erinevasse riiki sealhulgas ka Eestisse. <a href=\"https:\/\/www.tecfil.pt\/\">https:\/\/www.tecfil.pt\/<\/a><\/p>\n<\/div>\n<\/div>\n\n\n\n<div class=\"wp-block-columns are-vertically-aligned-center is-layout-flex wp-container-core-columns-is-layout-9d6595d7 wp-block-columns-is-layout-flex\">\n<div class=\"wp-block-column is-vertically-aligned-center is-layout-flow wp-block-column-is-layout-flow\" style=\"flex-basis:100%\"><\/div>\n<\/div>\n\n\n\n<div class=\"wp-block-columns is-layout-flex wp-container-core-columns-is-layout-9d6595d7 wp-block-columns-is-layout-flex\">\n<div class=\"wp-block-column is-layout-flow wp-block-column-is-layout-flow\">\n<figure class=\"wp-block-image size-full is-resized\"><img loading=\"lazy\" decoding=\"async\" width=\"487\" height=\"128\" src=\"https:\/\/slipest.ee\/wp-content\/uploads\/2026\/02\/Silotite-PNG-1.png\" alt=\"\" class=\"wp-image-550\" style=\"aspect-ratio:3.8051197357555737;width:331px;height:auto\" srcset=\"https:\/\/slipest.ee\/wp-content\/uploads\/2026\/02\/Silotite-PNG-1.png 487w, https:\/\/slipest.ee\/wp-content\/uploads\/2026\/02\/Silotite-PNG-1-300x79.png 300w, https:\/\/slipest.ee\/wp-content\/uploads\/2026\/02\/Silotite-PNG-1-18x5.png 18w\" sizes=\"auto, (max-width: 487px) 100vw, 487px\" \/><\/figure>\n<\/div>\n<\/div>\n\n\n\n<p><\/p>\n","protected":false},"excerpt":{"rendered":"<p>RKW RKW Group on perefirma mis on asutatud 1957 aastal. RKW -l on 16 tootmis\u00fckssust \u00fcle maailma. RKW valmistab meile tranzee alus-ja kattekilet ning palliv\u00f5rku https:\/\/rkw-group.com\/ SOLPLAST Solplast on Armando Alvarez gruppi kuuluv tehas Murcias Hispaanias. Solpastis valmivad k\u00f5ik silotranzee ja turbaaunade alus-ja kattekiled. https:\/\/solplast.com\/eng\/home SILOBOLSA Maailma suurim silo-ja maisitunnelite tootja Argentiinas. https:\/\/silobolsa.com\/en\/522-2\/ ASPLA Alates [&hellip;]<\/p>\n","protected":false},"author":1,"featured_media":0,"parent":0,"menu_order":0,"comment_status":"closed","ping_status":"closed","template":"page-nosidebar.php","meta":{"footnotes":""},"class_list":["post-11","page","type-page","status-publish","hentry"],"acf":[],"yoast_head":"<!-- This site is optimized with the Yoast SEO plugin v27.3 - https:\/\/yoast.com\/product\/yoast-seo-wordpress\/ -->\n<title>Meie partnerid - Slipest O\u00dc<\/title>\n<meta name=\"robots\" content=\"index, follow, max-snippet:-1, max-image-preview:large, max-video-preview:-1\" \/>\n<link rel=\"canonical\" href=\"https:\/\/slipest.ee\/et\/meie-partnerid\/\" \/>\n<meta property=\"og:locale\" content=\"et_EE\" \/>\n<meta property=\"og:type\" content=\"article\" \/>\n<meta property=\"og:title\" content=\"Meie partnerid - Slipest O\u00dc\" \/>\n<meta property=\"og:description\" content=\"RKW RKW Group on perefirma mis on asutatud 1957 aastal. RKW -l on 16 tootmis\u00fckssust \u00fcle maailma. RKW valmistab meile tranzee alus-ja kattekilet ning palliv\u00f5rku https:\/\/rkw-group.com\/ SOLPLAST Solplast on Armando Alvarez gruppi kuuluv tehas Murcias Hispaanias. Solpastis valmivad k\u00f5ik silotranzee ja turbaaunade alus-ja kattekiled. https:\/\/solplast.com\/eng\/home SILOBOLSA Maailma suurim silo-ja maisitunnelite tootja Argentiinas. https:\/\/silobolsa.com\/en\/522-2\/ ASPLA Alates [&hellip;]\" \/>\n<meta property=\"og:url\" content=\"https:\/\/slipest.ee\/et\/meie-partnerid\/\" \/>\n<meta property=\"og:site_name\" content=\"Slipest O\u00dc\" \/>\n<meta property=\"article:modified_time\" content=\"2026-02-09T08:25:39+00:00\" \/>\n<meta property=\"og:image\" content=\"https:\/\/slipest.ee\/wp-content\/uploads\/2023\/03\/RKW-Logo-Retina.png\" \/>\n\t<meta property=\"og:image:width\" content=\"500\" \/>\n\t<meta property=\"og:image:height\" content=\"100\" \/>\n\t<meta property=\"og:image:type\" content=\"image\/png\" \/>\n<meta name=\"twitter:card\" content=\"summary_large_image\" \/>\n<meta name=\"twitter:label1\" content=\"Est. reading time\" \/>\n\t<meta name=\"twitter:data1\" content=\"3 minutit\" \/>\n<script type=\"application\/ld+json\" class=\"yoast-schema-graph\">{\"@context\":\"https:\\\/\\\/schema.org\",\"@graph\":[{\"@type\":\"WebPage\",\"@id\":\"https:\\\/\\\/slipest.ee\\\/meie-partnerid\\\/\",\"url\":\"https:\\\/\\\/slipest.ee\\\/meie-partnerid\\\/\",\"name\":\"Meie partnerid - Slipest O\u00dc\",\"isPartOf\":{\"@id\":\"https:\\\/\\\/slipest.ee\\\/#website\"},\"primaryImageOfPage\":{\"@id\":\"https:\\\/\\\/slipest.ee\\\/meie-partnerid\\\/#primaryimage\"},\"image\":{\"@id\":\"https:\\\/\\\/slipest.ee\\\/meie-partnerid\\\/#primaryimage\"},\"thumbnailUrl\":\"https:\\\/\\\/slipest.ee\\\/wp-content\\\/uploads\\\/2023\\\/03\\\/RKW-Logo-Retina.png\",\"datePublished\":\"2023-03-29T11:28:12+00:00\",\"dateModified\":\"2026-02-09T08:25:39+00:00\",\"breadcrumb\":{\"@id\":\"https:\\\/\\\/slipest.ee\\\/meie-partnerid\\\/#breadcrumb\"},\"inLanguage\":\"et\",\"potentialAction\":[{\"@type\":\"ReadAction\",\"target\":[\"https:\\\/\\\/slipest.ee\\\/meie-partnerid\\\/\"]}]},{\"@type\":\"ImageObject\",\"inLanguage\":\"et\",\"@id\":\"https:\\\/\\\/slipest.ee\\\/meie-partnerid\\\/#primaryimage\",\"url\":\"https:\\\/\\\/slipest.ee\\\/wp-content\\\/uploads\\\/2023\\\/03\\\/RKW-Logo-Retina.png\",\"contentUrl\":\"https:\\\/\\\/slipest.ee\\\/wp-content\\\/uploads\\\/2023\\\/03\\\/RKW-Logo-Retina.png\"},{\"@type\":\"BreadcrumbList\",\"@id\":\"https:\\\/\\\/slipest.ee\\\/meie-partnerid\\\/#breadcrumb\",\"itemListElement\":[{\"@type\":\"ListItem\",\"position\":1,\"name\":\"Home\",\"item\":\"https:\\\/\\\/slipest.ee\\\/\"},{\"@type\":\"ListItem\",\"position\":2,\"name\":\"Meie partnerid\"}]},{\"@type\":\"WebSite\",\"@id\":\"https:\\\/\\\/slipest.ee\\\/#website\",\"url\":\"https:\\\/\\\/slipest.ee\\\/\",\"name\":\"Slipest O\u00dc\",\"description\":\"\",\"publisher\":{\"@id\":\"https:\\\/\\\/slipest.ee\\\/#organization\"},\"potentialAction\":[{\"@type\":\"SearchAction\",\"target\":{\"@type\":\"EntryPoint\",\"urlTemplate\":\"https:\\\/\\\/slipest.ee\\\/?s={search_term_string}\"},\"query-input\":{\"@type\":\"PropertyValueSpecification\",\"valueRequired\":true,\"valueName\":\"search_term_string\"}}],\"inLanguage\":\"et\"},{\"@type\":\"Organization\",\"@id\":\"https:\\\/\\\/slipest.ee\\\/#organization\",\"name\":\"Slipest O\u00dc\",\"url\":\"https:\\\/\\\/slipest.ee\\\/\",\"logo\":{\"@type\":\"ImageObject\",\"inLanguage\":\"et\",\"@id\":\"https:\\\/\\\/slipest.ee\\\/#\\\/schema\\\/logo\\\/image\\\/\",\"url\":\"https:\\\/\\\/slipest.ee\\\/wp-content\\\/uploads\\\/2024\\\/03\\\/cropped-c1bbbe_d14482f5eeae484aa0ebaa13ab308e28_mv2-2048x1051-1.png\",\"contentUrl\":\"https:\\\/\\\/slipest.ee\\\/wp-content\\\/uploads\\\/2024\\\/03\\\/cropped-c1bbbe_d14482f5eeae484aa0ebaa13ab308e28_mv2-2048x1051-1.png\",\"width\":133,\"height\":100,\"caption\":\"Slipest O\u00dc\"},\"image\":{\"@id\":\"https:\\\/\\\/slipest.ee\\\/#\\\/schema\\\/logo\\\/image\\\/\"}}]}<\/script>\n<!-- \/ Yoast SEO plugin. -->","yoast_head_json":{"title":"Meie partnerid - Slipest O\u00dc","robots":{"index":"index","follow":"follow","max-snippet":"max-snippet:-1","max-image-preview":"max-image-preview:large","max-video-preview":"max-video-preview:-1"},"canonical":"https:\/\/slipest.ee\/et\/meie-partnerid\/","og_locale":"et_EE","og_type":"article","og_title":"Meie partnerid - Slipest O\u00dc","og_description":"RKW RKW Group on perefirma mis on asutatud 1957 aastal. RKW -l on 16 tootmis\u00fckssust \u00fcle maailma. RKW valmistab meile tranzee alus-ja kattekilet ning palliv\u00f5rku https:\/\/rkw-group.com\/ SOLPLAST Solplast on Armando Alvarez gruppi kuuluv tehas Murcias Hispaanias. Solpastis valmivad k\u00f5ik silotranzee ja turbaaunade alus-ja kattekiled. https:\/\/solplast.com\/eng\/home SILOBOLSA Maailma suurim silo-ja maisitunnelite tootja Argentiinas. https:\/\/silobolsa.com\/en\/522-2\/ ASPLA Alates [&hellip;]","og_url":"https:\/\/slipest.ee\/et\/meie-partnerid\/","og_site_name":"Slipest O\u00dc","article_modified_time":"2026-02-09T08:25:39+00:00","og_image":[{"width":500,"height":100,"url":"https:\/\/slipest.ee\/wp-content\/uploads\/2023\/03\/RKW-Logo-Retina.png","type":"image\/png"}],"twitter_card":"summary_large_image","twitter_misc":{"Est. reading time":"3 minutit"},"schema":{"@context":"https:\/\/schema.org","@graph":[{"@type":"WebPage","@id":"https:\/\/slipest.ee\/meie-partnerid\/","url":"https:\/\/slipest.ee\/meie-partnerid\/","name":"Meie partnerid - Slipest O\u00dc","isPartOf":{"@id":"https:\/\/slipest.ee\/#website"},"primaryImageOfPage":{"@id":"https:\/\/slipest.ee\/meie-partnerid\/#primaryimage"},"image":{"@id":"https:\/\/slipest.ee\/meie-partnerid\/#primaryimage"},"thumbnailUrl":"https:\/\/slipest.ee\/wp-content\/uploads\/2023\/03\/RKW-Logo-Retina.png","datePublished":"2023-03-29T11:28:12+00:00","dateModified":"2026-02-09T08:25:39+00:00","breadcrumb":{"@id":"https:\/\/slipest.ee\/meie-partnerid\/#breadcrumb"},"inLanguage":"et","potentialAction":[{"@type":"ReadAction","target":["https:\/\/slipest.ee\/meie-partnerid\/"]}]},{"@type":"ImageObject","inLanguage":"et","@id":"https:\/\/slipest.ee\/meie-partnerid\/#primaryimage","url":"https:\/\/slipest.ee\/wp-content\/uploads\/2023\/03\/RKW-Logo-Retina.png","contentUrl":"https:\/\/slipest.ee\/wp-content\/uploads\/2023\/03\/RKW-Logo-Retina.png"},{"@type":"BreadcrumbList","@id":"https:\/\/slipest.ee\/meie-partnerid\/#breadcrumb","itemListElement":[{"@type":"ListItem","position":1,"name":"Home","item":"https:\/\/slipest.ee\/"},{"@type":"ListItem","position":2,"name":"Meie partnerid"}]},{"@type":"WebSite","@id":"https:\/\/slipest.ee\/#website","url":"https:\/\/slipest.ee\/","name":"Slipest O\u00dc","description":"","publisher":{"@id":"https:\/\/slipest.ee\/#organization"},"potentialAction":[{"@type":"SearchAction","target":{"@type":"EntryPoint","urlTemplate":"https:\/\/slipest.ee\/?s={search_term_string}"},"query-input":{"@type":"PropertyValueSpecification","valueRequired":true,"valueName":"search_term_string"}}],"inLanguage":"et"},{"@type":"Organization","@id":"https:\/\/slipest.ee\/#organization","name":"Slipest O\u00dc","url":"https:\/\/slipest.ee\/","logo":{"@type":"ImageObject","inLanguage":"et","@id":"https:\/\/slipest.ee\/#\/schema\/logo\/image\/","url":"https:\/\/slipest.ee\/wp-content\/uploads\/2024\/03\/cropped-c1bbbe_d14482f5eeae484aa0ebaa13ab308e28_mv2-2048x1051-1.png","contentUrl":"https:\/\/slipest.ee\/wp-content\/uploads\/2024\/03\/cropped-c1bbbe_d14482f5eeae484aa0ebaa13ab308e28_mv2-2048x1051-1.png","width":133,"height":100,"caption":"Slipest O\u00dc"},"image":{"@id":"https:\/\/slipest.ee\/#\/schema\/logo\/image\/"}}]}},"_links":{"self":[{"href":"https:\/\/slipest.ee\/et\/wp-json\/wp\/v2\/pages\/11","targetHints":{"allow":["GET"]}}],"collection":[{"href":"https:\/\/slipest.ee\/et\/wp-json\/wp\/v2\/pages"}],"about":[{"href":"https:\/\/slipest.ee\/et\/wp-json\/wp\/v2\/types\/page"}],"author":[{"embeddable":true,"href":"https:\/\/slipest.ee\/et\/wp-json\/wp\/v2\/users\/1"}],"replies":[{"embeddable":true,"href":"https:\/\/slipest.ee\/et\/wp-json\/wp\/v2\/comments?post=11"}],"version-history":[{"count":20,"href":"https:\/\/slipest.ee\/et\/wp-json\/wp\/v2\/pages\/11\/revisions"}],"predecessor-version":[{"id":551,"href":"https:\/\/slipest.ee\/et\/wp-json\/wp\/v2\/pages\/11\/revisions\/551"}],"wp:attachment":[{"href":"https:\/\/slipest.ee\/et\/wp-json\/wp\/v2\/media?parent=11"}],"curies":[{"name":"wp","href":"https:\/\/api.w.org\/{rel}","templated":true}]}}