{"id":91,"date":"2023-03-31T09:49:28","date_gmt":"2023-03-31T09:49:28","guid":{"rendered":"https:\/\/slipest.ee\/?post_type=product&#038;p=91"},"modified":"2024-06-14T09:00:31","modified_gmt":"2024-06-14T09:00:31","slug":"vork-slip-net-pr0-3600","status":"publish","type":"product","link":"https:\/\/slipest.ee\/en\/product\/vork-slip-net-pr0-3600\/","title":{"rendered":"Netwrap SLIP NET PR0 3600"},"content":{"rendered":"","protected":false},"excerpt":{"rendered":"<p style=\"text-align: center;\">A netwrap with the best characteristics. Suitable for use on all presses. Very strong and durable. Rainforced edges.<\/p>\n<p style=\"text-align: center;\">The double reinforced netwrap edges and middle section ensure uninterrupted net performance even in wet conditions and significantly increase the transport resistance of the bails.<\/p>\n<p style=\"text-align: center;\"><strong>UV protection<\/strong><br \/>\n<strong>Covering the roll from edge to edge.<\/strong><br \/>\n<strong>10,8 g per linear metre<\/strong><br \/>\n<strong>Red warning bars at the end of the roll<\/strong><br \/>\n<strong>Antistatic<\/strong><\/p>\n<p style=\"text-align: center;\">Manufacturer: RKW Germany<\/p>\n<p style=\"text-align: center;\">The consumption of net for a single bale is approx. 9,5m. See also link <a href=\"http:\/\/slipest.ee\/en\/kalkulaator\/\">CALCULATOR<\/a><\/p>\n<p style=\"text-align: center;\">","protected":false},"featured_media":267,"comment_status":"closed","ping_status":"closed","template":"","meta":[],"product_brand":[],"product_cat":[19],"product_tag":[],"class_list":{"0":"post-91","1":"product","2":"type-product","3":"status-publish","4":"has-post-thumbnail","6":"product_cat-silopalli-vork","8":"first","9":"instock","10":"shipping-taxable","11":"product-type-simple"},"acf":[],"yoast_head":"<!-- This site is optimized with the Yoast SEO plugin v27.3 - https:\/\/yoast.com\/product\/yoast-seo-wordpress\/ -->\n<title>V\u00f5rk SLIP NET PR0 3600 - Slipest O\u00dc<\/title>\n<meta name=\"robots\" content=\"index, follow, max-snippet:-1, max-image-preview:large, max-video-preview:-1\" \/>\n<link rel=\"canonical\" href=\"https:\/\/slipest.ee\/en\/product\/vork-slip-net-pr0-3600\/\" \/>\n<meta property=\"og:locale\" content=\"en_GB\" \/>\n<meta property=\"og:type\" content=\"article\" \/>\n<meta property=\"og:title\" content=\"V\u00f5rk SLIP NET PR0 3600 - Slipest O\u00dc\" \/>\n<meta property=\"og:description\" content=\"Parimate omadustega silopalli v\u00f5rk. Sobib kasutamiseks k\u00f5ikedel pressidel. V\u00e4ga tugev ja vastupidav. Topelt tugevusega v\u00f5rgu servad ja keskosa\u00a0tagavad v\u00f5rgu katkematu t\u00f6\u00f6 ka m\u00e4rja massi korral ning suurendavad oluliselt pallide transpordikindlust. UV kaitse Rulooni katmine servast serva. 10,8 g jooksvas meetris Punased hoiatusribad rulli l\u00f5pus Antistaatiline Valmistaja: RKW Saksamaa V\u00f5rgu kulu \u00fchele rullile ca 9,5m. Vaata ka linki KALKULAATOR\" \/>\n<meta property=\"og:url\" content=\"https:\/\/slipest.ee\/en\/product\/vork-slip-net-pr0-3600\/\" \/>\n<meta property=\"og:site_name\" content=\"Slipest O\u00dc\" \/>\n<meta property=\"article:modified_time\" content=\"2024-06-14T09:00:31+00:00\" \/>\n<meta property=\"og:image\" content=\"https:\/\/slipest.ee\/wp-content\/uploads\/2024\/03\/slipnet-1-e1711633907384.jpg\" \/>\n\t<meta property=\"og:image:width\" content=\"800\" \/>\n\t<meta property=\"og:image:height\" content=\"158\" \/>\n\t<meta property=\"og:image:type\" content=\"image\/jpeg\" \/>\n<meta name=\"twitter:card\" content=\"summary_large_image\" \/>\n<meta name=\"twitter:label1\" content=\"Estimated reading time\" \/>\n\t<meta name=\"twitter:data1\" content=\"1 minute\" \/>\n<script type=\"application\/ld+json\" class=\"yoast-schema-graph\">{\"@context\":\"https:\\\/\\\/schema.org\",\"@graph\":[{\"@type\":\"WebPage\",\"@id\":\"https:\\\/\\\/slipest.ee\\\/toode\\\/vork-slip-net-pr0-3600\\\/\",\"url\":\"https:\\\/\\\/slipest.ee\\\/toode\\\/vork-slip-net-pr0-3600\\\/\",\"name\":\"V\u00f5rk SLIP NET PR0 3600 - Slipest O\u00dc\",\"isPartOf\":{\"@id\":\"https:\\\/\\\/slipest.ee\\\/#website\"},\"primaryImageOfPage\":{\"@id\":\"https:\\\/\\\/slipest.ee\\\/toode\\\/vork-slip-net-pr0-3600\\\/#primaryimage\"},\"image\":{\"@id\":\"https:\\\/\\\/slipest.ee\\\/toode\\\/vork-slip-net-pr0-3600\\\/#primaryimage\"},\"thumbnailUrl\":\"https:\\\/\\\/slipest.ee\\\/wp-content\\\/uploads\\\/2024\\\/03\\\/slipnet-1-e1711633907384.jpg\",\"datePublished\":\"2023-03-31T09:49:28+00:00\",\"dateModified\":\"2024-06-14T09:00:31+00:00\",\"breadcrumb\":{\"@id\":\"https:\\\/\\\/slipest.ee\\\/toode\\\/vork-slip-net-pr0-3600\\\/#breadcrumb\"},\"inLanguage\":\"en-GB\",\"potentialAction\":[{\"@type\":\"ReadAction\",\"target\":[\"https:\\\/\\\/slipest.ee\\\/toode\\\/vork-slip-net-pr0-3600\\\/\"]}]},{\"@type\":\"ImageObject\",\"inLanguage\":\"en-GB\",\"@id\":\"https:\\\/\\\/slipest.ee\\\/toode\\\/vork-slip-net-pr0-3600\\\/#primaryimage\",\"url\":\"https:\\\/\\\/slipest.ee\\\/wp-content\\\/uploads\\\/2024\\\/03\\\/slipnet-1-e1711633907384.jpg\",\"contentUrl\":\"https:\\\/\\\/slipest.ee\\\/wp-content\\\/uploads\\\/2024\\\/03\\\/slipnet-1-e1711633907384.jpg\",\"width\":800,\"height\":158},{\"@type\":\"BreadcrumbList\",\"@id\":\"https:\\\/\\\/slipest.ee\\\/toode\\\/vork-slip-net-pr0-3600\\\/#breadcrumb\",\"itemListElement\":[{\"@type\":\"ListItem\",\"position\":1,\"name\":\"Home\",\"item\":\"https:\\\/\\\/slipest.ee\\\/\"},{\"@type\":\"ListItem\",\"position\":2,\"name\":\"V\u00f5rk SLIP NET PR0 3600\"}]},{\"@type\":\"WebSite\",\"@id\":\"https:\\\/\\\/slipest.ee\\\/#website\",\"url\":\"https:\\\/\\\/slipest.ee\\\/\",\"name\":\"Slipest O\u00dc\",\"description\":\"\",\"publisher\":{\"@id\":\"https:\\\/\\\/slipest.ee\\\/#organization\"},\"potentialAction\":[{\"@type\":\"SearchAction\",\"target\":{\"@type\":\"EntryPoint\",\"urlTemplate\":\"https:\\\/\\\/slipest.ee\\\/?s={search_term_string}\"},\"query-input\":{\"@type\":\"PropertyValueSpecification\",\"valueRequired\":true,\"valueName\":\"search_term_string\"}}],\"inLanguage\":\"en-GB\"},{\"@type\":\"Organization\",\"@id\":\"https:\\\/\\\/slipest.ee\\\/#organization\",\"name\":\"Slipest O\u00dc\",\"url\":\"https:\\\/\\\/slipest.ee\\\/\",\"logo\":{\"@type\":\"ImageObject\",\"inLanguage\":\"en-GB\",\"@id\":\"https:\\\/\\\/slipest.ee\\\/#\\\/schema\\\/logo\\\/image\\\/\",\"url\":\"https:\\\/\\\/slipest.ee\\\/wp-content\\\/uploads\\\/2024\\\/03\\\/cropped-c1bbbe_d14482f5eeae484aa0ebaa13ab308e28_mv2-2048x1051-1.png\",\"contentUrl\":\"https:\\\/\\\/slipest.ee\\\/wp-content\\\/uploads\\\/2024\\\/03\\\/cropped-c1bbbe_d14482f5eeae484aa0ebaa13ab308e28_mv2-2048x1051-1.png\",\"width\":133,\"height\":100,\"caption\":\"Slipest O\u00dc\"},\"image\":{\"@id\":\"https:\\\/\\\/slipest.ee\\\/#\\\/schema\\\/logo\\\/image\\\/\"}}]}<\/script>\n<!-- \/ Yoast SEO plugin. -->","yoast_head_json":{"title":"V\u00f5rk SLIP NET PR0 3600 - Slipest O\u00dc","robots":{"index":"index","follow":"follow","max-snippet":"max-snippet:-1","max-image-preview":"max-image-preview:large","max-video-preview":"max-video-preview:-1"},"canonical":"https:\/\/slipest.ee\/en\/product\/vork-slip-net-pr0-3600\/","og_locale":"en_GB","og_type":"article","og_title":"V\u00f5rk SLIP NET PR0 3600 - Slipest O\u00dc","og_description":"Parimate omadustega silopalli v\u00f5rk. Sobib kasutamiseks k\u00f5ikedel pressidel. V\u00e4ga tugev ja vastupidav. Topelt tugevusega v\u00f5rgu servad ja keskosa\u00a0tagavad v\u00f5rgu katkematu t\u00f6\u00f6 ka m\u00e4rja massi korral ning suurendavad oluliselt pallide transpordikindlust. UV kaitse Rulooni katmine servast serva. 10,8 g jooksvas meetris Punased hoiatusribad rulli l\u00f5pus Antistaatiline Valmistaja: RKW Saksamaa V\u00f5rgu kulu \u00fchele rullile ca 9,5m. Vaata ka linki KALKULAATOR","og_url":"https:\/\/slipest.ee\/en\/product\/vork-slip-net-pr0-3600\/","og_site_name":"Slipest O\u00dc","article_modified_time":"2024-06-14T09:00:31+00:00","og_image":[{"width":800,"height":158,"url":"https:\/\/slipest.ee\/wp-content\/uploads\/2024\/03\/slipnet-1-e1711633907384.jpg","type":"image\/jpeg"}],"twitter_card":"summary_large_image","twitter_misc":{"Estimated reading time":"1 minute"},"schema":{"@context":"https:\/\/schema.org","@graph":[{"@type":"WebPage","@id":"https:\/\/slipest.ee\/toode\/vork-slip-net-pr0-3600\/","url":"https:\/\/slipest.ee\/toode\/vork-slip-net-pr0-3600\/","name":"V\u00f5rk SLIP NET PR0 3600 - Slipest O\u00dc","isPartOf":{"@id":"https:\/\/slipest.ee\/#website"},"primaryImageOfPage":{"@id":"https:\/\/slipest.ee\/toode\/vork-slip-net-pr0-3600\/#primaryimage"},"image":{"@id":"https:\/\/slipest.ee\/toode\/vork-slip-net-pr0-3600\/#primaryimage"},"thumbnailUrl":"https:\/\/slipest.ee\/wp-content\/uploads\/2024\/03\/slipnet-1-e1711633907384.jpg","datePublished":"2023-03-31T09:49:28+00:00","dateModified":"2024-06-14T09:00:31+00:00","breadcrumb":{"@id":"https:\/\/slipest.ee\/toode\/vork-slip-net-pr0-3600\/#breadcrumb"},"inLanguage":"en-GB","potentialAction":[{"@type":"ReadAction","target":["https:\/\/slipest.ee\/toode\/vork-slip-net-pr0-3600\/"]}]},{"@type":"ImageObject","inLanguage":"en-GB","@id":"https:\/\/slipest.ee\/toode\/vork-slip-net-pr0-3600\/#primaryimage","url":"https:\/\/slipest.ee\/wp-content\/uploads\/2024\/03\/slipnet-1-e1711633907384.jpg","contentUrl":"https:\/\/slipest.ee\/wp-content\/uploads\/2024\/03\/slipnet-1-e1711633907384.jpg","width":800,"height":158},{"@type":"BreadcrumbList","@id":"https:\/\/slipest.ee\/toode\/vork-slip-net-pr0-3600\/#breadcrumb","itemListElement":[{"@type":"ListItem","position":1,"name":"Home","item":"https:\/\/slipest.ee\/"},{"@type":"ListItem","position":2,"name":"V\u00f5rk SLIP NET PR0 3600"}]},{"@type":"WebSite","@id":"https:\/\/slipest.ee\/#website","url":"https:\/\/slipest.ee\/","name":"Slipest O\u00dc","description":"","publisher":{"@id":"https:\/\/slipest.ee\/#organization"},"potentialAction":[{"@type":"SearchAction","target":{"@type":"EntryPoint","urlTemplate":"https:\/\/slipest.ee\/?s={search_term_string}"},"query-input":{"@type":"PropertyValueSpecification","valueRequired":true,"valueName":"search_term_string"}}],"inLanguage":"en-GB"},{"@type":"Organization","@id":"https:\/\/slipest.ee\/#organization","name":"Slipest O\u00dc","url":"https:\/\/slipest.ee\/","logo":{"@type":"ImageObject","inLanguage":"en-GB","@id":"https:\/\/slipest.ee\/#\/schema\/logo\/image\/","url":"https:\/\/slipest.ee\/wp-content\/uploads\/2024\/03\/cropped-c1bbbe_d14482f5eeae484aa0ebaa13ab308e28_mv2-2048x1051-1.png","contentUrl":"https:\/\/slipest.ee\/wp-content\/uploads\/2024\/03\/cropped-c1bbbe_d14482f5eeae484aa0ebaa13ab308e28_mv2-2048x1051-1.png","width":133,"height":100,"caption":"Slipest O\u00dc"},"image":{"@id":"https:\/\/slipest.ee\/#\/schema\/logo\/image\/"}}]}},"_links":{"self":[{"href":"https:\/\/slipest.ee\/en\/wp-json\/wp\/v2\/product\/91","targetHints":{"allow":["GET"]}}],"collection":[{"href":"https:\/\/slipest.ee\/en\/wp-json\/wp\/v2\/product"}],"about":[{"href":"https:\/\/slipest.ee\/en\/wp-json\/wp\/v2\/types\/product"}],"replies":[{"embeddable":true,"href":"https:\/\/slipest.ee\/en\/wp-json\/wp\/v2\/comments?post=91"}],"wp:featuredmedia":[{"embeddable":true,"href":"https:\/\/slipest.ee\/en\/wp-json\/wp\/v2\/media\/267"}],"wp:attachment":[{"href":"https:\/\/slipest.ee\/en\/wp-json\/wp\/v2\/media?parent=91"}],"wp:term":[{"taxonomy":"product_brand","embeddable":true,"href":"https:\/\/slipest.ee\/en\/wp-json\/wp\/v2\/product_brand?post=91"},{"taxonomy":"product_cat","embeddable":true,"href":"https:\/\/slipest.ee\/en\/wp-json\/wp\/v2\/product_cat?post=91"},{"taxonomy":"product_tag","embeddable":true,"href":"https:\/\/slipest.ee\/en\/wp-json\/wp\/v2\/product_tag?post=91"}],"curies":[{"name":"wp","href":"https:\/\/api.w.org\/{rel}","templated":true}]}}