{"id":90,"date":"2023-03-31T09:49:28","date_gmt":"2023-03-31T09:49:28","guid":{"rendered":"https:\/\/slipest.ee\/?post_type=product&#038;p=90"},"modified":"2024-04-02T10:26:55","modified_gmt":"2024-04-02T10:26:55","slug":"vork-slip-net-pro-3000-w","status":"publish","type":"product","link":"https:\/\/slipest.ee\/en\/product\/vork-slip-net-pro-3000-w\/","title":{"rendered":"Nrtwrap SLIP NET PRO 1,3 x 3000 W mesh"},"content":{"rendered":"","protected":false},"excerpt":{"rendered":"<p style=\"text-align: center;\">A  netwrap with the best characteristics. Suitable for use on balers with a minimum mesh width of at least\u00a0<strong>1300mm<\/strong>. Very strong and durable.<\/p>\n<p style=\"text-align: center;\">The double reinforced netwrap edges and middle section ensure uninterrupted net performance even in wet conditions and significantly increase the transport resistance of the bails.<\/p>\n<p style=\"text-align: center;\"><strong>UV protection<\/strong><br \/>\n<strong>Covering the roll from edge to edge.<\/strong><br \/>\n<strong>10,5 g per linear metre<\/strong><br \/>\n<strong>Red warning bars at the end of the roll<\/strong><br \/>\n<strong>Antistatic<\/strong><\/p>\n<p style=\"text-align: center;\">Manufacturer: RKW Germany<\/p>\n<p style=\"text-align: center;\">The consumption of net for a single bale is approx. 9,5m. See also link <a href=\"http:\/\/slipest.ee\/en\/kalkulaator\/\">CALCULATOR<\/a><\/p>\n<p>&nbsp;<\/p>\n<p>&nbsp;<\/p>\n<p>&nbsp;<\/p>\n<p style=\"text-align: center;\">","protected":false},"featured_media":262,"comment_status":"closed","ping_status":"closed","template":"","meta":[],"product_brand":[],"product_cat":[19],"product_tag":[],"class_list":{"0":"post-90","1":"product","2":"type-product","3":"status-publish","4":"has-post-thumbnail","6":"product_cat-silopalli-vork","8":"first","9":"instock","10":"shipping-taxable","11":"product-type-simple"},"acf":[],"yoast_head":"<!-- This site is optimized with the Yoast SEO plugin v27.3 - https:\/\/yoast.com\/product\/yoast-seo-wordpress\/ -->\n<title>V\u00f5rk SLIP NET PRO 1,3 x 3000 W - Slipest O\u00dc<\/title>\n<meta name=\"robots\" content=\"index, follow, max-snippet:-1, max-image-preview:large, max-video-preview:-1\" \/>\n<link rel=\"canonical\" href=\"https:\/\/slipest.ee\/en\/product\/vork-slip-net-pro-3000-w\/\" \/>\n<meta property=\"og:locale\" content=\"en_GB\" \/>\n<meta property=\"og:type\" content=\"article\" \/>\n<meta property=\"og:title\" content=\"V\u00f5rk SLIP NET PRO 1,3 x 3000 W - Slipest O\u00dc\" \/>\n<meta property=\"og:description\" content=\"Parimate omadustega silopalli v\u00f5rk. Sobib kasutamiseks k\u00f5kidel pressidel milledel on v\u00f5rgukambri laius v\u00e4hemalt\u00a01300mm. V\u00e4ga tugev ja vastupidav. Topelt tugevusega v\u00f5rgu servad ja keskosa\u00a0tagavad v\u00f5rgu katkematu t\u00f6\u00f6 ka m\u00e4rja massi korral ning suurendavad oluliselt pallide transpordikindlust. UV kaitse Rulooni katmine servast serva. 10,5 g jooksvas meetris Punased hoiatusribad rulli l\u00f5pus Antistaatiline Valmistaja: RKW Saksamaa V\u00f5rgu kulu \u00fchele rullile ca 9,5m. Vaata ka linki KALKULAATOR &nbsp;  &nbsp;  &nbsp;\" \/>\n<meta property=\"og:url\" content=\"https:\/\/slipest.ee\/en\/product\/vork-slip-net-pro-3000-w\/\" \/>\n<meta property=\"og:site_name\" content=\"Slipest O\u00dc\" \/>\n<meta property=\"article:modified_time\" content=\"2024-04-02T10:26:55+00:00\" \/>\n<meta property=\"og:image\" content=\"https:\/\/slipest.ee\/wp-content\/uploads\/2023\/03\/5863-C.jpg\" \/>\n\t<meta property=\"og:image:width\" content=\"2000\" \/>\n\t<meta property=\"og:image:height\" content=\"1746\" \/>\n\t<meta property=\"og:image:type\" content=\"image\/jpeg\" \/>\n<meta name=\"twitter:card\" content=\"summary_large_image\" \/>\n<script type=\"application\/ld+json\" class=\"yoast-schema-graph\">{\"@context\":\"https:\\\/\\\/schema.org\",\"@graph\":[{\"@type\":\"WebPage\",\"@id\":\"https:\\\/\\\/slipest.ee\\\/toode\\\/vork-slip-net-pro-3000-w\\\/\",\"url\":\"https:\\\/\\\/slipest.ee\\\/toode\\\/vork-slip-net-pro-3000-w\\\/\",\"name\":\"V\u00f5rk SLIP NET PRO 1,3 x 3000 W - Slipest O\u00dc\",\"isPartOf\":{\"@id\":\"https:\\\/\\\/slipest.ee\\\/#website\"},\"primaryImageOfPage\":{\"@id\":\"https:\\\/\\\/slipest.ee\\\/toode\\\/vork-slip-net-pro-3000-w\\\/#primaryimage\"},\"image\":{\"@id\":\"https:\\\/\\\/slipest.ee\\\/toode\\\/vork-slip-net-pro-3000-w\\\/#primaryimage\"},\"thumbnailUrl\":\"https:\\\/\\\/slipest.ee\\\/wp-content\\\/uploads\\\/2023\\\/03\\\/5863-C.jpg\",\"datePublished\":\"2023-03-31T09:49:28+00:00\",\"dateModified\":\"2024-04-02T10:26:55+00:00\",\"breadcrumb\":{\"@id\":\"https:\\\/\\\/slipest.ee\\\/toode\\\/vork-slip-net-pro-3000-w\\\/#breadcrumb\"},\"inLanguage\":\"en-GB\",\"potentialAction\":[{\"@type\":\"ReadAction\",\"target\":[\"https:\\\/\\\/slipest.ee\\\/toode\\\/vork-slip-net-pro-3000-w\\\/\"]}]},{\"@type\":\"ImageObject\",\"inLanguage\":\"en-GB\",\"@id\":\"https:\\\/\\\/slipest.ee\\\/toode\\\/vork-slip-net-pro-3000-w\\\/#primaryimage\",\"url\":\"https:\\\/\\\/slipest.ee\\\/wp-content\\\/uploads\\\/2023\\\/03\\\/5863-C.jpg\",\"contentUrl\":\"https:\\\/\\\/slipest.ee\\\/wp-content\\\/uploads\\\/2023\\\/03\\\/5863-C.jpg\",\"width\":2000,\"height\":1746,\"caption\":\"SLIP AB Produktbilder 2020 02\"},{\"@type\":\"BreadcrumbList\",\"@id\":\"https:\\\/\\\/slipest.ee\\\/toode\\\/vork-slip-net-pro-3000-w\\\/#breadcrumb\",\"itemListElement\":[{\"@type\":\"ListItem\",\"position\":1,\"name\":\"Home\",\"item\":\"https:\\\/\\\/slipest.ee\\\/\"},{\"@type\":\"ListItem\",\"position\":2,\"name\":\"V\u00f5rk SLIP NET PRO 1,3 x 3000 W\"}]},{\"@type\":\"WebSite\",\"@id\":\"https:\\\/\\\/slipest.ee\\\/#website\",\"url\":\"https:\\\/\\\/slipest.ee\\\/\",\"name\":\"Slipest O\u00dc\",\"description\":\"\",\"publisher\":{\"@id\":\"https:\\\/\\\/slipest.ee\\\/#organization\"},\"potentialAction\":[{\"@type\":\"SearchAction\",\"target\":{\"@type\":\"EntryPoint\",\"urlTemplate\":\"https:\\\/\\\/slipest.ee\\\/?s={search_term_string}\"},\"query-input\":{\"@type\":\"PropertyValueSpecification\",\"valueRequired\":true,\"valueName\":\"search_term_string\"}}],\"inLanguage\":\"en-GB\"},{\"@type\":\"Organization\",\"@id\":\"https:\\\/\\\/slipest.ee\\\/#organization\",\"name\":\"Slipest O\u00dc\",\"url\":\"https:\\\/\\\/slipest.ee\\\/\",\"logo\":{\"@type\":\"ImageObject\",\"inLanguage\":\"en-GB\",\"@id\":\"https:\\\/\\\/slipest.ee\\\/#\\\/schema\\\/logo\\\/image\\\/\",\"url\":\"https:\\\/\\\/slipest.ee\\\/wp-content\\\/uploads\\\/2024\\\/03\\\/cropped-c1bbbe_d14482f5eeae484aa0ebaa13ab308e28_mv2-2048x1051-1.png\",\"contentUrl\":\"https:\\\/\\\/slipest.ee\\\/wp-content\\\/uploads\\\/2024\\\/03\\\/cropped-c1bbbe_d14482f5eeae484aa0ebaa13ab308e28_mv2-2048x1051-1.png\",\"width\":133,\"height\":100,\"caption\":\"Slipest O\u00dc\"},\"image\":{\"@id\":\"https:\\\/\\\/slipest.ee\\\/#\\\/schema\\\/logo\\\/image\\\/\"}}]}<\/script>\n<!-- \/ Yoast SEO plugin. -->","yoast_head_json":{"title":"V\u00f5rk SLIP NET PRO 1,3 x 3000 W - Slipest O\u00dc","robots":{"index":"index","follow":"follow","max-snippet":"max-snippet:-1","max-image-preview":"max-image-preview:large","max-video-preview":"max-video-preview:-1"},"canonical":"https:\/\/slipest.ee\/en\/product\/vork-slip-net-pro-3000-w\/","og_locale":"en_GB","og_type":"article","og_title":"V\u00f5rk SLIP NET PRO 1,3 x 3000 W - Slipest O\u00dc","og_description":"Parimate omadustega silopalli v\u00f5rk. Sobib kasutamiseks k\u00f5kidel pressidel milledel on v\u00f5rgukambri laius v\u00e4hemalt\u00a01300mm. V\u00e4ga tugev ja vastupidav. Topelt tugevusega v\u00f5rgu servad ja keskosa\u00a0tagavad v\u00f5rgu katkematu t\u00f6\u00f6 ka m\u00e4rja massi korral ning suurendavad oluliselt pallide transpordikindlust. UV kaitse Rulooni katmine servast serva. 10,5 g jooksvas meetris Punased hoiatusribad rulli l\u00f5pus Antistaatiline Valmistaja: RKW Saksamaa V\u00f5rgu kulu \u00fchele rullile ca 9,5m. Vaata ka linki KALKULAATOR &nbsp;  &nbsp;  &nbsp;","og_url":"https:\/\/slipest.ee\/en\/product\/vork-slip-net-pro-3000-w\/","og_site_name":"Slipest O\u00dc","article_modified_time":"2024-04-02T10:26:55+00:00","og_image":[{"width":2000,"height":1746,"url":"https:\/\/slipest.ee\/wp-content\/uploads\/2023\/03\/5863-C.jpg","type":"image\/jpeg"}],"twitter_card":"summary_large_image","schema":{"@context":"https:\/\/schema.org","@graph":[{"@type":"WebPage","@id":"https:\/\/slipest.ee\/toode\/vork-slip-net-pro-3000-w\/","url":"https:\/\/slipest.ee\/toode\/vork-slip-net-pro-3000-w\/","name":"V\u00f5rk SLIP NET PRO 1,3 x 3000 W - Slipest O\u00dc","isPartOf":{"@id":"https:\/\/slipest.ee\/#website"},"primaryImageOfPage":{"@id":"https:\/\/slipest.ee\/toode\/vork-slip-net-pro-3000-w\/#primaryimage"},"image":{"@id":"https:\/\/slipest.ee\/toode\/vork-slip-net-pro-3000-w\/#primaryimage"},"thumbnailUrl":"https:\/\/slipest.ee\/wp-content\/uploads\/2023\/03\/5863-C.jpg","datePublished":"2023-03-31T09:49:28+00:00","dateModified":"2024-04-02T10:26:55+00:00","breadcrumb":{"@id":"https:\/\/slipest.ee\/toode\/vork-slip-net-pro-3000-w\/#breadcrumb"},"inLanguage":"en-GB","potentialAction":[{"@type":"ReadAction","target":["https:\/\/slipest.ee\/toode\/vork-slip-net-pro-3000-w\/"]}]},{"@type":"ImageObject","inLanguage":"en-GB","@id":"https:\/\/slipest.ee\/toode\/vork-slip-net-pro-3000-w\/#primaryimage","url":"https:\/\/slipest.ee\/wp-content\/uploads\/2023\/03\/5863-C.jpg","contentUrl":"https:\/\/slipest.ee\/wp-content\/uploads\/2023\/03\/5863-C.jpg","width":2000,"height":1746,"caption":"SLIP AB Produktbilder 2020 02"},{"@type":"BreadcrumbList","@id":"https:\/\/slipest.ee\/toode\/vork-slip-net-pro-3000-w\/#breadcrumb","itemListElement":[{"@type":"ListItem","position":1,"name":"Home","item":"https:\/\/slipest.ee\/"},{"@type":"ListItem","position":2,"name":"V\u00f5rk SLIP NET PRO 1,3 x 3000 W"}]},{"@type":"WebSite","@id":"https:\/\/slipest.ee\/#website","url":"https:\/\/slipest.ee\/","name":"Slipest O\u00dc","description":"","publisher":{"@id":"https:\/\/slipest.ee\/#organization"},"potentialAction":[{"@type":"SearchAction","target":{"@type":"EntryPoint","urlTemplate":"https:\/\/slipest.ee\/?s={search_term_string}"},"query-input":{"@type":"PropertyValueSpecification","valueRequired":true,"valueName":"search_term_string"}}],"inLanguage":"en-GB"},{"@type":"Organization","@id":"https:\/\/slipest.ee\/#organization","name":"Slipest O\u00dc","url":"https:\/\/slipest.ee\/","logo":{"@type":"ImageObject","inLanguage":"en-GB","@id":"https:\/\/slipest.ee\/#\/schema\/logo\/image\/","url":"https:\/\/slipest.ee\/wp-content\/uploads\/2024\/03\/cropped-c1bbbe_d14482f5eeae484aa0ebaa13ab308e28_mv2-2048x1051-1.png","contentUrl":"https:\/\/slipest.ee\/wp-content\/uploads\/2024\/03\/cropped-c1bbbe_d14482f5eeae484aa0ebaa13ab308e28_mv2-2048x1051-1.png","width":133,"height":100,"caption":"Slipest O\u00dc"},"image":{"@id":"https:\/\/slipest.ee\/#\/schema\/logo\/image\/"}}]}},"_links":{"self":[{"href":"https:\/\/slipest.ee\/en\/wp-json\/wp\/v2\/product\/90","targetHints":{"allow":["GET"]}}],"collection":[{"href":"https:\/\/slipest.ee\/en\/wp-json\/wp\/v2\/product"}],"about":[{"href":"https:\/\/slipest.ee\/en\/wp-json\/wp\/v2\/types\/product"}],"replies":[{"embeddable":true,"href":"https:\/\/slipest.ee\/en\/wp-json\/wp\/v2\/comments?post=90"}],"wp:featuredmedia":[{"embeddable":true,"href":"https:\/\/slipest.ee\/en\/wp-json\/wp\/v2\/media\/262"}],"wp:attachment":[{"href":"https:\/\/slipest.ee\/en\/wp-json\/wp\/v2\/media?parent=90"}],"wp:term":[{"taxonomy":"product_brand","embeddable":true,"href":"https:\/\/slipest.ee\/en\/wp-json\/wp\/v2\/product_brand?post=90"},{"taxonomy":"product_cat","embeddable":true,"href":"https:\/\/slipest.ee\/en\/wp-json\/wp\/v2\/product_cat?post=90"},{"taxonomy":"product_tag","embeddable":true,"href":"https:\/\/slipest.ee\/en\/wp-json\/wp\/v2\/product_tag?post=90"}],"curies":[{"name":"wp","href":"https:\/\/api.w.org\/{rel}","templated":true}]}}