{"id":529,"date":"2025-04-21T13:52:56","date_gmt":"2025-04-21T13:52:56","guid":{"rendered":"https:\/\/slipest.ee\/?post_type=product&#038;p=529"},"modified":"2026-01-30T14:21:49","modified_gmt":"2026-01-30T14:21:49","slug":"bio-sil-bioloogiline-silokindlustuslisand","status":"publish","type":"product","link":"https:\/\/slipest.ee\/en\/product\/bio-sil-bioloogiline-silokindlustuslisand\/","title":{"rendered":"BIO-SIL biological silage additive"},"content":{"rendered":"","protected":false},"excerpt":{"rendered":"<p>Biological silage additive from nature based on homofermentative lactic acid bacteria. A large number of fermentable carbohydrates are rapidly converted into lactic acid. Improves the fermentation process, feed value, digestibility and lactic yield of feed materials that are both easy and difficult to ensile. BIO-SIL <sup>\u00ae<\/sup>\u00a0is GMO-free and can be used in organic farming and for all animal species. BIO-SIL\u00a0<sup>\u00ae<\/sup>\u00a0reduces nutrient losses and can be very well combined with molasses, Amasil NA, Sila-fresh and urea for difficult to ferment silage.<\/p>\n<h2>Advantages:<\/h2>\n<p><strong><sup>BIO-SIL \u00ae<\/sup>\u00a0using silos gives you the following advantages:<\/strong><\/p>\n<ul>\n<li>Significantly more milk<\/li>\n<li>Maximum feed consumption<\/li>\n<li>Increase digestion<\/li>\n<li>Reduction of dry matter and fermentation losses<\/li>\n<li>Highest efficiency for all silage crops (grass, maize, wet crops, etc.)<\/li>\n<li>Increasing biogas yields<\/li>\n<\/ul>\n<p><strong>Active ingredients:<\/strong><br \/>\nLactobacillus plantarum DSM 8866 and 8862<br \/>\nNumber of spores: 3 \u00d7 1011 CFU\/g<\/p>\n<p>&nbsp;<\/p>","protected":false},"featured_media":543,"comment_status":"closed","ping_status":"closed","template":"","meta":[],"product_brand":[],"product_cat":[30,26],"product_tag":[],"class_list":{"0":"post-529","1":"product","2":"type-product","3":"status-publish","4":"has-post-thumbnail","6":"product_cat-lisandid","7":"product_cat-muud-tooted","9":"first","10":"instock","11":"shipping-taxable","12":"product-type-simple"},"acf":[],"yoast_head":"<!-- This site is optimized with the Yoast SEO plugin v27.3 - https:\/\/yoast.com\/product\/yoast-seo-wordpress\/ -->\n<title>BIO-SIL bioloogiline silokindlustuslisand - Slipest O\u00dc<\/title>\n<meta name=\"robots\" content=\"index, follow, max-snippet:-1, max-image-preview:large, max-video-preview:-1\" \/>\n<link rel=\"canonical\" href=\"https:\/\/slipest.ee\/en\/product\/bio-sil-bioloogiline-silokindlustuslisand\/\" \/>\n<meta property=\"og:locale\" content=\"en_GB\" \/>\n<meta property=\"og:type\" content=\"article\" \/>\n<meta property=\"og:title\" content=\"BIO-SIL bioloogiline silokindlustuslisand - Slipest O\u00dc\" \/>\n<meta property=\"og:description\" content=\"Bioloogiline silo lisand loodusest, mis p\u00f5hineb homofermentatiivsetel piimhappebakteritel. Suur hulk k\u00e4\u00e4ritatavaid s\u00fcsivesikuid muundatakse kiiresti piimhappeks. Parandab k\u00e4\u00e4rimisprotsessi, s\u00f6\u00f6da v\u00e4\u00e4rtust, seeduvust ja piimaj\u00f5udlust s\u00f6\u00f6damaterjalide puhul, mis on nii kergesti kui raskesti sileeritavad. BIO-SIL \u00ae\u00a0on GMO-vaba ja seda saab kasutada mahep\u00f5llumajanduses ja k\u00f5ikide loomaliikide puhul. BIO-SIL\u00a0\u00ae\u00a0v\u00e4hendab toitainete kadusid ja seda saab v\u00e4ga h\u00e4sti kombineerida melassi, Amasil NA, Sila-fresh ja karbamiidiga raskesti k\u00e4\u00e4ritatava silo jaoks. Eelised: BIO-SIL \u00ae\u00a0kasutamine\u00a0silos annab teile j\u00e4rgmised eelised:   Oluliselt rohkem piima  Suurim s\u00f6\u00f6datarbimine  Suurendada seedimist  Kuivaine ja k\u00e4\u00e4rimiskadude v\u00e4hendamine  K\u00f5rgeim efektiivsus k\u00f5igi silokultuuride puhul (rohi, mais, m\u00e4rg vili jne)  Biogaasi saagise suurendamine  Toimeained: Lactobacillus plantarum DSM 8866 ja 8862 Idude arv: 3 \u00d7 1011 CFU\/g  &nbsp;\" \/>\n<meta property=\"og:url\" content=\"https:\/\/slipest.ee\/en\/product\/bio-sil-bioloogiline-silokindlustuslisand\/\" \/>\n<meta property=\"og:site_name\" content=\"Slipest O\u00dc\" \/>\n<meta property=\"article:modified_time\" content=\"2026-01-30T14:21:49+00:00\" \/>\n<meta property=\"og:image\" content=\"https:\/\/slipest.ee\/wp-content\/uploads\/2025\/04\/BIO-SIL_Brochure-pilt_1.gif\" \/>\n\t<meta property=\"og:image:width\" content=\"670\" \/>\n\t<meta property=\"og:image:height\" content=\"496\" \/>\n\t<meta property=\"og:image:type\" content=\"image\/gif\" \/>\n<meta name=\"twitter:card\" content=\"summary_large_image\" \/>\n<meta name=\"twitter:label1\" content=\"Estimated reading time\" \/>\n\t<meta name=\"twitter:data1\" content=\"1 minute\" \/>\n<script type=\"application\/ld+json\" class=\"yoast-schema-graph\">{\"@context\":\"https:\\\/\\\/schema.org\",\"@graph\":[{\"@type\":\"WebPage\",\"@id\":\"https:\\\/\\\/slipest.ee\\\/toode\\\/bio-sil-bioloogiline-silokindlustuslisand\\\/\",\"url\":\"https:\\\/\\\/slipest.ee\\\/toode\\\/bio-sil-bioloogiline-silokindlustuslisand\\\/\",\"name\":\"BIO-SIL bioloogiline silokindlustuslisand - Slipest O\u00dc\",\"isPartOf\":{\"@id\":\"https:\\\/\\\/slipest.ee\\\/#website\"},\"primaryImageOfPage\":{\"@id\":\"https:\\\/\\\/slipest.ee\\\/toode\\\/bio-sil-bioloogiline-silokindlustuslisand\\\/#primaryimage\"},\"image\":{\"@id\":\"https:\\\/\\\/slipest.ee\\\/toode\\\/bio-sil-bioloogiline-silokindlustuslisand\\\/#primaryimage\"},\"thumbnailUrl\":\"https:\\\/\\\/slipest.ee\\\/wp-content\\\/uploads\\\/2025\\\/04\\\/BIO-SIL_Brochure-pilt_1.gif\",\"datePublished\":\"2025-04-21T13:52:56+00:00\",\"dateModified\":\"2026-01-30T14:21:49+00:00\",\"breadcrumb\":{\"@id\":\"https:\\\/\\\/slipest.ee\\\/toode\\\/bio-sil-bioloogiline-silokindlustuslisand\\\/#breadcrumb\"},\"inLanguage\":\"en-GB\",\"potentialAction\":[{\"@type\":\"ReadAction\",\"target\":[\"https:\\\/\\\/slipest.ee\\\/toode\\\/bio-sil-bioloogiline-silokindlustuslisand\\\/\"]}]},{\"@type\":\"ImageObject\",\"inLanguage\":\"en-GB\",\"@id\":\"https:\\\/\\\/slipest.ee\\\/toode\\\/bio-sil-bioloogiline-silokindlustuslisand\\\/#primaryimage\",\"url\":\"https:\\\/\\\/slipest.ee\\\/wp-content\\\/uploads\\\/2025\\\/04\\\/BIO-SIL_Brochure-pilt_1.gif\",\"contentUrl\":\"https:\\\/\\\/slipest.ee\\\/wp-content\\\/uploads\\\/2025\\\/04\\\/BIO-SIL_Brochure-pilt_1.gif\",\"width\":670,\"height\":496},{\"@type\":\"BreadcrumbList\",\"@id\":\"https:\\\/\\\/slipest.ee\\\/toode\\\/bio-sil-bioloogiline-silokindlustuslisand\\\/#breadcrumb\",\"itemListElement\":[{\"@type\":\"ListItem\",\"position\":1,\"name\":\"Home\",\"item\":\"https:\\\/\\\/slipest.ee\\\/\"},{\"@type\":\"ListItem\",\"position\":2,\"name\":\"BIO-SIL bioloogiline silokindlustuslisand\"}]},{\"@type\":\"WebSite\",\"@id\":\"https:\\\/\\\/slipest.ee\\\/#website\",\"url\":\"https:\\\/\\\/slipest.ee\\\/\",\"name\":\"Slipest O\u00dc\",\"description\":\"\",\"publisher\":{\"@id\":\"https:\\\/\\\/slipest.ee\\\/#organization\"},\"potentialAction\":[{\"@type\":\"SearchAction\",\"target\":{\"@type\":\"EntryPoint\",\"urlTemplate\":\"https:\\\/\\\/slipest.ee\\\/?s={search_term_string}\"},\"query-input\":{\"@type\":\"PropertyValueSpecification\",\"valueRequired\":true,\"valueName\":\"search_term_string\"}}],\"inLanguage\":\"en-GB\"},{\"@type\":\"Organization\",\"@id\":\"https:\\\/\\\/slipest.ee\\\/#organization\",\"name\":\"Slipest O\u00dc\",\"url\":\"https:\\\/\\\/slipest.ee\\\/\",\"logo\":{\"@type\":\"ImageObject\",\"inLanguage\":\"en-GB\",\"@id\":\"https:\\\/\\\/slipest.ee\\\/#\\\/schema\\\/logo\\\/image\\\/\",\"url\":\"https:\\\/\\\/slipest.ee\\\/wp-content\\\/uploads\\\/2024\\\/03\\\/cropped-c1bbbe_d14482f5eeae484aa0ebaa13ab308e28_mv2-2048x1051-1.png\",\"contentUrl\":\"https:\\\/\\\/slipest.ee\\\/wp-content\\\/uploads\\\/2024\\\/03\\\/cropped-c1bbbe_d14482f5eeae484aa0ebaa13ab308e28_mv2-2048x1051-1.png\",\"width\":133,\"height\":100,\"caption\":\"Slipest O\u00dc\"},\"image\":{\"@id\":\"https:\\\/\\\/slipest.ee\\\/#\\\/schema\\\/logo\\\/image\\\/\"}}]}<\/script>\n<!-- \/ Yoast SEO plugin. -->","yoast_head_json":{"title":"BIO-SIL bioloogiline silokindlustuslisand - Slipest O\u00dc","robots":{"index":"index","follow":"follow","max-snippet":"max-snippet:-1","max-image-preview":"max-image-preview:large","max-video-preview":"max-video-preview:-1"},"canonical":"https:\/\/slipest.ee\/en\/product\/bio-sil-bioloogiline-silokindlustuslisand\/","og_locale":"en_GB","og_type":"article","og_title":"BIO-SIL bioloogiline silokindlustuslisand - Slipest O\u00dc","og_description":"Bioloogiline silo lisand loodusest, mis p\u00f5hineb homofermentatiivsetel piimhappebakteritel. Suur hulk k\u00e4\u00e4ritatavaid s\u00fcsivesikuid muundatakse kiiresti piimhappeks. Parandab k\u00e4\u00e4rimisprotsessi, s\u00f6\u00f6da v\u00e4\u00e4rtust, seeduvust ja piimaj\u00f5udlust s\u00f6\u00f6damaterjalide puhul, mis on nii kergesti kui raskesti sileeritavad. BIO-SIL \u00ae\u00a0on GMO-vaba ja seda saab kasutada mahep\u00f5llumajanduses ja k\u00f5ikide loomaliikide puhul. BIO-SIL\u00a0\u00ae\u00a0v\u00e4hendab toitainete kadusid ja seda saab v\u00e4ga h\u00e4sti kombineerida melassi, Amasil NA, Sila-fresh ja karbamiidiga raskesti k\u00e4\u00e4ritatava silo jaoks. Eelised: BIO-SIL \u00ae\u00a0kasutamine\u00a0silos annab teile j\u00e4rgmised eelised:   Oluliselt rohkem piima  Suurim s\u00f6\u00f6datarbimine  Suurendada seedimist  Kuivaine ja k\u00e4\u00e4rimiskadude v\u00e4hendamine  K\u00f5rgeim efektiivsus k\u00f5igi silokultuuride puhul (rohi, mais, m\u00e4rg vili jne)  Biogaasi saagise suurendamine  Toimeained: Lactobacillus plantarum DSM 8866 ja 8862 Idude arv: 3 \u00d7 1011 CFU\/g  &nbsp;","og_url":"https:\/\/slipest.ee\/en\/product\/bio-sil-bioloogiline-silokindlustuslisand\/","og_site_name":"Slipest O\u00dc","article_modified_time":"2026-01-30T14:21:49+00:00","og_image":[{"width":670,"height":496,"url":"https:\/\/slipest.ee\/wp-content\/uploads\/2025\/04\/BIO-SIL_Brochure-pilt_1.gif","type":"image\/gif"}],"twitter_card":"summary_large_image","twitter_misc":{"Estimated reading time":"1 minute"},"schema":{"@context":"https:\/\/schema.org","@graph":[{"@type":"WebPage","@id":"https:\/\/slipest.ee\/toode\/bio-sil-bioloogiline-silokindlustuslisand\/","url":"https:\/\/slipest.ee\/toode\/bio-sil-bioloogiline-silokindlustuslisand\/","name":"BIO-SIL bioloogiline silokindlustuslisand - Slipest O\u00dc","isPartOf":{"@id":"https:\/\/slipest.ee\/#website"},"primaryImageOfPage":{"@id":"https:\/\/slipest.ee\/toode\/bio-sil-bioloogiline-silokindlustuslisand\/#primaryimage"},"image":{"@id":"https:\/\/slipest.ee\/toode\/bio-sil-bioloogiline-silokindlustuslisand\/#primaryimage"},"thumbnailUrl":"https:\/\/slipest.ee\/wp-content\/uploads\/2025\/04\/BIO-SIL_Brochure-pilt_1.gif","datePublished":"2025-04-21T13:52:56+00:00","dateModified":"2026-01-30T14:21:49+00:00","breadcrumb":{"@id":"https:\/\/slipest.ee\/toode\/bio-sil-bioloogiline-silokindlustuslisand\/#breadcrumb"},"inLanguage":"en-GB","potentialAction":[{"@type":"ReadAction","target":["https:\/\/slipest.ee\/toode\/bio-sil-bioloogiline-silokindlustuslisand\/"]}]},{"@type":"ImageObject","inLanguage":"en-GB","@id":"https:\/\/slipest.ee\/toode\/bio-sil-bioloogiline-silokindlustuslisand\/#primaryimage","url":"https:\/\/slipest.ee\/wp-content\/uploads\/2025\/04\/BIO-SIL_Brochure-pilt_1.gif","contentUrl":"https:\/\/slipest.ee\/wp-content\/uploads\/2025\/04\/BIO-SIL_Brochure-pilt_1.gif","width":670,"height":496},{"@type":"BreadcrumbList","@id":"https:\/\/slipest.ee\/toode\/bio-sil-bioloogiline-silokindlustuslisand\/#breadcrumb","itemListElement":[{"@type":"ListItem","position":1,"name":"Home","item":"https:\/\/slipest.ee\/"},{"@type":"ListItem","position":2,"name":"BIO-SIL bioloogiline silokindlustuslisand"}]},{"@type":"WebSite","@id":"https:\/\/slipest.ee\/#website","url":"https:\/\/slipest.ee\/","name":"Slipest O\u00dc","description":"","publisher":{"@id":"https:\/\/slipest.ee\/#organization"},"potentialAction":[{"@type":"SearchAction","target":{"@type":"EntryPoint","urlTemplate":"https:\/\/slipest.ee\/?s={search_term_string}"},"query-input":{"@type":"PropertyValueSpecification","valueRequired":true,"valueName":"search_term_string"}}],"inLanguage":"en-GB"},{"@type":"Organization","@id":"https:\/\/slipest.ee\/#organization","name":"Slipest O\u00dc","url":"https:\/\/slipest.ee\/","logo":{"@type":"ImageObject","inLanguage":"en-GB","@id":"https:\/\/slipest.ee\/#\/schema\/logo\/image\/","url":"https:\/\/slipest.ee\/wp-content\/uploads\/2024\/03\/cropped-c1bbbe_d14482f5eeae484aa0ebaa13ab308e28_mv2-2048x1051-1.png","contentUrl":"https:\/\/slipest.ee\/wp-content\/uploads\/2024\/03\/cropped-c1bbbe_d14482f5eeae484aa0ebaa13ab308e28_mv2-2048x1051-1.png","width":133,"height":100,"caption":"Slipest O\u00dc"},"image":{"@id":"https:\/\/slipest.ee\/#\/schema\/logo\/image\/"}}]}},"_links":{"self":[{"href":"https:\/\/slipest.ee\/en\/wp-json\/wp\/v2\/product\/529","targetHints":{"allow":["GET"]}}],"collection":[{"href":"https:\/\/slipest.ee\/en\/wp-json\/wp\/v2\/product"}],"about":[{"href":"https:\/\/slipest.ee\/en\/wp-json\/wp\/v2\/types\/product"}],"replies":[{"embeddable":true,"href":"https:\/\/slipest.ee\/en\/wp-json\/wp\/v2\/comments?post=529"}],"wp:featuredmedia":[{"embeddable":true,"href":"https:\/\/slipest.ee\/en\/wp-json\/wp\/v2\/media\/543"}],"wp:attachment":[{"href":"https:\/\/slipest.ee\/en\/wp-json\/wp\/v2\/media?parent=529"}],"wp:term":[{"taxonomy":"product_brand","embeddable":true,"href":"https:\/\/slipest.ee\/en\/wp-json\/wp\/v2\/product_brand?post=529"},{"taxonomy":"product_cat","embeddable":true,"href":"https:\/\/slipest.ee\/en\/wp-json\/wp\/v2\/product_cat?post=529"},{"taxonomy":"product_tag","embeddable":true,"href":"https:\/\/slipest.ee\/en\/wp-json\/wp\/v2\/product_tag?post=529"}],"curies":[{"name":"wp","href":"https:\/\/api.w.org\/{rel}","templated":true}]}}