{"id":151,"date":"2023-03-31T09:49:36","date_gmt":"2023-03-31T09:49:36","guid":{"rendered":"https:\/\/slipest.ee\/?post_type=product&#038;p=151"},"modified":"2025-02-07T23:30:29","modified_gmt":"2025-02-07T23:30:29","slug":"vork-123-x-3000m-uv-24-kuud","status":"publish","type":"product","link":"https:\/\/slipest.ee\/en\/product\/vork-123-x-3000m-uv-24-kuud\/","title":{"rendered":"Net 1,23 x 3000m ENDURANCE UV 24 months"},"content":{"rendered":"","protected":false},"excerpt":{"rendered":"<div class=\"woocommerce-product-details__short-description\">\n<p>A  netwrap with good characteristics. Suitable for use on all roun bale presses. Strong and durable.<\/p>\n<p><strong>UV protection 24 months<\/strong><br \/>\n<strong>Covering the roll from edge to edge.<\/strong><br \/>\n<strong>11,5 g per linear metre<\/strong><br \/>\n<strong>Red warning bars at the end of the roll<\/strong><br \/>\n<strong>Antistatic<\/strong><\/p>\n<p>DLG test<\/p>\n<p>The consumption of net for a single bale is approx. 9,5m. See also link <a href=\"http:\/\/slipest.ee\/en\/kalkulaator\/\">CALCULATOR<\/a><\/p>\n<p>&nbsp;<\/p>\n<\/div>\n<div class=\"justify-content-left pb-3\"><\/div>","protected":false},"featured_media":507,"comment_status":"closed","ping_status":"closed","template":"","meta":[],"product_brand":[],"product_cat":[19],"product_tag":[],"class_list":{"0":"post-151","1":"product","2":"type-product","3":"status-publish","4":"has-post-thumbnail","6":"product_cat-silopalli-vork","8":"first","9":"instock","10":"featured","11":"shipping-taxable","12":"product-type-simple"},"acf":[],"yoast_head":"<!-- This site is optimized with the Yoast SEO plugin v27.3 - https:\/\/yoast.com\/product\/yoast-seo-wordpress\/ -->\n<title>V\u00f5rk 1,23 x 3000m ENDURANCE UV 24 kuud - Slipest O\u00dc<\/title>\n<meta name=\"robots\" content=\"index, follow, max-snippet:-1, max-image-preview:large, max-video-preview:-1\" \/>\n<link rel=\"canonical\" href=\"https:\/\/slipest.ee\/en\/product\/vork-123-x-3000m-uv-24-kuud\/\" \/>\n<meta property=\"og:locale\" content=\"en_GB\" \/>\n<meta property=\"og:type\" content=\"article\" \/>\n<meta property=\"og:title\" content=\"V\u00f5rk 1,23 x 3000m ENDURANCE UV 24 kuud - Slipest O\u00dc\" \/>\n<meta property=\"og:description\" content=\"Heade omadustega silopalli v\u00f5rk. Sobib kasutamiseks k\u00f5ikedel pressidel. Tugev\u00a0 ja vastupidav.  UV kaitse 24 kuud Rulooni katmine servast serva. 11,5 g jooksvas meetris Punased hoiatusribad rulli l\u00f5pus Antistaatiline  DLG test  V\u00f5rgu kulu \u00fchele rullile ca 9,5m. Vaata ka linki KALKULAATOR  &nbsp;\" \/>\n<meta property=\"og:url\" content=\"https:\/\/slipest.ee\/en\/product\/vork-123-x-3000m-uv-24-kuud\/\" \/>\n<meta property=\"og:site_name\" content=\"Slipest O\u00dc\" \/>\n<meta property=\"article:modified_time\" content=\"2025-02-07T23:30:29+00:00\" \/>\n<meta property=\"og:image\" content=\"https:\/\/slipest.ee\/wp-content\/uploads\/2025\/02\/IMG-20250207-WA0000.jpg\" \/>\n\t<meta property=\"og:image:width\" content=\"1080\" \/>\n\t<meta property=\"og:image:height\" content=\"1036\" \/>\n\t<meta property=\"og:image:type\" content=\"image\/jpeg\" \/>\n<meta name=\"twitter:card\" content=\"summary_large_image\" \/>\n<meta name=\"twitter:label1\" content=\"Estimated reading time\" \/>\n\t<meta name=\"twitter:data1\" content=\"1 minute\" \/>\n<script type=\"application\/ld+json\" class=\"yoast-schema-graph\">{\"@context\":\"https:\\\/\\\/schema.org\",\"@graph\":[{\"@type\":\"WebPage\",\"@id\":\"https:\\\/\\\/slipest.ee\\\/toode\\\/vork-123-x-3000m-uv-24-kuud\\\/\",\"url\":\"https:\\\/\\\/slipest.ee\\\/toode\\\/vork-123-x-3000m-uv-24-kuud\\\/\",\"name\":\"V\u00f5rk 1,23 x 3000m ENDURANCE UV 24 kuud - Slipest O\u00dc\",\"isPartOf\":{\"@id\":\"https:\\\/\\\/slipest.ee\\\/#website\"},\"primaryImageOfPage\":{\"@id\":\"https:\\\/\\\/slipest.ee\\\/toode\\\/vork-123-x-3000m-uv-24-kuud\\\/#primaryimage\"},\"image\":{\"@id\":\"https:\\\/\\\/slipest.ee\\\/toode\\\/vork-123-x-3000m-uv-24-kuud\\\/#primaryimage\"},\"thumbnailUrl\":\"https:\\\/\\\/slipest.ee\\\/wp-content\\\/uploads\\\/2025\\\/02\\\/IMG-20250207-WA0000.jpg\",\"datePublished\":\"2023-03-31T09:49:36+00:00\",\"dateModified\":\"2025-02-07T23:30:29+00:00\",\"breadcrumb\":{\"@id\":\"https:\\\/\\\/slipest.ee\\\/toode\\\/vork-123-x-3000m-uv-24-kuud\\\/#breadcrumb\"},\"inLanguage\":\"en-GB\",\"potentialAction\":[{\"@type\":\"ReadAction\",\"target\":[\"https:\\\/\\\/slipest.ee\\\/toode\\\/vork-123-x-3000m-uv-24-kuud\\\/\"]}]},{\"@type\":\"ImageObject\",\"inLanguage\":\"en-GB\",\"@id\":\"https:\\\/\\\/slipest.ee\\\/toode\\\/vork-123-x-3000m-uv-24-kuud\\\/#primaryimage\",\"url\":\"https:\\\/\\\/slipest.ee\\\/wp-content\\\/uploads\\\/2025\\\/02\\\/IMG-20250207-WA0000.jpg\",\"contentUrl\":\"https:\\\/\\\/slipest.ee\\\/wp-content\\\/uploads\\\/2025\\\/02\\\/IMG-20250207-WA0000.jpg\",\"width\":1080,\"height\":1036},{\"@type\":\"BreadcrumbList\",\"@id\":\"https:\\\/\\\/slipest.ee\\\/toode\\\/vork-123-x-3000m-uv-24-kuud\\\/#breadcrumb\",\"itemListElement\":[{\"@type\":\"ListItem\",\"position\":1,\"name\":\"Home\",\"item\":\"https:\\\/\\\/slipest.ee\\\/\"},{\"@type\":\"ListItem\",\"position\":2,\"name\":\"V\u00f5rk 1,23 x 3000m ENDURANCE UV 24 kuud\"}]},{\"@type\":\"WebSite\",\"@id\":\"https:\\\/\\\/slipest.ee\\\/#website\",\"url\":\"https:\\\/\\\/slipest.ee\\\/\",\"name\":\"Slipest O\u00dc\",\"description\":\"\",\"publisher\":{\"@id\":\"https:\\\/\\\/slipest.ee\\\/#organization\"},\"potentialAction\":[{\"@type\":\"SearchAction\",\"target\":{\"@type\":\"EntryPoint\",\"urlTemplate\":\"https:\\\/\\\/slipest.ee\\\/?s={search_term_string}\"},\"query-input\":{\"@type\":\"PropertyValueSpecification\",\"valueRequired\":true,\"valueName\":\"search_term_string\"}}],\"inLanguage\":\"en-GB\"},{\"@type\":\"Organization\",\"@id\":\"https:\\\/\\\/slipest.ee\\\/#organization\",\"name\":\"Slipest O\u00dc\",\"url\":\"https:\\\/\\\/slipest.ee\\\/\",\"logo\":{\"@type\":\"ImageObject\",\"inLanguage\":\"en-GB\",\"@id\":\"https:\\\/\\\/slipest.ee\\\/#\\\/schema\\\/logo\\\/image\\\/\",\"url\":\"https:\\\/\\\/slipest.ee\\\/wp-content\\\/uploads\\\/2024\\\/03\\\/cropped-c1bbbe_d14482f5eeae484aa0ebaa13ab308e28_mv2-2048x1051-1.png\",\"contentUrl\":\"https:\\\/\\\/slipest.ee\\\/wp-content\\\/uploads\\\/2024\\\/03\\\/cropped-c1bbbe_d14482f5eeae484aa0ebaa13ab308e28_mv2-2048x1051-1.png\",\"width\":133,\"height\":100,\"caption\":\"Slipest O\u00dc\"},\"image\":{\"@id\":\"https:\\\/\\\/slipest.ee\\\/#\\\/schema\\\/logo\\\/image\\\/\"}}]}<\/script>\n<!-- \/ Yoast SEO plugin. -->","yoast_head_json":{"title":"V\u00f5rk 1,23 x 3000m ENDURANCE UV 24 kuud - Slipest O\u00dc","robots":{"index":"index","follow":"follow","max-snippet":"max-snippet:-1","max-image-preview":"max-image-preview:large","max-video-preview":"max-video-preview:-1"},"canonical":"https:\/\/slipest.ee\/en\/product\/vork-123-x-3000m-uv-24-kuud\/","og_locale":"en_GB","og_type":"article","og_title":"V\u00f5rk 1,23 x 3000m ENDURANCE UV 24 kuud - Slipest O\u00dc","og_description":"Heade omadustega silopalli v\u00f5rk. Sobib kasutamiseks k\u00f5ikedel pressidel. Tugev\u00a0 ja vastupidav.  UV kaitse 24 kuud Rulooni katmine servast serva. 11,5 g jooksvas meetris Punased hoiatusribad rulli l\u00f5pus Antistaatiline  DLG test  V\u00f5rgu kulu \u00fchele rullile ca 9,5m. Vaata ka linki KALKULAATOR  &nbsp;","og_url":"https:\/\/slipest.ee\/en\/product\/vork-123-x-3000m-uv-24-kuud\/","og_site_name":"Slipest O\u00dc","article_modified_time":"2025-02-07T23:30:29+00:00","og_image":[{"width":1080,"height":1036,"url":"https:\/\/slipest.ee\/wp-content\/uploads\/2025\/02\/IMG-20250207-WA0000.jpg","type":"image\/jpeg"}],"twitter_card":"summary_large_image","twitter_misc":{"Estimated reading time":"1 minute"},"schema":{"@context":"https:\/\/schema.org","@graph":[{"@type":"WebPage","@id":"https:\/\/slipest.ee\/toode\/vork-123-x-3000m-uv-24-kuud\/","url":"https:\/\/slipest.ee\/toode\/vork-123-x-3000m-uv-24-kuud\/","name":"V\u00f5rk 1,23 x 3000m ENDURANCE UV 24 kuud - Slipest O\u00dc","isPartOf":{"@id":"https:\/\/slipest.ee\/#website"},"primaryImageOfPage":{"@id":"https:\/\/slipest.ee\/toode\/vork-123-x-3000m-uv-24-kuud\/#primaryimage"},"image":{"@id":"https:\/\/slipest.ee\/toode\/vork-123-x-3000m-uv-24-kuud\/#primaryimage"},"thumbnailUrl":"https:\/\/slipest.ee\/wp-content\/uploads\/2025\/02\/IMG-20250207-WA0000.jpg","datePublished":"2023-03-31T09:49:36+00:00","dateModified":"2025-02-07T23:30:29+00:00","breadcrumb":{"@id":"https:\/\/slipest.ee\/toode\/vork-123-x-3000m-uv-24-kuud\/#breadcrumb"},"inLanguage":"en-GB","potentialAction":[{"@type":"ReadAction","target":["https:\/\/slipest.ee\/toode\/vork-123-x-3000m-uv-24-kuud\/"]}]},{"@type":"ImageObject","inLanguage":"en-GB","@id":"https:\/\/slipest.ee\/toode\/vork-123-x-3000m-uv-24-kuud\/#primaryimage","url":"https:\/\/slipest.ee\/wp-content\/uploads\/2025\/02\/IMG-20250207-WA0000.jpg","contentUrl":"https:\/\/slipest.ee\/wp-content\/uploads\/2025\/02\/IMG-20250207-WA0000.jpg","width":1080,"height":1036},{"@type":"BreadcrumbList","@id":"https:\/\/slipest.ee\/toode\/vork-123-x-3000m-uv-24-kuud\/#breadcrumb","itemListElement":[{"@type":"ListItem","position":1,"name":"Home","item":"https:\/\/slipest.ee\/"},{"@type":"ListItem","position":2,"name":"V\u00f5rk 1,23 x 3000m ENDURANCE UV 24 kuud"}]},{"@type":"WebSite","@id":"https:\/\/slipest.ee\/#website","url":"https:\/\/slipest.ee\/","name":"Slipest O\u00dc","description":"","publisher":{"@id":"https:\/\/slipest.ee\/#organization"},"potentialAction":[{"@type":"SearchAction","target":{"@type":"EntryPoint","urlTemplate":"https:\/\/slipest.ee\/?s={search_term_string}"},"query-input":{"@type":"PropertyValueSpecification","valueRequired":true,"valueName":"search_term_string"}}],"inLanguage":"en-GB"},{"@type":"Organization","@id":"https:\/\/slipest.ee\/#organization","name":"Slipest O\u00dc","url":"https:\/\/slipest.ee\/","logo":{"@type":"ImageObject","inLanguage":"en-GB","@id":"https:\/\/slipest.ee\/#\/schema\/logo\/image\/","url":"https:\/\/slipest.ee\/wp-content\/uploads\/2024\/03\/cropped-c1bbbe_d14482f5eeae484aa0ebaa13ab308e28_mv2-2048x1051-1.png","contentUrl":"https:\/\/slipest.ee\/wp-content\/uploads\/2024\/03\/cropped-c1bbbe_d14482f5eeae484aa0ebaa13ab308e28_mv2-2048x1051-1.png","width":133,"height":100,"caption":"Slipest O\u00dc"},"image":{"@id":"https:\/\/slipest.ee\/#\/schema\/logo\/image\/"}}]}},"_links":{"self":[{"href":"https:\/\/slipest.ee\/en\/wp-json\/wp\/v2\/product\/151","targetHints":{"allow":["GET"]}}],"collection":[{"href":"https:\/\/slipest.ee\/en\/wp-json\/wp\/v2\/product"}],"about":[{"href":"https:\/\/slipest.ee\/en\/wp-json\/wp\/v2\/types\/product"}],"replies":[{"embeddable":true,"href":"https:\/\/slipest.ee\/en\/wp-json\/wp\/v2\/comments?post=151"}],"wp:featuredmedia":[{"embeddable":true,"href":"https:\/\/slipest.ee\/en\/wp-json\/wp\/v2\/media\/507"}],"wp:attachment":[{"href":"https:\/\/slipest.ee\/en\/wp-json\/wp\/v2\/media?parent=151"}],"wp:term":[{"taxonomy":"product_brand","embeddable":true,"href":"https:\/\/slipest.ee\/en\/wp-json\/wp\/v2\/product_brand?post=151"},{"taxonomy":"product_cat","embeddable":true,"href":"https:\/\/slipest.ee\/en\/wp-json\/wp\/v2\/product_cat?post=151"},{"taxonomy":"product_tag","embeddable":true,"href":"https:\/\/slipest.ee\/en\/wp-json\/wp\/v2\/product_tag?post=151"}],"curies":[{"name":"wp","href":"https:\/\/api.w.org\/{rel}","templated":true}]}}