{"id":140,"date":"2023-03-31T09:49:36","date_gmt":"2023-03-31T09:49:36","guid":{"rendered":"https:\/\/slipest.ee\/?post_type=product&#038;p=140"},"modified":"2024-04-20T07:30:00","modified_gmt":"2024-04-20T07:30:00","slug":"silopalli-kile-aspla-professional-2000","status":"publish","type":"product","link":"https:\/\/slipest.ee\/en\/product\/silopalli-kile-aspla-professional-2000\/","title":{"rendered":"Stretch film Aspla PROFESSIONAL 2000"},"content":{"rendered":"","protected":false},"excerpt":{"rendered":"<p><strong>Professional\u00ae is our answer for those looking for the best use of their time and money when making silo balls.<\/strong><\/p>\n<p>Professional\u00ae is our answer for tractor drivers who are looking for the best use of their time and money when it comes to bundling round bales.\n\nThe Professional\u00ae agri-stretch film was developed to provide exceptional performance when wrapping bales. The rolls have 33% more metres, compared to a standard 750 mm film (2,000 m as opposed to the traditional 1,500 m). This additional length allows wrapping up to 7 more bales per rolls, optimising and reducing the wrapping costs for the contractor by 16%.\n\nTime is also saved, because less rolls have to be changed at the end of the day, and less machine stops.\n\nA simple calculation, dividing the price of the roll by the number of bales that you get with Professional\u00ae, will show you the film\u2019s excellent cost-profit relation, which is hard to beat by other brands.\n\nProfessional\u00ae is a co-extruded film in 7 layers, which is also manufactured with special latest-generation polyethylene co-polymers that provide excellent resistance to impacts and to tears. The formulation chosen for Professional\u00ae makes it ideal for high-performance wrapping of silage fodder round bales.<br \/>\nA simple calculation shows that by dividing the price of a roll by the number of rolls obtained with Professional\u00ae, you get an excellent cost-benefit ratio that is hard to beat by other brands.<\/p>\n<p>Professional\u00ae is a 7-layer coextruded film produced with special latest generation polyethylene copolymers. These provide excellent resistance to stretching and torsion (higher than conventional films). A special raw material and a patented formulation have been selected for Professional\u00ae.<\/p>\n<p><strong>Professional\u00ae: 33% more metres per roll = 33% more balls per roll = 33% more value!<\/strong><\/p>","protected":false},"featured_media":338,"comment_status":"closed","ping_status":"closed","template":"","meta":[],"product_brand":[],"product_cat":[24],"product_tag":[],"class_list":{"0":"post-140","1":"product","2":"type-product","3":"status-publish","4":"has-post-thumbnail","6":"product_cat-silopalli-kile","8":"first","9":"instock","10":"shipping-taxable","11":"product-type-simple"},"acf":[],"yoast_head":"<!-- This site is optimized with the Yoast SEO plugin v27.3 - https:\/\/yoast.com\/product\/yoast-seo-wordpress\/ -->\n<title>Silopallikile Aspla PROFESSIONAL 2000 - Slipest O\u00dc<\/title>\n<meta name=\"robots\" content=\"index, follow, max-snippet:-1, max-image-preview:large, max-video-preview:-1\" \/>\n<link rel=\"canonical\" href=\"https:\/\/slipest.ee\/en\/product\/silopalli-kile-aspla-professional-2000\/\" \/>\n<meta property=\"og:locale\" content=\"en_GB\" \/>\n<meta property=\"og:type\" content=\"article\" \/>\n<meta property=\"og:title\" content=\"Silopallikile Aspla PROFESSIONAL 2000 - Slipest O\u00dc\" \/>\n<meta property=\"og:description\" content=\"Professional\u00ae on meie vastus nendele, kes otsivad oma aja ja raha parimat kasutamist silopallide tegemisel.  Silopallikile Professional\u00ae\u00a0 t\u00f6\u00f6tati v\u00e4lja pakkumaks erakordset j\u00f5udlust pallide kiletamisel. Rullidel on tavalise 750 mm kilega v\u00f5rreldes 33% rohkem kilet (2000 m, vastupidiselt tavap\u00e4rasele 1500 m). See v\u00f5imaldab kiletada kuni 7 palli rohkem rulli kohta, optimeerides ja v\u00e4hendades kulusid 16%. P\u00e4eva l\u00f5pus tuleb vahetada v\u00e4hem rulle ja l\u00fcheneb masina seisuaeg. \u00dche rulliga saab kiletaga 28-29 palli ( 6 kihti) Lihtne arvutus n\u00e4itab, et jagades rulli hinna Professional\u00ae-i abil saadud pallide arvuga, saate\u00a0suurep\u00e4rase kulude-tulude suhte, mida teistel br\u00e4ndidel on raske \u00fcletada.  Professional\u00ae\u00a0on 7-kihiline koekstrudeeritud kile, mida toodetakse\u00a0 spetsiaalsete uusima p\u00f5lvkonna pol\u00fcet\u00fcleenist kopol\u00fcmeeridega. Need tagavad suurep\u00e4rase vastupidavuse venivusele ja torgetele (k\u00f5rgemad kui tavalistel kiledel). Professional\u00ae jaoks on valitud spetsiaalne tooraine\u00a0 ja patendeeritud retsept.  Professional\u00ae: 33% rohkem meetrit rulli kohta = 33% rohkem palli rulli kohta = 33% rohkem v\u00e4\u00e4rtust!\" \/>\n<meta property=\"og:url\" content=\"https:\/\/slipest.ee\/en\/product\/silopalli-kile-aspla-professional-2000\/\" \/>\n<meta property=\"og:site_name\" content=\"Slipest O\u00dc\" \/>\n<meta property=\"article:modified_time\" content=\"2024-04-20T07:30:00+00:00\" \/>\n<meta property=\"og:image\" content=\"https:\/\/slipest.ee\/wp-content\/uploads\/2023\/03\/PROFESSIONAL-blanco-scaled.jpg\" \/>\n\t<meta property=\"og:image:width\" content=\"1810\" \/>\n\t<meta property=\"og:image:height\" content=\"2560\" \/>\n\t<meta property=\"og:image:type\" content=\"image\/jpeg\" \/>\n<meta name=\"twitter:card\" content=\"summary_large_image\" \/>\n<meta name=\"twitter:label1\" content=\"Estimated reading time\" \/>\n\t<meta name=\"twitter:data1\" content=\"1 minute\" \/>\n<script type=\"application\/ld+json\" class=\"yoast-schema-graph\">{\"@context\":\"https:\\\/\\\/schema.org\",\"@graph\":[{\"@type\":\"WebPage\",\"@id\":\"https:\\\/\\\/slipest.ee\\\/toode\\\/silopalli-kile-aspla-professional-2000\\\/\",\"url\":\"https:\\\/\\\/slipest.ee\\\/toode\\\/silopalli-kile-aspla-professional-2000\\\/\",\"name\":\"Silopallikile Aspla PROFESSIONAL 2000 - Slipest O\u00dc\",\"isPartOf\":{\"@id\":\"https:\\\/\\\/slipest.ee\\\/#website\"},\"primaryImageOfPage\":{\"@id\":\"https:\\\/\\\/slipest.ee\\\/toode\\\/silopalli-kile-aspla-professional-2000\\\/#primaryimage\"},\"image\":{\"@id\":\"https:\\\/\\\/slipest.ee\\\/toode\\\/silopalli-kile-aspla-professional-2000\\\/#primaryimage\"},\"thumbnailUrl\":\"https:\\\/\\\/slipest.ee\\\/wp-content\\\/uploads\\\/2023\\\/03\\\/PROFESSIONAL-blanco-scaled.jpg\",\"datePublished\":\"2023-03-31T09:49:36+00:00\",\"dateModified\":\"2024-04-20T07:30:00+00:00\",\"breadcrumb\":{\"@id\":\"https:\\\/\\\/slipest.ee\\\/toode\\\/silopalli-kile-aspla-professional-2000\\\/#breadcrumb\"},\"inLanguage\":\"en-GB\",\"potentialAction\":[{\"@type\":\"ReadAction\",\"target\":[\"https:\\\/\\\/slipest.ee\\\/toode\\\/silopalli-kile-aspla-professional-2000\\\/\"]}]},{\"@type\":\"ImageObject\",\"inLanguage\":\"en-GB\",\"@id\":\"https:\\\/\\\/slipest.ee\\\/toode\\\/silopalli-kile-aspla-professional-2000\\\/#primaryimage\",\"url\":\"https:\\\/\\\/slipest.ee\\\/wp-content\\\/uploads\\\/2023\\\/03\\\/PROFESSIONAL-blanco-scaled.jpg\",\"contentUrl\":\"https:\\\/\\\/slipest.ee\\\/wp-content\\\/uploads\\\/2023\\\/03\\\/PROFESSIONAL-blanco-scaled.jpg\",\"width\":1810,\"height\":2560},{\"@type\":\"BreadcrumbList\",\"@id\":\"https:\\\/\\\/slipest.ee\\\/toode\\\/silopalli-kile-aspla-professional-2000\\\/#breadcrumb\",\"itemListElement\":[{\"@type\":\"ListItem\",\"position\":1,\"name\":\"Home\",\"item\":\"https:\\\/\\\/slipest.ee\\\/\"},{\"@type\":\"ListItem\",\"position\":2,\"name\":\"Silopallikile Aspla PROFESSIONAL 2000\"}]},{\"@type\":\"WebSite\",\"@id\":\"https:\\\/\\\/slipest.ee\\\/#website\",\"url\":\"https:\\\/\\\/slipest.ee\\\/\",\"name\":\"Slipest O\u00dc\",\"description\":\"\",\"publisher\":{\"@id\":\"https:\\\/\\\/slipest.ee\\\/#organization\"},\"potentialAction\":[{\"@type\":\"SearchAction\",\"target\":{\"@type\":\"EntryPoint\",\"urlTemplate\":\"https:\\\/\\\/slipest.ee\\\/?s={search_term_string}\"},\"query-input\":{\"@type\":\"PropertyValueSpecification\",\"valueRequired\":true,\"valueName\":\"search_term_string\"}}],\"inLanguage\":\"en-GB\"},{\"@type\":\"Organization\",\"@id\":\"https:\\\/\\\/slipest.ee\\\/#organization\",\"name\":\"Slipest O\u00dc\",\"url\":\"https:\\\/\\\/slipest.ee\\\/\",\"logo\":{\"@type\":\"ImageObject\",\"inLanguage\":\"en-GB\",\"@id\":\"https:\\\/\\\/slipest.ee\\\/#\\\/schema\\\/logo\\\/image\\\/\",\"url\":\"https:\\\/\\\/slipest.ee\\\/wp-content\\\/uploads\\\/2024\\\/03\\\/cropped-c1bbbe_d14482f5eeae484aa0ebaa13ab308e28_mv2-2048x1051-1.png\",\"contentUrl\":\"https:\\\/\\\/slipest.ee\\\/wp-content\\\/uploads\\\/2024\\\/03\\\/cropped-c1bbbe_d14482f5eeae484aa0ebaa13ab308e28_mv2-2048x1051-1.png\",\"width\":133,\"height\":100,\"caption\":\"Slipest O\u00dc\"},\"image\":{\"@id\":\"https:\\\/\\\/slipest.ee\\\/#\\\/schema\\\/logo\\\/image\\\/\"}}]}<\/script>\n<!-- \/ Yoast SEO plugin. -->","yoast_head_json":{"title":"Silopallikile Aspla PROFESSIONAL 2000 - Slipest O\u00dc","robots":{"index":"index","follow":"follow","max-snippet":"max-snippet:-1","max-image-preview":"max-image-preview:large","max-video-preview":"max-video-preview:-1"},"canonical":"https:\/\/slipest.ee\/en\/product\/silopalli-kile-aspla-professional-2000\/","og_locale":"en_GB","og_type":"article","og_title":"Silopallikile Aspla PROFESSIONAL 2000 - Slipest O\u00dc","og_description":"Professional\u00ae on meie vastus nendele, kes otsivad oma aja ja raha parimat kasutamist silopallide tegemisel.  Silopallikile Professional\u00ae\u00a0 t\u00f6\u00f6tati v\u00e4lja pakkumaks erakordset j\u00f5udlust pallide kiletamisel. Rullidel on tavalise 750 mm kilega v\u00f5rreldes 33% rohkem kilet (2000 m, vastupidiselt tavap\u00e4rasele 1500 m). See v\u00f5imaldab kiletada kuni 7 palli rohkem rulli kohta, optimeerides ja v\u00e4hendades kulusid 16%. P\u00e4eva l\u00f5pus tuleb vahetada v\u00e4hem rulle ja l\u00fcheneb masina seisuaeg. \u00dche rulliga saab kiletaga 28-29 palli ( 6 kihti) Lihtne arvutus n\u00e4itab, et jagades rulli hinna Professional\u00ae-i abil saadud pallide arvuga, saate\u00a0suurep\u00e4rase kulude-tulude suhte, mida teistel br\u00e4ndidel on raske \u00fcletada.  Professional\u00ae\u00a0on 7-kihiline koekstrudeeritud kile, mida toodetakse\u00a0 spetsiaalsete uusima p\u00f5lvkonna pol\u00fcet\u00fcleenist kopol\u00fcmeeridega. Need tagavad suurep\u00e4rase vastupidavuse venivusele ja torgetele (k\u00f5rgemad kui tavalistel kiledel). Professional\u00ae jaoks on valitud spetsiaalne tooraine\u00a0 ja patendeeritud retsept.  Professional\u00ae: 33% rohkem meetrit rulli kohta = 33% rohkem palli rulli kohta = 33% rohkem v\u00e4\u00e4rtust!","og_url":"https:\/\/slipest.ee\/en\/product\/silopalli-kile-aspla-professional-2000\/","og_site_name":"Slipest O\u00dc","article_modified_time":"2024-04-20T07:30:00+00:00","og_image":[{"width":1810,"height":2560,"url":"https:\/\/slipest.ee\/wp-content\/uploads\/2023\/03\/PROFESSIONAL-blanco-scaled.jpg","type":"image\/jpeg"}],"twitter_card":"summary_large_image","twitter_misc":{"Estimated reading time":"1 minute"},"schema":{"@context":"https:\/\/schema.org","@graph":[{"@type":"WebPage","@id":"https:\/\/slipest.ee\/toode\/silopalli-kile-aspla-professional-2000\/","url":"https:\/\/slipest.ee\/toode\/silopalli-kile-aspla-professional-2000\/","name":"Silopallikile Aspla PROFESSIONAL 2000 - Slipest O\u00dc","isPartOf":{"@id":"https:\/\/slipest.ee\/#website"},"primaryImageOfPage":{"@id":"https:\/\/slipest.ee\/toode\/silopalli-kile-aspla-professional-2000\/#primaryimage"},"image":{"@id":"https:\/\/slipest.ee\/toode\/silopalli-kile-aspla-professional-2000\/#primaryimage"},"thumbnailUrl":"https:\/\/slipest.ee\/wp-content\/uploads\/2023\/03\/PROFESSIONAL-blanco-scaled.jpg","datePublished":"2023-03-31T09:49:36+00:00","dateModified":"2024-04-20T07:30:00+00:00","breadcrumb":{"@id":"https:\/\/slipest.ee\/toode\/silopalli-kile-aspla-professional-2000\/#breadcrumb"},"inLanguage":"en-GB","potentialAction":[{"@type":"ReadAction","target":["https:\/\/slipest.ee\/toode\/silopalli-kile-aspla-professional-2000\/"]}]},{"@type":"ImageObject","inLanguage":"en-GB","@id":"https:\/\/slipest.ee\/toode\/silopalli-kile-aspla-professional-2000\/#primaryimage","url":"https:\/\/slipest.ee\/wp-content\/uploads\/2023\/03\/PROFESSIONAL-blanco-scaled.jpg","contentUrl":"https:\/\/slipest.ee\/wp-content\/uploads\/2023\/03\/PROFESSIONAL-blanco-scaled.jpg","width":1810,"height":2560},{"@type":"BreadcrumbList","@id":"https:\/\/slipest.ee\/toode\/silopalli-kile-aspla-professional-2000\/#breadcrumb","itemListElement":[{"@type":"ListItem","position":1,"name":"Home","item":"https:\/\/slipest.ee\/"},{"@type":"ListItem","position":2,"name":"Silopallikile Aspla PROFESSIONAL 2000"}]},{"@type":"WebSite","@id":"https:\/\/slipest.ee\/#website","url":"https:\/\/slipest.ee\/","name":"Slipest O\u00dc","description":"","publisher":{"@id":"https:\/\/slipest.ee\/#organization"},"potentialAction":[{"@type":"SearchAction","target":{"@type":"EntryPoint","urlTemplate":"https:\/\/slipest.ee\/?s={search_term_string}"},"query-input":{"@type":"PropertyValueSpecification","valueRequired":true,"valueName":"search_term_string"}}],"inLanguage":"en-GB"},{"@type":"Organization","@id":"https:\/\/slipest.ee\/#organization","name":"Slipest O\u00dc","url":"https:\/\/slipest.ee\/","logo":{"@type":"ImageObject","inLanguage":"en-GB","@id":"https:\/\/slipest.ee\/#\/schema\/logo\/image\/","url":"https:\/\/slipest.ee\/wp-content\/uploads\/2024\/03\/cropped-c1bbbe_d14482f5eeae484aa0ebaa13ab308e28_mv2-2048x1051-1.png","contentUrl":"https:\/\/slipest.ee\/wp-content\/uploads\/2024\/03\/cropped-c1bbbe_d14482f5eeae484aa0ebaa13ab308e28_mv2-2048x1051-1.png","width":133,"height":100,"caption":"Slipest O\u00dc"},"image":{"@id":"https:\/\/slipest.ee\/#\/schema\/logo\/image\/"}}]}},"_links":{"self":[{"href":"https:\/\/slipest.ee\/en\/wp-json\/wp\/v2\/product\/140","targetHints":{"allow":["GET"]}}],"collection":[{"href":"https:\/\/slipest.ee\/en\/wp-json\/wp\/v2\/product"}],"about":[{"href":"https:\/\/slipest.ee\/en\/wp-json\/wp\/v2\/types\/product"}],"replies":[{"embeddable":true,"href":"https:\/\/slipest.ee\/en\/wp-json\/wp\/v2\/comments?post=140"}],"wp:featuredmedia":[{"embeddable":true,"href":"https:\/\/slipest.ee\/en\/wp-json\/wp\/v2\/media\/338"}],"wp:attachment":[{"href":"https:\/\/slipest.ee\/en\/wp-json\/wp\/v2\/media?parent=140"}],"wp:term":[{"taxonomy":"product_brand","embeddable":true,"href":"https:\/\/slipest.ee\/en\/wp-json\/wp\/v2\/product_brand?post=140"},{"taxonomy":"product_cat","embeddable":true,"href":"https:\/\/slipest.ee\/en\/wp-json\/wp\/v2\/product_cat?post=140"},{"taxonomy":"product_tag","embeddable":true,"href":"https:\/\/slipest.ee\/en\/wp-json\/wp\/v2\/product_tag?post=140"}],"curies":[{"name":"wp","href":"https:\/\/api.w.org\/{rel}","templated":true}]}}