{"id":139,"date":"2023-03-31T09:49:36","date_gmt":"2023-03-31T09:49:36","guid":{"rendered":"https:\/\/slipest.ee\/?post_type=product&#038;p=139"},"modified":"2025-01-29T14:53:43","modified_gmt":"2025-01-29T14:53:43","slug":"silopalli-kile-aspla-supergrass","status":"publish","type":"product","link":"https:\/\/slipest.ee\/en\/product\/silopalli-kile-aspla-supergrass\/","title":{"rendered":"Stretch film Aspla SUPERGRASS"},"content":{"rendered":"","protected":false},"excerpt":{"rendered":"<p><strong>High-speed bale wrappers are currently common in the market.\nThese machines apply great tensions to the agricultural stretch films, so the film\nmust be strong enough to withstand such aggression without breaking.\nWhen wrapping fodder that contains a high proportion of dry material (tough\nstalks), particularly in square bales with protruding corners, it is\nnecessary to use a film with special characteristics to withstand these\nhostile conditions.\nSuperGrass\u00ae stretch film has been specifically developed to be used on high-speed bale wrappers, square bales and dryer forages (Haylage).\nSuperGrass\u00ae-extreme wrap special formulation makes it ideal for this type of very demanding agricultural wrapping.<br \/>\nThese machines apply a very high tension when stretching the film, so the film will<br \/>\nmust be strong enough to withstand such a force without interruption. Aspla SUPERGRASS can. The film is also very well suited for all types of older windscreens.\u00a0<\/strong><\/p>\n<p><strong>Aspla SUPERGRASS is also ideally suited for the coating of masses with a high dry matter content.<\/strong><\/p>\n<p><strong>The film has 7 layers. Made in Spain<\/strong><\/p>\n<p>&nbsp;<\/p>\n<p><a href=\"https:\/\/slipest.ee\/wp-content\/uploads\/2025\/01\/SUPERGRASS-Brochure-EST.pdf\">Download the SUPERGRASS EST leaflet<\/a><\/p>","protected":false},"featured_media":336,"comment_status":"closed","ping_status":"closed","template":"","meta":[],"product_brand":[],"product_cat":[24],"product_tag":[],"class_list":{"0":"post-139","1":"product","2":"type-product","3":"status-publish","4":"has-post-thumbnail","6":"product_cat-silopalli-kile","8":"first","9":"instock","10":"shipping-taxable","11":"product-type-simple"},"acf":[],"yoast_head":"<!-- This site is optimized with the Yoast SEO plugin v27.5 - https:\/\/yoast.com\/product\/yoast-seo-wordpress\/ -->\n<title>Silopallikile Aspla SUPERGRASS - Slipest O\u00dc<\/title>\n<meta name=\"robots\" content=\"index, follow, max-snippet:-1, max-image-preview:large, max-video-preview:-1\" \/>\n<link rel=\"canonical\" href=\"https:\/\/slipest.ee\/en\/product\/silopalli-kile-aspla-supergrass\/\" \/>\n<meta property=\"og:locale\" content=\"en_GB\" \/>\n<meta property=\"og:type\" content=\"article\" \/>\n<meta property=\"og:title\" content=\"Silopallikile Aspla SUPERGRASS - Slipest O\u00dc\" \/>\n<meta property=\"og:description\" content=\"Kile on\u00a0 m\u00f5eldud kasutamiseks uutel kiiretel kiletajatel ja kombipressidel. Samuti nelikant kiletajatel. Kiired kiletajad on tulnud turule, et j\u00e4\u00e4da. See omakorda esitab v\u00e4ljakutse kile vastupidavusele kiirel kiletamisel. Need masinad rakendavad kile venitamisel v\u00e4ga suurt pinget, seega kile peab olema piisavalt tugev, et taluda sellist j\u00f5udu ilma katkemata. Aspla SUPERGRASS suudab seda. Kile sobib v\u00e4ga h\u00e4sti ka k\u00f5ikidele vanematele kiletajatele.\u00a0  Aspla SUPERGRASS sobib ideaalselt ka suure kuivaine sisaldusega massi kiletamiseks.  Kile on 7 kihiline. Valmistatud Hispaanias  &nbsp;  Laadi alla tutvustav infoleht SUPERGRASS EST\" \/>\n<meta property=\"og:url\" content=\"https:\/\/slipest.ee\/en\/product\/silopalli-kile-aspla-supergrass\/\" \/>\n<meta property=\"og:site_name\" content=\"Slipest O\u00dc\" \/>\n<meta property=\"article:modified_time\" content=\"2025-01-29T14:53:43+00:00\" \/>\n<meta property=\"og:image\" content=\"https:\/\/slipest.ee\/wp-content\/uploads\/2023\/03\/Supergrass-white-scaled.jpg\" \/>\n\t<meta property=\"og:image:width\" content=\"1810\" \/>\n\t<meta property=\"og:image:height\" content=\"2560\" \/>\n\t<meta property=\"og:image:type\" content=\"image\/jpeg\" \/>\n<meta name=\"twitter:card\" content=\"summary_large_image\" \/>\n<meta name=\"twitter:label1\" content=\"Estimated reading time\" \/>\n\t<meta name=\"twitter:data1\" content=\"1 minute\" \/>\n<script type=\"application\/ld+json\" class=\"yoast-schema-graph\">{\"@context\":\"https:\\\/\\\/schema.org\",\"@graph\":[{\"@type\":\"WebPage\",\"@id\":\"https:\\\/\\\/slipest.ee\\\/toode\\\/silopalli-kile-aspla-supergrass\\\/\",\"url\":\"https:\\\/\\\/slipest.ee\\\/toode\\\/silopalli-kile-aspla-supergrass\\\/\",\"name\":\"Silopallikile Aspla SUPERGRASS - Slipest O\u00dc\",\"isPartOf\":{\"@id\":\"https:\\\/\\\/slipest.ee\\\/#website\"},\"primaryImageOfPage\":{\"@id\":\"https:\\\/\\\/slipest.ee\\\/toode\\\/silopalli-kile-aspla-supergrass\\\/#primaryimage\"},\"image\":{\"@id\":\"https:\\\/\\\/slipest.ee\\\/toode\\\/silopalli-kile-aspla-supergrass\\\/#primaryimage\"},\"thumbnailUrl\":\"https:\\\/\\\/slipest.ee\\\/wp-content\\\/uploads\\\/2023\\\/03\\\/Supergrass-white-scaled.jpg\",\"datePublished\":\"2023-03-31T09:49:36+00:00\",\"dateModified\":\"2025-01-29T14:53:43+00:00\",\"breadcrumb\":{\"@id\":\"https:\\\/\\\/slipest.ee\\\/toode\\\/silopalli-kile-aspla-supergrass\\\/#breadcrumb\"},\"inLanguage\":\"en-GB\",\"potentialAction\":[{\"@type\":\"ReadAction\",\"target\":[\"https:\\\/\\\/slipest.ee\\\/toode\\\/silopalli-kile-aspla-supergrass\\\/\"]}]},{\"@type\":\"ImageObject\",\"inLanguage\":\"en-GB\",\"@id\":\"https:\\\/\\\/slipest.ee\\\/toode\\\/silopalli-kile-aspla-supergrass\\\/#primaryimage\",\"url\":\"https:\\\/\\\/slipest.ee\\\/wp-content\\\/uploads\\\/2023\\\/03\\\/Supergrass-white-scaled.jpg\",\"contentUrl\":\"https:\\\/\\\/slipest.ee\\\/wp-content\\\/uploads\\\/2023\\\/03\\\/Supergrass-white-scaled.jpg\",\"width\":1810,\"height\":2560},{\"@type\":\"BreadcrumbList\",\"@id\":\"https:\\\/\\\/slipest.ee\\\/toode\\\/silopalli-kile-aspla-supergrass\\\/#breadcrumb\",\"itemListElement\":[{\"@type\":\"ListItem\",\"position\":1,\"name\":\"Home\",\"item\":\"https:\\\/\\\/slipest.ee\\\/\"},{\"@type\":\"ListItem\",\"position\":2,\"name\":\"Silopallikile Aspla SUPERGRASS\"}]},{\"@type\":\"WebSite\",\"@id\":\"https:\\\/\\\/slipest.ee\\\/#website\",\"url\":\"https:\\\/\\\/slipest.ee\\\/\",\"name\":\"Slipest O\u00dc\",\"description\":\"\",\"publisher\":{\"@id\":\"https:\\\/\\\/slipest.ee\\\/#organization\"},\"potentialAction\":[{\"@type\":\"SearchAction\",\"target\":{\"@type\":\"EntryPoint\",\"urlTemplate\":\"https:\\\/\\\/slipest.ee\\\/?s={search_term_string}\"},\"query-input\":{\"@type\":\"PropertyValueSpecification\",\"valueRequired\":true,\"valueName\":\"search_term_string\"}}],\"inLanguage\":\"en-GB\"},{\"@type\":\"Organization\",\"@id\":\"https:\\\/\\\/slipest.ee\\\/#organization\",\"name\":\"Slipest O\u00dc\",\"url\":\"https:\\\/\\\/slipest.ee\\\/\",\"logo\":{\"@type\":\"ImageObject\",\"inLanguage\":\"en-GB\",\"@id\":\"https:\\\/\\\/slipest.ee\\\/#\\\/schema\\\/logo\\\/image\\\/\",\"url\":\"https:\\\/\\\/slipest.ee\\\/wp-content\\\/uploads\\\/2024\\\/03\\\/cropped-c1bbbe_d14482f5eeae484aa0ebaa13ab308e28_mv2-2048x1051-1.png\",\"contentUrl\":\"https:\\\/\\\/slipest.ee\\\/wp-content\\\/uploads\\\/2024\\\/03\\\/cropped-c1bbbe_d14482f5eeae484aa0ebaa13ab308e28_mv2-2048x1051-1.png\",\"width\":133,\"height\":100,\"caption\":\"Slipest O\u00dc\"},\"image\":{\"@id\":\"https:\\\/\\\/slipest.ee\\\/#\\\/schema\\\/logo\\\/image\\\/\"}}]}<\/script>\n<!-- \/ Yoast SEO plugin. -->","yoast_head_json":{"title":"Silopallikile Aspla SUPERGRASS - Slipest O\u00dc","robots":{"index":"index","follow":"follow","max-snippet":"max-snippet:-1","max-image-preview":"max-image-preview:large","max-video-preview":"max-video-preview:-1"},"canonical":"https:\/\/slipest.ee\/en\/product\/silopalli-kile-aspla-supergrass\/","og_locale":"en_GB","og_type":"article","og_title":"Silopallikile Aspla SUPERGRASS - Slipest O\u00dc","og_description":"Kile on\u00a0 m\u00f5eldud kasutamiseks uutel kiiretel kiletajatel ja kombipressidel. Samuti nelikant kiletajatel. Kiired kiletajad on tulnud turule, et j\u00e4\u00e4da. See omakorda esitab v\u00e4ljakutse kile vastupidavusele kiirel kiletamisel. Need masinad rakendavad kile venitamisel v\u00e4ga suurt pinget, seega kile peab olema piisavalt tugev, et taluda sellist j\u00f5udu ilma katkemata. Aspla SUPERGRASS suudab seda. Kile sobib v\u00e4ga h\u00e4sti ka k\u00f5ikidele vanematele kiletajatele.\u00a0  Aspla SUPERGRASS sobib ideaalselt ka suure kuivaine sisaldusega massi kiletamiseks.  Kile on 7 kihiline. Valmistatud Hispaanias  &nbsp;  Laadi alla tutvustav infoleht SUPERGRASS EST","og_url":"https:\/\/slipest.ee\/en\/product\/silopalli-kile-aspla-supergrass\/","og_site_name":"Slipest O\u00dc","article_modified_time":"2025-01-29T14:53:43+00:00","og_image":[{"width":1810,"height":2560,"url":"https:\/\/slipest.ee\/wp-content\/uploads\/2023\/03\/Supergrass-white-scaled.jpg","type":"image\/jpeg"}],"twitter_card":"summary_large_image","twitter_misc":{"Estimated reading time":"1 minute"},"schema":{"@context":"https:\/\/schema.org","@graph":[{"@type":"WebPage","@id":"https:\/\/slipest.ee\/toode\/silopalli-kile-aspla-supergrass\/","url":"https:\/\/slipest.ee\/toode\/silopalli-kile-aspla-supergrass\/","name":"Silopallikile Aspla SUPERGRASS - Slipest O\u00dc","isPartOf":{"@id":"https:\/\/slipest.ee\/#website"},"primaryImageOfPage":{"@id":"https:\/\/slipest.ee\/toode\/silopalli-kile-aspla-supergrass\/#primaryimage"},"image":{"@id":"https:\/\/slipest.ee\/toode\/silopalli-kile-aspla-supergrass\/#primaryimage"},"thumbnailUrl":"https:\/\/slipest.ee\/wp-content\/uploads\/2023\/03\/Supergrass-white-scaled.jpg","datePublished":"2023-03-31T09:49:36+00:00","dateModified":"2025-01-29T14:53:43+00:00","breadcrumb":{"@id":"https:\/\/slipest.ee\/toode\/silopalli-kile-aspla-supergrass\/#breadcrumb"},"inLanguage":"en-GB","potentialAction":[{"@type":"ReadAction","target":["https:\/\/slipest.ee\/toode\/silopalli-kile-aspla-supergrass\/"]}]},{"@type":"ImageObject","inLanguage":"en-GB","@id":"https:\/\/slipest.ee\/toode\/silopalli-kile-aspla-supergrass\/#primaryimage","url":"https:\/\/slipest.ee\/wp-content\/uploads\/2023\/03\/Supergrass-white-scaled.jpg","contentUrl":"https:\/\/slipest.ee\/wp-content\/uploads\/2023\/03\/Supergrass-white-scaled.jpg","width":1810,"height":2560},{"@type":"BreadcrumbList","@id":"https:\/\/slipest.ee\/toode\/silopalli-kile-aspla-supergrass\/#breadcrumb","itemListElement":[{"@type":"ListItem","position":1,"name":"Home","item":"https:\/\/slipest.ee\/"},{"@type":"ListItem","position":2,"name":"Silopallikile Aspla SUPERGRASS"}]},{"@type":"WebSite","@id":"https:\/\/slipest.ee\/#website","url":"https:\/\/slipest.ee\/","name":"Slipest O\u00dc","description":"","publisher":{"@id":"https:\/\/slipest.ee\/#organization"},"potentialAction":[{"@type":"SearchAction","target":{"@type":"EntryPoint","urlTemplate":"https:\/\/slipest.ee\/?s={search_term_string}"},"query-input":{"@type":"PropertyValueSpecification","valueRequired":true,"valueName":"search_term_string"}}],"inLanguage":"en-GB"},{"@type":"Organization","@id":"https:\/\/slipest.ee\/#organization","name":"Slipest O\u00dc","url":"https:\/\/slipest.ee\/","logo":{"@type":"ImageObject","inLanguage":"en-GB","@id":"https:\/\/slipest.ee\/#\/schema\/logo\/image\/","url":"https:\/\/slipest.ee\/wp-content\/uploads\/2024\/03\/cropped-c1bbbe_d14482f5eeae484aa0ebaa13ab308e28_mv2-2048x1051-1.png","contentUrl":"https:\/\/slipest.ee\/wp-content\/uploads\/2024\/03\/cropped-c1bbbe_d14482f5eeae484aa0ebaa13ab308e28_mv2-2048x1051-1.png","width":133,"height":100,"caption":"Slipest O\u00dc"},"image":{"@id":"https:\/\/slipest.ee\/#\/schema\/logo\/image\/"}}]}},"_links":{"self":[{"href":"https:\/\/slipest.ee\/en\/wp-json\/wp\/v2\/product\/139","targetHints":{"allow":["GET"]}}],"collection":[{"href":"https:\/\/slipest.ee\/en\/wp-json\/wp\/v2\/product"}],"about":[{"href":"https:\/\/slipest.ee\/en\/wp-json\/wp\/v2\/types\/product"}],"replies":[{"embeddable":true,"href":"https:\/\/slipest.ee\/en\/wp-json\/wp\/v2\/comments?post=139"}],"wp:featuredmedia":[{"embeddable":true,"href":"https:\/\/slipest.ee\/en\/wp-json\/wp\/v2\/media\/336"}],"wp:attachment":[{"href":"https:\/\/slipest.ee\/en\/wp-json\/wp\/v2\/media?parent=139"}],"wp:term":[{"taxonomy":"product_brand","embeddable":true,"href":"https:\/\/slipest.ee\/en\/wp-json\/wp\/v2\/product_brand?post=139"},{"taxonomy":"product_cat","embeddable":true,"href":"https:\/\/slipest.ee\/en\/wp-json\/wp\/v2\/product_cat?post=139"},{"taxonomy":"product_tag","embeddable":true,"href":"https:\/\/slipest.ee\/en\/wp-json\/wp\/v2\/product_tag?post=139"}],"curies":[{"name":"wp","href":"https:\/\/api.w.org\/{rel}","templated":true}]}}