{"id":9,"date":"2023-03-29T11:28:06","date_gmt":"2023-03-29T11:28:06","guid":{"rendered":"https:\/\/slipest.ee\/?page_id=9"},"modified":"2024-03-28T13:01:15","modified_gmt":"2024-03-28T13:01:15","slug":"meist","status":"publish","type":"page","link":"https:\/\/slipest.ee\/en\/meist\/","title":{"rendered":"About us"},"content":{"rendered":"<h1 class=\"wp-block-heading has-text-align-center\">SLIPEST O\u00dc<\/h1>\n\n\n\n<p>SLIPEST O\u00dc is engaged in the production and wholesale of polyethylene products. We are a supplier to more than 400 companies and farmers in Estonia, Latvia, Lithuania, Finland, Sweden, Czech Republic and Georgia.<\/p>\n\n\n\n<p>To live up to our customers' expectations, we have selected only the best factories across Europe as our partners. Our desire to be worthy partners for our customers gives us the responsibility to build a well-functioning and reliable link between the end user and the manufacturer. Constructive cooperation with factories enables SLIPEST O\u00dc to use the most modern technology and to offer top quality products. We have set very high quality standards for the products we supply.<\/p>\n\n\n\n<p>Our aim is not just to sell pieces of plastic, but to offer complete solutions based on quality, savings and environmental sustainability.<\/p>\n\n\n\n<p>Our product range is sufficient to provide the necessary products for the most demanding customer.<\/p>\n\n\n\n<p>We have tried to make the website simple and informative. For each product, you will find an introductory text and a link to send us a quote. We will always reply to your enquiry within the next two working days.<\/p>\n\n\n\n<p>If our selection does not include a product that interests you, please contact our team. Together, we will always find a solution to your satisfaction.<br>Based on our experience, we believe that we can satisfy even the most demanding customer.<\/p>\n\n\n\n<p>We are grateful if you choose SLIPEST O\u00dc as your partner. For our part, we will do our utmost to justify your trust.<\/p>\n\n\n\n<p><strong>SLIPEST O\u00dc<\/strong><\/p>","protected":false},"excerpt":{"rendered":"<p>SLIPEST O\u00dc SLIPEST O\u00dc tegeleb pol\u00fcet\u00fcleenist toodete tootmise ja hulgim\u00fc\u00fcgiga. Oleme hankijaks enam kui 400 -le ettev\u00f5ttele ja p\u00f5llumajandustootjatele Eestis, L\u00e4tis, Leedus, Soomes, Rootsis, Tsehhis ja Georgias. Et \u00f5igustada klientide ootusi, oleme valinud oma partneriteks ainult k\u00f5ige paremad tehased kogu Euroopas. Soov olla oma klientidele v\u00e4\u00e4rilised koost\u00f6\u00f6partnerid, seab meile vastutusrikka \u00fclesande rajada h\u00e4sti toimiv ja [&hellip;]<\/p>\n","protected":false},"author":1,"featured_media":0,"parent":0,"menu_order":0,"comment_status":"closed","ping_status":"closed","template":"page-nosidebar.php","meta":{"footnotes":""},"class_list":["post-9","page","type-page","status-publish","hentry"],"acf":[],"yoast_head":"<!-- This site is optimized with the Yoast SEO plugin v27.3 - https:\/\/yoast.com\/product\/yoast-seo-wordpress\/ -->\n<title>Meist - Slipest O\u00dc<\/title>\n<meta name=\"robots\" content=\"index, follow, max-snippet:-1, max-image-preview:large, max-video-preview:-1\" \/>\n<link rel=\"canonical\" href=\"https:\/\/slipest.ee\/en\/meist\/\" \/>\n<meta property=\"og:locale\" content=\"en_GB\" \/>\n<meta property=\"og:type\" content=\"article\" \/>\n<meta property=\"og:title\" content=\"Meist - Slipest O\u00dc\" \/>\n<meta property=\"og:description\" content=\"SLIPEST O\u00dc SLIPEST O\u00dc tegeleb pol\u00fcet\u00fcleenist toodete tootmise ja hulgim\u00fc\u00fcgiga. Oleme hankijaks enam kui 400 -le ettev\u00f5ttele ja p\u00f5llumajandustootjatele Eestis, L\u00e4tis, Leedus, Soomes, Rootsis, Tsehhis ja Georgias. Et \u00f5igustada klientide ootusi, oleme valinud oma partneriteks ainult k\u00f5ige paremad tehased kogu Euroopas. Soov olla oma klientidele v\u00e4\u00e4rilised koost\u00f6\u00f6partnerid, seab meile vastutusrikka \u00fclesande rajada h\u00e4sti toimiv ja [&hellip;]\" \/>\n<meta property=\"og:url\" content=\"https:\/\/slipest.ee\/en\/meist\/\" \/>\n<meta property=\"og:site_name\" content=\"Slipest O\u00dc\" \/>\n<meta property=\"article:modified_time\" content=\"2024-03-28T13:01:15+00:00\" \/>\n<meta name=\"twitter:card\" content=\"summary_large_image\" \/>\n<meta name=\"twitter:label1\" content=\"Estimated reading time\" \/>\n\t<meta name=\"twitter:data1\" content=\"1 minute\" \/>\n<script type=\"application\/ld+json\" class=\"yoast-schema-graph\">{\"@context\":\"https:\\\/\\\/schema.org\",\"@graph\":[{\"@type\":\"WebPage\",\"@id\":\"https:\\\/\\\/slipest.ee\\\/meist\\\/\",\"url\":\"https:\\\/\\\/slipest.ee\\\/meist\\\/\",\"name\":\"Meist - Slipest O\u00dc\",\"isPartOf\":{\"@id\":\"https:\\\/\\\/slipest.ee\\\/#website\"},\"datePublished\":\"2023-03-29T11:28:06+00:00\",\"dateModified\":\"2024-03-28T13:01:15+00:00\",\"breadcrumb\":{\"@id\":\"https:\\\/\\\/slipest.ee\\\/meist\\\/#breadcrumb\"},\"inLanguage\":\"en-GB\",\"potentialAction\":[{\"@type\":\"ReadAction\",\"target\":[\"https:\\\/\\\/slipest.ee\\\/meist\\\/\"]}]},{\"@type\":\"BreadcrumbList\",\"@id\":\"https:\\\/\\\/slipest.ee\\\/meist\\\/#breadcrumb\",\"itemListElement\":[{\"@type\":\"ListItem\",\"position\":1,\"name\":\"Home\",\"item\":\"https:\\\/\\\/slipest.ee\\\/\"},{\"@type\":\"ListItem\",\"position\":2,\"name\":\"Meist\"}]},{\"@type\":\"WebSite\",\"@id\":\"https:\\\/\\\/slipest.ee\\\/#website\",\"url\":\"https:\\\/\\\/slipest.ee\\\/\",\"name\":\"Slipest O\u00dc\",\"description\":\"\",\"publisher\":{\"@id\":\"https:\\\/\\\/slipest.ee\\\/#organization\"},\"potentialAction\":[{\"@type\":\"SearchAction\",\"target\":{\"@type\":\"EntryPoint\",\"urlTemplate\":\"https:\\\/\\\/slipest.ee\\\/?s={search_term_string}\"},\"query-input\":{\"@type\":\"PropertyValueSpecification\",\"valueRequired\":true,\"valueName\":\"search_term_string\"}}],\"inLanguage\":\"en-GB\"},{\"@type\":\"Organization\",\"@id\":\"https:\\\/\\\/slipest.ee\\\/#organization\",\"name\":\"Slipest O\u00dc\",\"url\":\"https:\\\/\\\/slipest.ee\\\/\",\"logo\":{\"@type\":\"ImageObject\",\"inLanguage\":\"en-GB\",\"@id\":\"https:\\\/\\\/slipest.ee\\\/#\\\/schema\\\/logo\\\/image\\\/\",\"url\":\"https:\\\/\\\/slipest.ee\\\/wp-content\\\/uploads\\\/2024\\\/03\\\/cropped-c1bbbe_d14482f5eeae484aa0ebaa13ab308e28_mv2-2048x1051-1.png\",\"contentUrl\":\"https:\\\/\\\/slipest.ee\\\/wp-content\\\/uploads\\\/2024\\\/03\\\/cropped-c1bbbe_d14482f5eeae484aa0ebaa13ab308e28_mv2-2048x1051-1.png\",\"width\":133,\"height\":100,\"caption\":\"Slipest O\u00dc\"},\"image\":{\"@id\":\"https:\\\/\\\/slipest.ee\\\/#\\\/schema\\\/logo\\\/image\\\/\"}}]}<\/script>\n<!-- \/ Yoast SEO plugin. -->","yoast_head_json":{"title":"Meist - Slipest O\u00dc","robots":{"index":"index","follow":"follow","max-snippet":"max-snippet:-1","max-image-preview":"max-image-preview:large","max-video-preview":"max-video-preview:-1"},"canonical":"https:\/\/slipest.ee\/en\/meist\/","og_locale":"en_GB","og_type":"article","og_title":"Meist - Slipest O\u00dc","og_description":"SLIPEST O\u00dc SLIPEST O\u00dc tegeleb pol\u00fcet\u00fcleenist toodete tootmise ja hulgim\u00fc\u00fcgiga. Oleme hankijaks enam kui 400 -le ettev\u00f5ttele ja p\u00f5llumajandustootjatele Eestis, L\u00e4tis, Leedus, Soomes, Rootsis, Tsehhis ja Georgias. Et \u00f5igustada klientide ootusi, oleme valinud oma partneriteks ainult k\u00f5ige paremad tehased kogu Euroopas. Soov olla oma klientidele v\u00e4\u00e4rilised koost\u00f6\u00f6partnerid, seab meile vastutusrikka \u00fclesande rajada h\u00e4sti toimiv ja [&hellip;]","og_url":"https:\/\/slipest.ee\/en\/meist\/","og_site_name":"Slipest O\u00dc","article_modified_time":"2024-03-28T13:01:15+00:00","twitter_card":"summary_large_image","twitter_misc":{"Estimated reading time":"1 minute"},"schema":{"@context":"https:\/\/schema.org","@graph":[{"@type":"WebPage","@id":"https:\/\/slipest.ee\/meist\/","url":"https:\/\/slipest.ee\/meist\/","name":"Meist - Slipest O\u00dc","isPartOf":{"@id":"https:\/\/slipest.ee\/#website"},"datePublished":"2023-03-29T11:28:06+00:00","dateModified":"2024-03-28T13:01:15+00:00","breadcrumb":{"@id":"https:\/\/slipest.ee\/meist\/#breadcrumb"},"inLanguage":"en-GB","potentialAction":[{"@type":"ReadAction","target":["https:\/\/slipest.ee\/meist\/"]}]},{"@type":"BreadcrumbList","@id":"https:\/\/slipest.ee\/meist\/#breadcrumb","itemListElement":[{"@type":"ListItem","position":1,"name":"Home","item":"https:\/\/slipest.ee\/"},{"@type":"ListItem","position":2,"name":"Meist"}]},{"@type":"WebSite","@id":"https:\/\/slipest.ee\/#website","url":"https:\/\/slipest.ee\/","name":"Slipest O\u00dc","description":"","publisher":{"@id":"https:\/\/slipest.ee\/#organization"},"potentialAction":[{"@type":"SearchAction","target":{"@type":"EntryPoint","urlTemplate":"https:\/\/slipest.ee\/?s={search_term_string}"},"query-input":{"@type":"PropertyValueSpecification","valueRequired":true,"valueName":"search_term_string"}}],"inLanguage":"en-GB"},{"@type":"Organization","@id":"https:\/\/slipest.ee\/#organization","name":"Slipest O\u00dc","url":"https:\/\/slipest.ee\/","logo":{"@type":"ImageObject","inLanguage":"en-GB","@id":"https:\/\/slipest.ee\/#\/schema\/logo\/image\/","url":"https:\/\/slipest.ee\/wp-content\/uploads\/2024\/03\/cropped-c1bbbe_d14482f5eeae484aa0ebaa13ab308e28_mv2-2048x1051-1.png","contentUrl":"https:\/\/slipest.ee\/wp-content\/uploads\/2024\/03\/cropped-c1bbbe_d14482f5eeae484aa0ebaa13ab308e28_mv2-2048x1051-1.png","width":133,"height":100,"caption":"Slipest O\u00dc"},"image":{"@id":"https:\/\/slipest.ee\/#\/schema\/logo\/image\/"}}]}},"_links":{"self":[{"href":"https:\/\/slipest.ee\/en\/wp-json\/wp\/v2\/pages\/9","targetHints":{"allow":["GET"]}}],"collection":[{"href":"https:\/\/slipest.ee\/en\/wp-json\/wp\/v2\/pages"}],"about":[{"href":"https:\/\/slipest.ee\/en\/wp-json\/wp\/v2\/types\/page"}],"author":[{"embeddable":true,"href":"https:\/\/slipest.ee\/en\/wp-json\/wp\/v2\/users\/1"}],"replies":[{"embeddable":true,"href":"https:\/\/slipest.ee\/en\/wp-json\/wp\/v2\/comments?post=9"}],"version-history":[{"count":4,"href":"https:\/\/slipest.ee\/en\/wp-json\/wp\/v2\/pages\/9\/revisions"}],"predecessor-version":[{"id":261,"href":"https:\/\/slipest.ee\/en\/wp-json\/wp\/v2\/pages\/9\/revisions\/261"}],"wp:attachment":[{"href":"https:\/\/slipest.ee\/en\/wp-json\/wp\/v2\/media?parent=9"}],"curies":[{"name":"wp","href":"https:\/\/api.w.org\/{rel}","templated":true}]}}