{"id":17,"date":"2023-03-29T11:28:39","date_gmt":"2023-03-29T11:28:39","guid":{"rendered":"https:\/\/slipest.ee\/?page_id=17"},"modified":"2026-03-17T15:14:25","modified_gmt":"2026-03-17T15:14:25","slug":"jaatmekaitlus","status":"publish","type":"page","link":"https:\/\/slipest.ee\/en\/jaatmekaitlus\/","title":{"rendered":"Waste management"},"content":{"rendered":"<h1 class=\"wp-block-heading\">Plastic waste<\/h1>\n\n\n\n<p><strong>Waste agricultural plastic.<\/strong><\/p>\n\n\n\n<p>Silage baler film, silage baler netting, binder film, sheeting, underlay film and baler twine are agricultural plastics that must be recycled after use.<\/p>\n\n\n\n<p><strong>How to do it?<\/strong><\/p>\n\n\n\n<ol class=\"wp-block-list\">\n<li>Through the portal <a href=\"https:\/\/www.silokile.ee\/\">silokile.ee<\/a> Here you can find all the instructions on how to return your agricultural plastic waste. We recommend that you specify the price and conditions of transport before placing an order.<\/li>\n\n\n\n<li>Take your own agricultural plastic to a waste manager. To do this, send an e-mail to <a href=\"mailto:andro@slipest.ee\">andro@slipest.ee<\/a> and SLIPEST O\u00dc will direct you to the nearest waste management company. SLIPEST O\u00dc will reimburse the transport costs from the county border to the waste handler and back.<\/li>\n\n\n\n<li>Order the transport of agricultural plastic waste from SLIPEST O\u00dc. To do this, again send a letter to <a href=\"mailto:andro@slipest.ee\">andro@slipest.ee<\/a> and SLIPEST O\u00dc's partners will come to you and take the waste away. There is a charge for this service. &nbsp;<\/li>\n<\/ol>\n\n\n\n<p>\u00dchtlasi tuletame veelkord meelde, et p\u00f5llumajanduplasti j\u00e4\u00e4tmed peavad olema sorteeritud liigiti ja puhtad. J\u00e4\u00e4tmed ei tohi sisaldada v\u00f5\u00f5riseid nagu silo,muld, liiv, majapidamis-ja tootmisj\u00e4\u00e4tmeid. Samuti rehvid, kivid, betoon jms. Sisalduvad v\u00f5\u00f5rised arvestatakse eraldi ja nende eest tuleb tasuda segaj\u00e4\u00e4tmete hinnakirja alusel. Koormaid mis on n\u00e4htavalt sorteerimata ja\/v\u00f5i sisaldavad olulisel m\u00e4\u00e4ral eelpool nimetatud komponente, k\u00e4sitletakse pr\u00fcgina mis l\u00e4heb ladestusse. Selle eest tasutakse 100% j\u00e4\u00e4tmete kaalust j\u00e4\u00e4tmete omaniku poolt vastvalt hinnakirjale.  <\/p>\n\n\n\n<p>Tasuta v\u00f5etakse vastu maksimaalselt kahe aasta kogused&nbsp;(kg), mille kinnitab eelnevalt j\u00e4\u00e4tmete k\u00e4itlejale silokilede tarnija. \u00dclekaal &nbsp;kuulub h\u00fcvitamisele j\u00e4\u00e4tmete omaniku poolt.<\/p>\n\n\n\n<p><strong>Recommendations for waste collection.<\/strong><\/p>\n\n\n\n<ol class=\"wp-block-list\">\n<li>Collect waste separately immediately. Subsequent sorting is very labour intensive.<\/li>\n\n\n\n<li>Koguda j\u00e4\u00e4tmed varju alla. Vesi j\u00e4\u00e4tmete sees lisab j\u00e4\u00e4tmetele kaalu isegi kuni 50% ja selle eest tuleb tasuda.<\/li>\n\n\n\n<li>In the case of larger quantities of waste, we recommend compacting the waste on the spot, but separately. The transport of compacted waste is free of charge. We can also help you with the purchase or rental of a compactor. &nbsp;<\/li>\n<\/ol>","protected":false},"excerpt":{"rendered":"<p>J\u00c4\u00c4TMEK\u00c4ITLUS P\u00f5llumajandusplasti j\u00e4\u00e4tmed. Silopallikile, silopalli v\u00f5rk, sidumiskile, aunakile, aluskile ja pallin\u00f6\u00f6r on p\u00f5llumajandusplast, mis peale kasutamist tuleb suunata taaskasutusse. Kuidas seda teha? \u00dchtlasi tuletame veelkord meelde, et p\u00f5llumajanduplasti j\u00e4\u00e4tmed peavad olema sorteeritud liigiti ja puhtad. J\u00e4\u00e4tmed ei tohi sisaldada v\u00f5\u00f5riseid nagu silo,muld, liiv, majapidamis-ja tootmisj\u00e4\u00e4tmeid. Samuti rehvid, kivid, betoon jms. Sisalduvad v\u00f5\u00f5rised arvestatakse eraldi ja [&hellip;]<\/p>\n","protected":false},"author":1,"featured_media":0,"parent":0,"menu_order":0,"comment_status":"closed","ping_status":"closed","template":"page-nosidebar.php","meta":{"footnotes":""},"class_list":["post-17","page","type-page","status-publish","hentry"],"acf":[],"yoast_head":"<!-- This site is optimized with the Yoast SEO plugin v27.3 - https:\/\/yoast.com\/product\/yoast-seo-wordpress\/ -->\n<title>J\u00e4\u00e4tmek\u00e4itlus - Slipest O\u00dc<\/title>\n<meta name=\"robots\" content=\"index, follow, max-snippet:-1, max-image-preview:large, max-video-preview:-1\" \/>\n<link rel=\"canonical\" href=\"https:\/\/slipest.ee\/en\/jaatmekaitlus\/\" \/>\n<meta property=\"og:locale\" content=\"en_GB\" \/>\n<meta property=\"og:type\" content=\"article\" \/>\n<meta property=\"og:title\" content=\"J\u00e4\u00e4tmek\u00e4itlus - Slipest O\u00dc\" \/>\n<meta property=\"og:description\" content=\"J\u00c4\u00c4TMEK\u00c4ITLUS P\u00f5llumajandusplasti j\u00e4\u00e4tmed. Silopallikile, silopalli v\u00f5rk, sidumiskile, aunakile, aluskile ja pallin\u00f6\u00f6r on p\u00f5llumajandusplast, mis peale kasutamist tuleb suunata taaskasutusse. Kuidas seda teha? \u00dchtlasi tuletame veelkord meelde, et p\u00f5llumajanduplasti j\u00e4\u00e4tmed peavad olema sorteeritud liigiti ja puhtad. J\u00e4\u00e4tmed ei tohi sisaldada v\u00f5\u00f5riseid nagu silo,muld, liiv, majapidamis-ja tootmisj\u00e4\u00e4tmeid. Samuti rehvid, kivid, betoon jms. Sisalduvad v\u00f5\u00f5rised arvestatakse eraldi ja [&hellip;]\" \/>\n<meta property=\"og:url\" content=\"https:\/\/slipest.ee\/en\/jaatmekaitlus\/\" \/>\n<meta property=\"og:site_name\" content=\"Slipest O\u00dc\" \/>\n<meta property=\"article:modified_time\" content=\"2026-03-17T15:14:25+00:00\" \/>\n<meta name=\"twitter:card\" content=\"summary_large_image\" \/>\n<meta name=\"twitter:label1\" content=\"Estimated reading time\" \/>\n\t<meta name=\"twitter:data1\" content=\"2 minutes\" \/>\n<script type=\"application\/ld+json\" class=\"yoast-schema-graph\">{\"@context\":\"https:\\\/\\\/schema.org\",\"@graph\":[{\"@type\":\"WebPage\",\"@id\":\"https:\\\/\\\/slipest.ee\\\/jaatmekaitlus\\\/\",\"url\":\"https:\\\/\\\/slipest.ee\\\/jaatmekaitlus\\\/\",\"name\":\"J\u00e4\u00e4tmek\u00e4itlus - Slipest O\u00dc\",\"isPartOf\":{\"@id\":\"https:\\\/\\\/slipest.ee\\\/#website\"},\"datePublished\":\"2023-03-29T11:28:39+00:00\",\"dateModified\":\"2026-03-17T15:14:25+00:00\",\"breadcrumb\":{\"@id\":\"https:\\\/\\\/slipest.ee\\\/jaatmekaitlus\\\/#breadcrumb\"},\"inLanguage\":\"en-GB\",\"potentialAction\":[{\"@type\":\"ReadAction\",\"target\":[\"https:\\\/\\\/slipest.ee\\\/jaatmekaitlus\\\/\"]}]},{\"@type\":\"BreadcrumbList\",\"@id\":\"https:\\\/\\\/slipest.ee\\\/jaatmekaitlus\\\/#breadcrumb\",\"itemListElement\":[{\"@type\":\"ListItem\",\"position\":1,\"name\":\"Home\",\"item\":\"https:\\\/\\\/slipest.ee\\\/\"},{\"@type\":\"ListItem\",\"position\":2,\"name\":\"J\u00e4\u00e4tmek\u00e4itlus\"}]},{\"@type\":\"WebSite\",\"@id\":\"https:\\\/\\\/slipest.ee\\\/#website\",\"url\":\"https:\\\/\\\/slipest.ee\\\/\",\"name\":\"Slipest O\u00dc\",\"description\":\"\",\"publisher\":{\"@id\":\"https:\\\/\\\/slipest.ee\\\/#organization\"},\"potentialAction\":[{\"@type\":\"SearchAction\",\"target\":{\"@type\":\"EntryPoint\",\"urlTemplate\":\"https:\\\/\\\/slipest.ee\\\/?s={search_term_string}\"},\"query-input\":{\"@type\":\"PropertyValueSpecification\",\"valueRequired\":true,\"valueName\":\"search_term_string\"}}],\"inLanguage\":\"en-GB\"},{\"@type\":\"Organization\",\"@id\":\"https:\\\/\\\/slipest.ee\\\/#organization\",\"name\":\"Slipest O\u00dc\",\"url\":\"https:\\\/\\\/slipest.ee\\\/\",\"logo\":{\"@type\":\"ImageObject\",\"inLanguage\":\"en-GB\",\"@id\":\"https:\\\/\\\/slipest.ee\\\/#\\\/schema\\\/logo\\\/image\\\/\",\"url\":\"https:\\\/\\\/slipest.ee\\\/wp-content\\\/uploads\\\/2024\\\/03\\\/cropped-c1bbbe_d14482f5eeae484aa0ebaa13ab308e28_mv2-2048x1051-1.png\",\"contentUrl\":\"https:\\\/\\\/slipest.ee\\\/wp-content\\\/uploads\\\/2024\\\/03\\\/cropped-c1bbbe_d14482f5eeae484aa0ebaa13ab308e28_mv2-2048x1051-1.png\",\"width\":133,\"height\":100,\"caption\":\"Slipest O\u00dc\"},\"image\":{\"@id\":\"https:\\\/\\\/slipest.ee\\\/#\\\/schema\\\/logo\\\/image\\\/\"}}]}<\/script>\n<!-- \/ Yoast SEO plugin. -->","yoast_head_json":{"title":"J\u00e4\u00e4tmek\u00e4itlus - Slipest O\u00dc","robots":{"index":"index","follow":"follow","max-snippet":"max-snippet:-1","max-image-preview":"max-image-preview:large","max-video-preview":"max-video-preview:-1"},"canonical":"https:\/\/slipest.ee\/en\/jaatmekaitlus\/","og_locale":"en_GB","og_type":"article","og_title":"J\u00e4\u00e4tmek\u00e4itlus - Slipest O\u00dc","og_description":"J\u00c4\u00c4TMEK\u00c4ITLUS P\u00f5llumajandusplasti j\u00e4\u00e4tmed. Silopallikile, silopalli v\u00f5rk, sidumiskile, aunakile, aluskile ja pallin\u00f6\u00f6r on p\u00f5llumajandusplast, mis peale kasutamist tuleb suunata taaskasutusse. Kuidas seda teha? \u00dchtlasi tuletame veelkord meelde, et p\u00f5llumajanduplasti j\u00e4\u00e4tmed peavad olema sorteeritud liigiti ja puhtad. J\u00e4\u00e4tmed ei tohi sisaldada v\u00f5\u00f5riseid nagu silo,muld, liiv, majapidamis-ja tootmisj\u00e4\u00e4tmeid. Samuti rehvid, kivid, betoon jms. Sisalduvad v\u00f5\u00f5rised arvestatakse eraldi ja [&hellip;]","og_url":"https:\/\/slipest.ee\/en\/jaatmekaitlus\/","og_site_name":"Slipest O\u00dc","article_modified_time":"2026-03-17T15:14:25+00:00","twitter_card":"summary_large_image","twitter_misc":{"Estimated reading time":"2 minutes"},"schema":{"@context":"https:\/\/schema.org","@graph":[{"@type":"WebPage","@id":"https:\/\/slipest.ee\/jaatmekaitlus\/","url":"https:\/\/slipest.ee\/jaatmekaitlus\/","name":"J\u00e4\u00e4tmek\u00e4itlus - Slipest O\u00dc","isPartOf":{"@id":"https:\/\/slipest.ee\/#website"},"datePublished":"2023-03-29T11:28:39+00:00","dateModified":"2026-03-17T15:14:25+00:00","breadcrumb":{"@id":"https:\/\/slipest.ee\/jaatmekaitlus\/#breadcrumb"},"inLanguage":"en-GB","potentialAction":[{"@type":"ReadAction","target":["https:\/\/slipest.ee\/jaatmekaitlus\/"]}]},{"@type":"BreadcrumbList","@id":"https:\/\/slipest.ee\/jaatmekaitlus\/#breadcrumb","itemListElement":[{"@type":"ListItem","position":1,"name":"Home","item":"https:\/\/slipest.ee\/"},{"@type":"ListItem","position":2,"name":"J\u00e4\u00e4tmek\u00e4itlus"}]},{"@type":"WebSite","@id":"https:\/\/slipest.ee\/#website","url":"https:\/\/slipest.ee\/","name":"Slipest O\u00dc","description":"","publisher":{"@id":"https:\/\/slipest.ee\/#organization"},"potentialAction":[{"@type":"SearchAction","target":{"@type":"EntryPoint","urlTemplate":"https:\/\/slipest.ee\/?s={search_term_string}"},"query-input":{"@type":"PropertyValueSpecification","valueRequired":true,"valueName":"search_term_string"}}],"inLanguage":"en-GB"},{"@type":"Organization","@id":"https:\/\/slipest.ee\/#organization","name":"Slipest O\u00dc","url":"https:\/\/slipest.ee\/","logo":{"@type":"ImageObject","inLanguage":"en-GB","@id":"https:\/\/slipest.ee\/#\/schema\/logo\/image\/","url":"https:\/\/slipest.ee\/wp-content\/uploads\/2024\/03\/cropped-c1bbbe_d14482f5eeae484aa0ebaa13ab308e28_mv2-2048x1051-1.png","contentUrl":"https:\/\/slipest.ee\/wp-content\/uploads\/2024\/03\/cropped-c1bbbe_d14482f5eeae484aa0ebaa13ab308e28_mv2-2048x1051-1.png","width":133,"height":100,"caption":"Slipest O\u00dc"},"image":{"@id":"https:\/\/slipest.ee\/#\/schema\/logo\/image\/"}}]}},"_links":{"self":[{"href":"https:\/\/slipest.ee\/en\/wp-json\/wp\/v2\/pages\/17","targetHints":{"allow":["GET"]}}],"collection":[{"href":"https:\/\/slipest.ee\/en\/wp-json\/wp\/v2\/pages"}],"about":[{"href":"https:\/\/slipest.ee\/en\/wp-json\/wp\/v2\/types\/page"}],"author":[{"embeddable":true,"href":"https:\/\/slipest.ee\/en\/wp-json\/wp\/v2\/users\/1"}],"replies":[{"embeddable":true,"href":"https:\/\/slipest.ee\/en\/wp-json\/wp\/v2\/comments?post=17"}],"version-history":[{"count":15,"href":"https:\/\/slipest.ee\/en\/wp-json\/wp\/v2\/pages\/17\/revisions"}],"predecessor-version":[{"id":560,"href":"https:\/\/slipest.ee\/en\/wp-json\/wp\/v2\/pages\/17\/revisions\/560"}],"wp:attachment":[{"href":"https:\/\/slipest.ee\/en\/wp-json\/wp\/v2\/media?parent=17"}],"curies":[{"name":"wp","href":"https:\/\/api.w.org\/{rel}","templated":true}]}}